{"id":16263,"date":"2024-10-23T16:47:01","date_gmt":"2024-10-23T14:47:01","guid":{"rendered":"https:\/\/bohemian-feathers-jewelry.fr\/?post_type=product&#038;p=16263"},"modified":"2024-10-23T16:48:50","modified_gmt":"2024-10-23T14:48:50","slug":"collier-zoisite-rubis-wolfhead","status":"publish","type":"product","link":"https:\/\/bohemian-feathers-jewelry.fr\/en\/product\/collier-zoisite-rubis-wolfhead\/","title":{"rendered":"Collier Zoisite &#038; Rubis WolfHead"},"content":{"rendered":"<p><span style=\"font-weight: 400;\">La zoisite \u00e0 rubis est une pierre de base tr\u00e8s forte, elle renforce notre enracinement et nous permet de nous tenir droit. Elle transforme les \u00e9nergies n\u00e9gatives en \u00e9nergies positives. Elle apporte la transformation des attitudes destructrices en un mode de vie constructif. Cette pierre \u00e9limine la l\u00e9thargie. Elle met en lumi\u00e8re les \u00e9motions refoul\u00e9es afin qu\u2019elles puissent \u00eatre exprim\u00e9es. De plus elle aide \u00e0 se d\u00e9faire de l\u2019influence d\u2019autrui.\u00a0<\/span><\/p>\n<p>_____________________________________<\/p>\n<p>Collier boh\u00e8me compos\u00e9 d&rsquo;une t\u00eate de loup en zoisite \u00e0 rubis mont\u00e9e sur une chaine en acier inoxydable dor\u00e9e et agr\u00e9ment\u00e9e de 6 perles en zoisite \u00e0 rubis et de 2 breloques plume.<\/p>\n<p>Longueur de chaine : 42 cm<br \/>\nLongueur du pendentif : 8 cm<br \/>\nLargeur du pendentif : 3 cm<\/p>\n<p>La t\u00eate de loup mesure 2,5 cm sur 3,5 cm.<\/p>\n<p>_______________________________________<\/p>\n<p>Les chaines des colliers peuvent \u00eatre adapt\u00e9es sur demande, plus courtes ou plus longues. Indiquez-moi la longueur souhait\u00e9e lors de la commande !<\/p>\n<p>____________________________<\/p>\n<p>Les colliers Wolfhead sont envoy\u00e9s dans de petites boites en carton et sur un lit de mousse naturelle.<br \/>\nLes frais de livraison correspondent \u00e0 un envoi en colissimo avec remise contre signature.<\/p>","protected":false},"excerpt":{"rendered":"<p>Collier boh\u00e8me compos\u00e9 d&rsquo;une t\u00eate de loup en zoisite \u00e0 rubis mont\u00e9e sur une chaine en acier inoxydable dor\u00e9e et agr\u00e9ment\u00e9e de 6 perles en zoisite \u00e0 rubis et de 2 breloques plume.<\/p>\n<p>Longueur de chaine : 42 cm<br \/>\nLongueur du pendentif : 8 cm<br \/>\nLargeur du pendentif : 3 cm<\/p>\n<p>La t\u00eate de loup mesure 2,5 cm sur 3,5 cm.<\/p>","protected":false},"featured_media":16239,"comment_status":"open","ping_status":"closed","template":"","meta":{"_monsterinsights_skip_tracking":false,"_monsterinsights_sitenote_active":false,"_monsterinsights_sitenote_note":"","_monsterinsights_sitenote_category":0,"neve_meta_sidebar":"","neve_meta_container":"","neve_meta_enable_content_width":"off","neve_meta_content_width":70,"neve_meta_title_alignment":"","neve_meta_author_avatar":"","neve_post_elements_order":"","neve_meta_disable_header":"","neve_meta_disable_footer":"","neve_meta_disable_title":""},"product_brand":[],"product_cat":[487,893],"product_tag":[76,105,79,73,112],"class_list":{"0":"post-16263","1":"product","2":"type-product","3":"status-publish","4":"has-post-thumbnail","6":"product_cat-collier-loups","7":"product_cat-wolfhead-chaine","8":"product_tag-animal_totem","9":"product_tag-collier_lithotherapie","10":"product_tag-collier_loup","11":"product_tag-loup","12":"product_tag-loup_pierre","13":"product_shipping_class-colissimo","15":"first","16":"instock","17":"shipping-taxable","18":"purchasable","19":"product-type-simple"},"jetpack_sharing_enabled":true,"_links":{"self":[{"href":"https:\/\/bohemian-feathers-jewelry.fr\/en\/wp-json\/wp\/v2\/product\/16263","targetHints":{"allow":["GET"]}}],"collection":[{"href":"https:\/\/bohemian-feathers-jewelry.fr\/en\/wp-json\/wp\/v2\/product"}],"about":[{"href":"https:\/\/bohemian-feathers-jewelry.fr\/en\/wp-json\/wp\/v2\/types\/product"}],"replies":[{"embeddable":true,"href":"https:\/\/bohemian-feathers-jewelry.fr\/en\/wp-json\/wp\/v2\/comments?post=16263"}],"version-history":[{"count":1,"href":"https:\/\/bohemian-feathers-jewelry.fr\/en\/wp-json\/wp\/v2\/product\/16263\/revisions"}],"predecessor-version":[{"id":16264,"href":"https:\/\/bohemian-feathers-jewelry.fr\/en\/wp-json\/wp\/v2\/product\/16263\/revisions\/16264"}],"wp:featuredmedia":[{"embeddable":true,"href":"https:\/\/bohemian-feathers-jewelry.fr\/en\/wp-json\/wp\/v2\/media\/16239"}],"wp:attachment":[{"href":"https:\/\/bohemian-feathers-jewelry.fr\/en\/wp-json\/wp\/v2\/media?parent=16263"}],"wp:term":[{"taxonomy":"product_brand","embeddable":true,"href":"https:\/\/bohemian-feathers-jewelry.fr\/en\/wp-json\/wp\/v2\/product_brand?post=16263"},{"taxonomy":"product_cat","embeddable":true,"href":"https:\/\/bohemian-feathers-jewelry.fr\/en\/wp-json\/wp\/v2\/product_cat?post=16263"},{"taxonomy":"product_tag","embeddable":true,"href":"https:\/\/bohemian-feathers-jewelry.fr\/en\/wp-json\/wp\/v2\/product_tag?post=16263"}],"curies":[{"name":"wp","href":"https:\/\/api.w.org\/{rel}","templated":true}]}}