{"id":1626,"date":"2020-04-06T16:04:16","date_gmt":"2020-04-06T14:04:16","guid":{"rendered":"https:\/\/bohemian-feathers-jewelry.fr\/?post_type=product&#038;p=1626"},"modified":"2020-07-25T15:10:20","modified_gmt":"2020-07-25T13:10:20","slug":"collier-dragon-blood-jasper-foxhead","status":"publish","type":"product","link":"https:\/\/bohemian-feathers-jewelry.fr\/en\/product\/collier-dragon-blood-jasper-foxhead\/","title":{"rendered":"Collier Dragon blood Jasper FoxHead"},"content":{"rendered":"<p><span style=\"font-weight: 400;\">Le Jaspe Sang de Dragon est une pierre d&rsquo;ancrage \u00e0 la nature et de gu\u00e9rison de la circulation sanguine. Il am\u00e9liore la force vitale, le courage, la force et la volont\u00e9. <\/span><span style=\"font-weight: 400;\">Le Jaspe Sang de Dragon apporte de la joie. Il aide \u00e0 atteindre ses objectifs. Il revitalise un mental \u00e9puis\u00e9. Il favorise l&rsquo;adaptation aux circonstances inhabituelles ou aux situations nouvelles.<\/span><\/p>\n<p>____________________________________<\/p>\n<p>Collier boh\u00e8me compos\u00e9 d&rsquo;une tr\u00e8s belle t\u00eate de renard en jaspe sang de dragon sculpt\u00e9e \u00e0 la main, le tout mont\u00e9 sur une chaine en laiton et agr\u00e9ment\u00e9e de 6 perles en jaspe sang de dragon.<\/p>\n<p>Longueur de chaine : 40 cm<br \/>\nLongueur du pendentif : 8 cm<br \/>\nLargeur du pendentif : 3 cm<\/p>\n<p>La t\u00eate de renard mesure 2.5 cm sur 3,5 cm.<\/p>\n<p>____________________________<\/p>\n<p>Les colliers FoxHead sont envoy\u00e9s dans de petites boites en carton et sur un lit de mousse naturelle.<br \/>\nLes frais de livraison correspondent \u00e0 un envoi en colissimo avec remise contre signature.<\/p>","protected":false},"excerpt":{"rendered":"<p>Collier boh\u00e8me compos\u00e9 d&rsquo;une tr\u00e8s belle t\u00eate de renard en jaspe sang de dragon sculpt\u00e9e \u00e0 la main, le tout mont\u00e9 sur une chaine en laiton et agr\u00e9ment\u00e9e de 6 perles en jaspe sang de dragon.<\/p>\n<p>Longueur de chaine : 40 cm<br \/>\nLongueur du pendentif : 8 cm<br \/>\nLargeur du pendentif : 3 cm<\/p>\n<p>La t\u00eate de renard mesure 2.5 cm sur 3,5 cm.<\/p>","protected":false},"featured_media":1590,"comment_status":"open","ping_status":"closed","template":"","meta":{"_monsterinsights_skip_tracking":false,"_monsterinsights_sitenote_active":false,"_monsterinsights_sitenote_note":"","_monsterinsights_sitenote_category":0,"neve_meta_sidebar":"","neve_meta_container":"","neve_meta_enable_content_width":"off","neve_meta_content_width":0,"neve_meta_title_alignment":"","neve_meta_author_avatar":"","neve_post_elements_order":"","neve_meta_disable_header":"","neve_meta_disable_footer":"","neve_meta_disable_title":""},"product_brand":[],"product_cat":[488],"product_tag":[76,106,137,105,107,16,72,136,135,108],"class_list":{"0":"post-1626","1":"product","2":"type-product","3":"status-publish","4":"has-post-thumbnail","6":"product_cat-colliers-renards-foxhead","7":"product_tag-animal_totem","8":"product_tag-collier_boheme","9":"product_tag-collier_lapis_lazuli","10":"product_tag-collier_lithotherapie","11":"product_tag-collier_renard","12":"product_tag-jewelry","13":"product_tag-necklace","14":"product_tag-renard_bleu","15":"product_tag-renard_lapis_lazuli","16":"product_tag-renard_pierre","17":"product_shipping_class-colissimo","19":"first","20":"outofstock","21":"shipping-taxable","22":"purchasable","23":"product-type-simple"},"jetpack_sharing_enabled":true,"_links":{"self":[{"href":"https:\/\/bohemian-feathers-jewelry.fr\/en\/wp-json\/wp\/v2\/product\/1626","targetHints":{"allow":["GET"]}}],"collection":[{"href":"https:\/\/bohemian-feathers-jewelry.fr\/en\/wp-json\/wp\/v2\/product"}],"about":[{"href":"https:\/\/bohemian-feathers-jewelry.fr\/en\/wp-json\/wp\/v2\/types\/product"}],"replies":[{"embeddable":true,"href":"https:\/\/bohemian-feathers-jewelry.fr\/en\/wp-json\/wp\/v2\/comments?post=1626"}],"version-history":[{"count":1,"href":"https:\/\/bohemian-feathers-jewelry.fr\/en\/wp-json\/wp\/v2\/product\/1626\/revisions"}],"predecessor-version":[{"id":1627,"href":"https:\/\/bohemian-feathers-jewelry.fr\/en\/wp-json\/wp\/v2\/product\/1626\/revisions\/1627"}],"wp:featuredmedia":[{"embeddable":true,"href":"https:\/\/bohemian-feathers-jewelry.fr\/en\/wp-json\/wp\/v2\/media\/1590"}],"wp:attachment":[{"href":"https:\/\/bohemian-feathers-jewelry.fr\/en\/wp-json\/wp\/v2\/media?parent=1626"}],"wp:term":[{"taxonomy":"product_brand","embeddable":true,"href":"https:\/\/bohemian-feathers-jewelry.fr\/en\/wp-json\/wp\/v2\/product_brand?post=1626"},{"taxonomy":"product_cat","embeddable":true,"href":"https:\/\/bohemian-feathers-jewelry.fr\/en\/wp-json\/wp\/v2\/product_cat?post=1626"},{"taxonomy":"product_tag","embeddable":true,"href":"https:\/\/bohemian-feathers-jewelry.fr\/en\/wp-json\/wp\/v2\/product_tag?post=1626"}],"curies":[{"name":"wp","href":"https:\/\/api.w.org\/{rel}","templated":true}]}}