{"id":16126,"date":"2024-10-10T18:08:00","date_gmt":"2024-10-10T16:08:00","guid":{"rendered":"https:\/\/bohemian-feathers-jewelry.fr\/?post_type=product&#038;p=16126"},"modified":"2024-10-10T18:09:26","modified_gmt":"2024-10-10T16:09:26","slug":"collier-tiger-eye-wolfhead-14","status":"publish","type":"product","link":"https:\/\/bohemian-feathers-jewelry.fr\/en\/product\/collier-tiger-eye-wolfhead-14\/","title":{"rendered":"Collier Tiger Eye WolfHead"},"content":{"rendered":"<p><span style=\"font-weight: 400;\">L&rsquo;oeil de tigre est une pierre qui donne du dynamisme, aide au contact avec autrui, encourage l&rsquo;amiti\u00e9. L&rsquo;oeil de tigre recentre l\u2019\u00e9nergie et les pens\u00e9es pour les structurer, pour leur donner une logique et de la coh\u00e9rence. Elle encourage celui qui la porte \u00e0 se d\u00e9passer et vaincre ses peurs en toute s\u00e9r\u00e9nit\u00e9. L\u2019\u0153il de tigre\u00a0 donne aussi une grande ind\u00e9pendance d\u2019esprit, de l\u2019autonomie, la libert\u00e9 de penser, avec une grande force de caract\u00e8re, de la confiance en soi et beaucoup de souplesse. Il combat les pens\u00e9es fig\u00e9es. Il permet donc d&rsquo;oser et avancer, d&rsquo;\u00e9voluer.<\/span><\/p>\n<p>____________________________<\/p>\n<p>Collier boh\u00e8me compos\u00e9 d&rsquo;une tr\u00e8s belle t\u00eate de loup en oeil de tigre mont\u00e9e sur un long cordon en cuir noir avec 2 noeuds coulissants. Le collier peut se porter ras du cou comme en sautoir.<\/p>\n<p>Longueur de cordon : 36 &#8211; 70 cm<br \/>\nDimensions de la t\u00eate : 2 x 2 cm<\/p>\n<p>____________________________<\/p>\n<p>Les colliers Wolfhead sont envoy\u00e9s dans de petites boites en carton et mousse naturelle.<br \/>\nLes frais de livraison correspondent \u00e0 un envoi en colissimo avec remise contre signature.<\/p>","protected":false},"excerpt":{"rendered":"<p>Collier boh\u00e8me compos\u00e9 d&rsquo;une tr\u00e8s belle t\u00eate de loup en oeil de tigre mont\u00e9e sur un long cordon en cuir noir avec 2 noeuds coulissants. Le collier peut se porter ras du cou comme en sautoir.<\/p>\n<p>Longueur de cordon : 36 &#8211; 70 cm<br \/>\nDimensions de la t\u00eate : 2 x 2 cm<\/p>","protected":false},"featured_media":16107,"comment_status":"open","ping_status":"closed","template":"","meta":{"_monsterinsights_skip_tracking":false,"_monsterinsights_sitenote_active":false,"_monsterinsights_sitenote_note":"","_monsterinsights_sitenote_category":0,"neve_meta_sidebar":"","neve_meta_container":"","neve_meta_enable_content_width":"off","neve_meta_content_width":70,"neve_meta_title_alignment":"","neve_meta_author_avatar":"","neve_post_elements_order":"","neve_meta_disable_header":"","neve_meta_disable_footer":"","neve_meta_disable_title":""},"product_brand":[],"product_cat":[487,894],"product_tag":[76,80,79,81,78,34,16,73,30,72,75,74],"class_list":{"0":"post-16126","1":"product","2":"type-product","3":"status-publish","4":"has-post-thumbnail","6":"product_cat-collier-loups","7":"product_cat-wolfhead-cordon","8":"product_tag-animal_totem","9":"product_tag-collier_cuir","10":"product_tag-collier_loup","11":"product_tag-collier_tete_de_loup","12":"product_tag-esprit_sauvage","13":"product_tag-foret","14":"product_tag-jewelry","15":"product_tag-loup","16":"product_tag-nature","17":"product_tag-necklace","18":"product_tag-pierre_de_gemmes","19":"product_tag-tete_de_loup","20":"product_shipping_class-colissimo","22":"first","23":"instock","24":"shipping-taxable","25":"purchasable","26":"product-type-simple"},"jetpack_sharing_enabled":true,"_links":{"self":[{"href":"https:\/\/bohemian-feathers-jewelry.fr\/en\/wp-json\/wp\/v2\/product\/16126","targetHints":{"allow":["GET"]}}],"collection":[{"href":"https:\/\/bohemian-feathers-jewelry.fr\/en\/wp-json\/wp\/v2\/product"}],"about":[{"href":"https:\/\/bohemian-feathers-jewelry.fr\/en\/wp-json\/wp\/v2\/types\/product"}],"replies":[{"embeddable":true,"href":"https:\/\/bohemian-feathers-jewelry.fr\/en\/wp-json\/wp\/v2\/comments?post=16126"}],"version-history":[{"count":1,"href":"https:\/\/bohemian-feathers-jewelry.fr\/en\/wp-json\/wp\/v2\/product\/16126\/revisions"}],"predecessor-version":[{"id":16127,"href":"https:\/\/bohemian-feathers-jewelry.fr\/en\/wp-json\/wp\/v2\/product\/16126\/revisions\/16127"}],"wp:featuredmedia":[{"embeddable":true,"href":"https:\/\/bohemian-feathers-jewelry.fr\/en\/wp-json\/wp\/v2\/media\/16107"}],"wp:attachment":[{"href":"https:\/\/bohemian-feathers-jewelry.fr\/en\/wp-json\/wp\/v2\/media?parent=16126"}],"wp:term":[{"taxonomy":"product_brand","embeddable":true,"href":"https:\/\/bohemian-feathers-jewelry.fr\/en\/wp-json\/wp\/v2\/product_brand?post=16126"},{"taxonomy":"product_cat","embeddable":true,"href":"https:\/\/bohemian-feathers-jewelry.fr\/en\/wp-json\/wp\/v2\/product_cat?post=16126"},{"taxonomy":"product_tag","embeddable":true,"href":"https:\/\/bohemian-feathers-jewelry.fr\/en\/wp-json\/wp\/v2\/product_tag?post=16126"}],"curies":[{"name":"wp","href":"https:\/\/api.w.org\/{rel}","templated":true}]}}