{"id":16114,"date":"2024-10-10T17:52:32","date_gmt":"2024-10-10T15:52:32","guid":{"rendered":"https:\/\/bohemian-feathers-jewelry.fr\/?post_type=product&#038;p=16114"},"modified":"2024-10-10T17:54:05","modified_gmt":"2024-10-10T15:54:05","slug":"collier-amazonite-wolfhead-8","status":"publish","type":"product","link":"https:\/\/bohemian-feathers-jewelry.fr\/en\/product\/collier-amazonite-wolfhead-8\/","title":{"rendered":"Collier Amazonite WolfHead"},"content":{"rendered":"<p><span style=\"font-weight: 400;\">L&rsquo;amazonite est une pierre joyeuse, id\u00e9ale pour retrouver son \u00e2me d\u2019enfant, elle \u00e9veille la joie de vivre, elle aide \u00e0 prendre les situations moins au s\u00e9rieux, elle aide \u00e0 relativiser et surtout \u00e0 vivre l\u2019instant pr\u00e9sent spontan\u00e9ment. En lithoth\u00e9rapie on l\u2019utilise le plus souvent pour ses propri\u00e9t\u00e9s l\u00e0, qui vont \u00eatre tr\u00e8s favorables pour une personnes d\u00e9pressives ou une personne qui voient le monde de mani\u00e8re n\u00e9gative. Cette pierre lutte contre les frustrations, elle augmente la communication verbale et non verbale, elle favorise la spontan\u00e9it\u00e9 et encourage le contact humain.<\/span><\/p>\n<p>____________________________<\/p>\n<p>Collier boh\u00e8me compos\u00e9 d&rsquo;une tr\u00e8s belle t\u00eate de loup en amazonite mont\u00e9e sur un long cordon en cuir marron avec 2 noeuds coulissants. Le collier peut se porter ras du cou comme en sautoir.<\/p>\n<p>Longueur de cordon : 36 &#8211; 70 cm<br \/>\nDimensions de la t\u00eate : 1,5 x 2,5 cm<\/p>\n<p>____________________________<\/p>\n<p>Les colliers Wolfhead sont envoy\u00e9s dans de petites boites en carton et mousse naturelle.<br \/>\nLes frais de livraison correspondent \u00e0 un envoi en colissimo avec remise contre signature.<\/p>","protected":false},"excerpt":{"rendered":"<p>Collier boh\u00e8me compos\u00e9 d&rsquo;une tr\u00e8s belle t\u00eate de loup en amazonite mont\u00e9e sur un long cordon en cuir marron avec 2 noeuds coulissants. Le collier peut se porter ras du cou comme en sautoir.<\/p>\n<p>Longueur de cordon : 36 &#8211; 70 cm<br \/>\nDimensions de la t\u00eate : 1,5 x 2,5 cm<\/p>","protected":false},"featured_media":16088,"comment_status":"open","ping_status":"closed","template":"","meta":{"_monsterinsights_skip_tracking":false,"_monsterinsights_sitenote_active":false,"_monsterinsights_sitenote_note":"","_monsterinsights_sitenote_category":0,"neve_meta_sidebar":"","neve_meta_container":"","neve_meta_enable_content_width":"off","neve_meta_content_width":70,"neve_meta_title_alignment":"","neve_meta_author_avatar":"","neve_post_elements_order":"","neve_meta_disable_header":"","neve_meta_disable_footer":"","neve_meta_disable_title":""},"product_brand":[],"product_cat":[487,894],"product_tag":[76,80,79,81,78,34,16,73,30,72,75,74],"class_list":{"0":"post-16114","1":"product","2":"type-product","3":"status-publish","4":"has-post-thumbnail","6":"product_cat-collier-loups","7":"product_cat-wolfhead-cordon","8":"product_tag-animal_totem","9":"product_tag-collier_cuir","10":"product_tag-collier_loup","11":"product_tag-collier_tete_de_loup","12":"product_tag-esprit_sauvage","13":"product_tag-foret","14":"product_tag-jewelry","15":"product_tag-loup","16":"product_tag-nature","17":"product_tag-necklace","18":"product_tag-pierre_de_gemmes","19":"product_tag-tete_de_loup","20":"product_shipping_class-colissimo","22":"first","23":"instock","24":"shipping-taxable","25":"purchasable","26":"product-type-simple"},"jetpack_sharing_enabled":true,"_links":{"self":[{"href":"https:\/\/bohemian-feathers-jewelry.fr\/en\/wp-json\/wp\/v2\/product\/16114","targetHints":{"allow":["GET"]}}],"collection":[{"href":"https:\/\/bohemian-feathers-jewelry.fr\/en\/wp-json\/wp\/v2\/product"}],"about":[{"href":"https:\/\/bohemian-feathers-jewelry.fr\/en\/wp-json\/wp\/v2\/types\/product"}],"replies":[{"embeddable":true,"href":"https:\/\/bohemian-feathers-jewelry.fr\/en\/wp-json\/wp\/v2\/comments?post=16114"}],"version-history":[{"count":1,"href":"https:\/\/bohemian-feathers-jewelry.fr\/en\/wp-json\/wp\/v2\/product\/16114\/revisions"}],"predecessor-version":[{"id":16115,"href":"https:\/\/bohemian-feathers-jewelry.fr\/en\/wp-json\/wp\/v2\/product\/16114\/revisions\/16115"}],"wp:featuredmedia":[{"embeddable":true,"href":"https:\/\/bohemian-feathers-jewelry.fr\/en\/wp-json\/wp\/v2\/media\/16088"}],"wp:attachment":[{"href":"https:\/\/bohemian-feathers-jewelry.fr\/en\/wp-json\/wp\/v2\/media?parent=16114"}],"wp:term":[{"taxonomy":"product_brand","embeddable":true,"href":"https:\/\/bohemian-feathers-jewelry.fr\/en\/wp-json\/wp\/v2\/product_brand?post=16114"},{"taxonomy":"product_cat","embeddable":true,"href":"https:\/\/bohemian-feathers-jewelry.fr\/en\/wp-json\/wp\/v2\/product_cat?post=16114"},{"taxonomy":"product_tag","embeddable":true,"href":"https:\/\/bohemian-feathers-jewelry.fr\/en\/wp-json\/wp\/v2\/product_tag?post=16114"}],"curies":[{"name":"wp","href":"https:\/\/api.w.org\/{rel}","templated":true}]}}