{"id":15308,"date":"2024-05-06T20:30:23","date_gmt":"2024-05-06T18:30:23","guid":{"rendered":"https:\/\/bohemian-feathers-jewelry.fr\/?post_type=product&#038;p=15308"},"modified":"2025-01-27T12:28:37","modified_gmt":"2025-01-27T11:28:37","slug":"collier-blooming-iris-tiffany-stone","status":"publish","type":"product","link":"https:\/\/bohemian-feathers-jewelry.fr\/en\/product\/collier-blooming-iris-tiffany-stone\/","title":{"rendered":"Collier Blooming Iris &#8211; Tiffany Stone"},"content":{"rendered":"<p><span style=\"font-weight: 400;\">La Tiffany stone est une pierre de s\u00e9r\u00e9nit\u00e9, dot\u00e9e d\u2019une belle et douce \u00e9nergie, cette pierre est tout \u00e0 fait indiqu\u00e9e dans les p\u00e9riodes de changements \u00e9motionnels ou mat\u00e9riels, car elle aide \u00e0 les effectuer en douceur. Elle nous est d\u2019une grande aide pour nous faciliter la travers\u00e9e des \u00e9tapes difficiles de la vie. Elle nous accompagne dans les p\u00e9riodes de changement avec douceur, et nous aide \u00e0 suivre notre c\u0153ur plut\u00f4t que notre mental qu\u2019elle apaise et dont elles \u00e9claircie les id\u00e9es. Apporte s\u00e9r\u00e9nit\u00e9 et calme, chasse la col\u00e8re pour laisser la place \u00e0 la paix int\u00e9rieure.<\/span><\/p>\n<p>_______________________________________<\/p>\n<p>Collier r\u00e9alis\u00e9 enti\u00e8rement \u00e0 la main en laiton. Un magnifique cabochon en pierre Tiffany serti dans le laiton, les contours du pendentif ont \u00e9t\u00e9 d\u00e9coup\u00e9s pour recr\u00e9er les p\u00e9tales d&rsquo;un iris. La chaine est en acier inoxydable.<\/p>\n<p>Longueur de chaine : 46 cm<br \/>\nTaille du pendentif : 3,5 x 3,5 cm<\/p>\n<p>Cr\u00e9ation 100% originale pens\u00e9e, dessin\u00e9e et fabriqu\u00e9e dans mon atelier.<\/p>\n<p>Le laiton, comme tout m\u00e9tal, s\u2019oxyde ou se ternit avec le temps, c\u2019est un m\u00e9tal vivant. Il faut donc comme n\u2019importe quel bijou en prendre soin, \u00e9viter de le laisser dans un lieu humide ou de mettre du parfum dessus. Le cot\u00e9 vieilli peut vous plaire mais si vous pr\u00e9f\u00e9rez retrouver le cot\u00e9 dor\u00e9 il reste tr\u00e8s facile \u00e0 nettoyer ! Dans votre paquet vous trouverez un petit chiffon qui en quelques frottements apportera de l\u2019\u00e9clat \u00e0 votre bijou. A ne pas appliquer sur le cot\u00e9 noirci de la cr\u00e9ation. Ce sont des pi\u00e8ces enti\u00e8rement fait-main artisanalement, de ce fait de l\u00e9g\u00e8res marques peuvent \u00eatre visibles sur l\u2019arri\u00e8re des pendentifs, ce qui ne changent en rien leur aspect une fois port\u00e9s. Chaque pi\u00e8ce est unique.<\/p>\n<p><em>\u201d Passe quelques d\u00e9fauts aux autres, rien n\u2019est parfait dans la nature ; le diamant qui a un d\u00e9faut vaut encore mieux que la pierre brute qui n\u2019en a pas. \u201d Proverbe oriental.<\/em><\/p>\n<p>_______________________________________<\/p>\n<p>Ce collier sera envoy\u00e9 dans une petite boite en carton sur un lit de mousse naturelle.<br \/>\nLes frais de livraison correspondent \u00e0 un envoi en colissimo avec remise contre signature.<\/p>\n<p>______________________________________<\/p>\n<p>Les chaines des colliers peuvent \u00eatre adapt\u00e9es sur demande, plus courtes ou plus longues. Indiquez-moi la longueur souhait\u00e9e lors de la commande !<\/p>","protected":false},"excerpt":{"rendered":"<p>Collier r\u00e9alis\u00e9 enti\u00e8rement \u00e0 la main en laiton. Un magnifique cabochon en pierre Tiffany serti dans le laiton, les contours du pendentif ont \u00e9t\u00e9 d\u00e9coup\u00e9s pour recr\u00e9er les p\u00e9tales d&rsquo;un iris. La chaine est en acier inoxydable.<\/p>\n<p>Longueur de chaine : 46 cm<br \/>\nTaille du pendentif : 3,5 x 3,5 cm<\/p>\n<p>Cr\u00e9ation 100% originale pens\u00e9e, dessin\u00e9e et fabriqu\u00e9e dans mon atelier.<\/p>","protected":false},"featured_media":15207,"comment_status":"open","ping_status":"closed","template":"","meta":{"_monsterinsights_skip_tracking":false,"_monsterinsights_sitenote_active":false,"_monsterinsights_sitenote_note":"","_monsterinsights_sitenote_category":0,"neve_meta_sidebar":"","neve_meta_container":"","neve_meta_enable_content_width":"off","neve_meta_content_width":70,"neve_meta_title_alignment":"","neve_meta_author_avatar":"","neve_post_elements_order":"","neve_meta_disable_header":"","neve_meta_disable_footer":"","neve_meta_disable_title":""},"product_brand":[],"product_cat":[964,482],"product_tag":[671,931],"class_list":{"0":"post-15308","1":"product","2":"type-product","3":"status-publish","4":"has-post-thumbnail","6":"product_cat-collection-spring-in-my-garden","7":"product_cat-colliers","8":"product_tag-fleur","9":"product_tag-iris","10":"product_shipping_class-colissimo-simple","12":"first","13":"instock","14":"shipping-taxable","15":"purchasable","16":"product-type-simple"},"jetpack_sharing_enabled":true,"_links":{"self":[{"href":"https:\/\/bohemian-feathers-jewelry.fr\/en\/wp-json\/wp\/v2\/product\/15308","targetHints":{"allow":["GET"]}}],"collection":[{"href":"https:\/\/bohemian-feathers-jewelry.fr\/en\/wp-json\/wp\/v2\/product"}],"about":[{"href":"https:\/\/bohemian-feathers-jewelry.fr\/en\/wp-json\/wp\/v2\/types\/product"}],"replies":[{"embeddable":true,"href":"https:\/\/bohemian-feathers-jewelry.fr\/en\/wp-json\/wp\/v2\/comments?post=15308"}],"version-history":[{"count":2,"href":"https:\/\/bohemian-feathers-jewelry.fr\/en\/wp-json\/wp\/v2\/product\/15308\/revisions"}],"predecessor-version":[{"id":15325,"href":"https:\/\/bohemian-feathers-jewelry.fr\/en\/wp-json\/wp\/v2\/product\/15308\/revisions\/15325"}],"wp:featuredmedia":[{"embeddable":true,"href":"https:\/\/bohemian-feathers-jewelry.fr\/en\/wp-json\/wp\/v2\/media\/15207"}],"wp:attachment":[{"href":"https:\/\/bohemian-feathers-jewelry.fr\/en\/wp-json\/wp\/v2\/media?parent=15308"}],"wp:term":[{"taxonomy":"product_brand","embeddable":true,"href":"https:\/\/bohemian-feathers-jewelry.fr\/en\/wp-json\/wp\/v2\/product_brand?post=15308"},{"taxonomy":"product_cat","embeddable":true,"href":"https:\/\/bohemian-feathers-jewelry.fr\/en\/wp-json\/wp\/v2\/product_cat?post=15308"},{"taxonomy":"product_tag","embeddable":true,"href":"https:\/\/bohemian-feathers-jewelry.fr\/en\/wp-json\/wp\/v2\/product_tag?post=15308"}],"curies":[{"name":"wp","href":"https:\/\/api.w.org\/{rel}","templated":true}]}}