{"id":15301,"date":"2024-05-06T20:30:23","date_gmt":"2024-05-06T18:30:23","guid":{"rendered":"https:\/\/bohemian-feathers-jewelry.fr\/?post_type=product&#038;p=15301"},"modified":"2025-01-27T12:28:29","modified_gmt":"2025-01-27T11:28:29","slug":"collier-little-violet","status":"publish","type":"product","link":"https:\/\/bohemian-feathers-jewelry.fr\/en\/product\/collier-little-violet\/","title":{"rendered":"Collier Little Violet"},"content":{"rendered":"<p><span style=\"font-weight: 400;\">La Charoite, est une pierre de transformation, qui permet d\u2019accepter l\u2019in\u00e9vitable, de se lib\u00e9rer de ses peurs et angoisses les plus profondes. Elle transforme le n\u00e9gatif en positif, \u00e9claircit les situations, vous soutient face \u00e0 l\u2019opposition, diminuant ainsi stress, anxi\u00e9t\u00e9s et insomnies li\u00e9es aux angoisses de la vie. Tr\u00e8s utile lors d\u2019une th\u00e9rapie. Elle d\u00e9tend, relaxe, recharge le corps, donne vigueur et spontan\u00e9it\u00e9. Elle fortifie le syst\u00e8me immunitaire, le c\u0153ur, et l\u2019intellect.<\/span><\/p>\n<p>_______________________________________<\/p>\n<p>Cette fleur de violette a \u00e9t\u00e9 d\u00e9coup\u00e9e, poin\u00e7onn\u00e9e et grav\u00e9e \u00e0 la main. Elle est accompagn\u00e9e d&rsquo;une perle en charo\u00efte. Mont\u00e9e sur une chaine en acier inoxydable dor\u00e9.<\/p>\n<p>Longueur de chaine : 46 cm<br \/>\nTaille du pendentif : 4 x 2 cm<\/p>\n<p>Cr\u00e9ation 100% originale pens\u00e9e, dessin\u00e9e et fabriqu\u00e9e dans mon atelier.<\/p>\n<p>Le laiton, comme tout m\u00e9tal, s\u2019oxyde ou se ternit avec le temps, c\u2019est un m\u00e9tal vivant. Il faut donc comme n\u2019importe quel bijou en prendre soin, \u00e9viter de le laisser dans un lieu humide ou de mettre du parfum dessus. Le cot\u00e9 vieilli peut vous plaire mais si vous pr\u00e9f\u00e9rez retrouver le cot\u00e9 dor\u00e9 il reste tr\u00e8s facile \u00e0 nettoyer ! Dans votre paquet vous trouverez un petit chiffon qui en quelques frottements apportera de l\u2019\u00e9clat \u00e0 votre bijou. A ne pas appliquer sur le cot\u00e9 noirci de la cr\u00e9ation. Ce sont des pi\u00e8ces enti\u00e8rement fait-main artisanalement, de ce fait de l\u00e9g\u00e8res marques peuvent \u00eatre visibles sur l\u2019arri\u00e8re des pendentifs, ce qui ne changent en rien leur aspect une fois port\u00e9s. Chaque pi\u00e8ce est unique.<\/p>\n<p><em>\u201cPasse quelques d\u00e9fauts aux autres, rien n\u2019est parfait dans la nature ; le diamant qui a un d\u00e9faut vaut encore mieux que la pierre brute qui n\u2019en a pas.\u201d Proverbe oriental.<\/em><\/p>\n<p>_______________________________________<\/p>\n<div class=\"woocommerce-tabs wc-tabs-wrapper\">\n<div id=\"tab-description\" class=\"woocommerce-Tabs-panel woocommerce-Tabs-panel--description panel entry-content wc-tab\" role=\"tabpanel\" aria-labelledby=\"tab-title-description\">\n<p>Ce collier sera envoy\u00e9 dans une petite boite en carton sur un lit de mousse naturelle.<br \/>\nLes frais de livraison correspondent \u00e0 un envoi en colissimo avec remise contre signature.<\/p>\n<p>______________________________________<\/p>\n<p>Les chaines des colliers peuvent \u00eatre adapt\u00e9es sur demande, plus courtes ou plus longues. Indiquez-moi la longueur souhait\u00e9e lors de la commande !<\/p>\n<\/div>\n<\/div>\n<section class=\"related products\"><\/section>","protected":false},"excerpt":{"rendered":"<p>Cette fleur de violette a \u00e9t\u00e9 d\u00e9coup\u00e9e, poin\u00e7onn\u00e9e et grav\u00e9e \u00e0 la main. Elle est accompagn\u00e9e d&rsquo;une perle en charo\u00efte. Mont\u00e9e sur une chaine en acier inoxydable dor\u00e9.<\/p>\n<p>Longueur de chaine : 46 cm<br \/>\nTaille du pendentif : 4 x 2 cm<\/p>\n<p>Cr\u00e9ation 100% originale pens\u00e9e, dessin\u00e9e et fabriqu\u00e9e dans mon atelier.<\/p>","protected":false},"featured_media":15206,"comment_status":"open","ping_status":"closed","template":"","meta":{"_monsterinsights_skip_tracking":false,"_monsterinsights_sitenote_active":false,"_monsterinsights_sitenote_note":"","_monsterinsights_sitenote_category":0,"neve_meta_sidebar":"","neve_meta_container":"","neve_meta_enable_content_width":"off","neve_meta_content_width":70,"neve_meta_title_alignment":"","neve_meta_author_avatar":"","neve_post_elements_order":"","neve_meta_disable_header":"","neve_meta_disable_footer":"","neve_meta_disable_title":""},"product_brand":[],"product_cat":[964,482],"product_tag":[675,671,677],"class_list":{"0":"post-15301","1":"product","2":"type-product","3":"status-publish","4":"has-post-thumbnail","6":"product_cat-collection-spring-in-my-garden","7":"product_cat-colliers","8":"product_tag-collier-fleur","9":"product_tag-fleur","10":"product_tag-printemps","11":"product_shipping_class-colissimo-simple","13":"first","14":"instock","15":"shipping-taxable","16":"purchasable","17":"product-type-simple"},"jetpack_sharing_enabled":true,"_links":{"self":[{"href":"https:\/\/bohemian-feathers-jewelry.fr\/en\/wp-json\/wp\/v2\/product\/15301","targetHints":{"allow":["GET"]}}],"collection":[{"href":"https:\/\/bohemian-feathers-jewelry.fr\/en\/wp-json\/wp\/v2\/product"}],"about":[{"href":"https:\/\/bohemian-feathers-jewelry.fr\/en\/wp-json\/wp\/v2\/types\/product"}],"replies":[{"embeddable":true,"href":"https:\/\/bohemian-feathers-jewelry.fr\/en\/wp-json\/wp\/v2\/comments?post=15301"}],"version-history":[{"count":2,"href":"https:\/\/bohemian-feathers-jewelry.fr\/en\/wp-json\/wp\/v2\/product\/15301\/revisions"}],"predecessor-version":[{"id":15328,"href":"https:\/\/bohemian-feathers-jewelry.fr\/en\/wp-json\/wp\/v2\/product\/15301\/revisions\/15328"}],"wp:featuredmedia":[{"embeddable":true,"href":"https:\/\/bohemian-feathers-jewelry.fr\/en\/wp-json\/wp\/v2\/media\/15206"}],"wp:attachment":[{"href":"https:\/\/bohemian-feathers-jewelry.fr\/en\/wp-json\/wp\/v2\/media?parent=15301"}],"wp:term":[{"taxonomy":"product_brand","embeddable":true,"href":"https:\/\/bohemian-feathers-jewelry.fr\/en\/wp-json\/wp\/v2\/product_brand?post=15301"},{"taxonomy":"product_cat","embeddable":true,"href":"https:\/\/bohemian-feathers-jewelry.fr\/en\/wp-json\/wp\/v2\/product_cat?post=15301"},{"taxonomy":"product_tag","embeddable":true,"href":"https:\/\/bohemian-feathers-jewelry.fr\/en\/wp-json\/wp\/v2\/product_tag?post=15301"}],"curies":[{"name":"wp","href":"https:\/\/api.w.org\/{rel}","templated":true}]}}