{"id":15296,"date":"2024-05-06T20:30:23","date_gmt":"2024-05-06T18:30:23","guid":{"rendered":"https:\/\/bohemian-feathers-jewelry.fr\/?post_type=product&#038;p=15296"},"modified":"2025-10-19T14:31:14","modified_gmt":"2025-10-19T12:31:14","slug":"boucles-doreilles-beautiful-lilac","status":"publish","type":"product","link":"https:\/\/bohemian-feathers-jewelry.fr\/en\/product\/boucles-doreilles-beautiful-lilac\/","title":{"rendered":"Boucles d&rsquo;oreilles Beautiful Lilac"},"content":{"rendered":"<p><span style=\"font-weight: 400;\">La l\u00e9pidolite apporte un sentiment de stabilit\u00e9 int\u00e9rieure, permettant de g\u00e9rer le stress et de lib\u00e9rer les angoisses. Elle donne le courage de prendre les d\u00e9cisions n\u00e9cessaires lors de situations tendues. La l\u00e9pidolite donne un sommeil paisible et r\u00e9parateur et \u00e9limine les insomnies,\u00a0 c&rsquo;est un puissant obstacle aux cauchemars. Pierre anti-stress, elle calme les \u00e9tats de tension et dissipe les craintes. Elle permet de lutter contre les \u00e9tats de tristesse chronique, le stress, l\u2019obsession, les troubles bipolaires et les sauts d\u2019humeur.\u00a0<\/span><\/p>\n<p>_______________________________________<\/p>\n<p>Boucles d\u2019oreilles r\u00e9alis\u00e9es enti\u00e8rement \u00e0 la main en laiton. Les fleurs de lilas ont \u00e9t\u00e9 d\u00e9coup\u00e9es, poin\u00e7onn\u00e9es et grav\u00e9es \u00e0 la main. Elles sont accompagn\u00e9es de tr\u00e8s belles perles en l\u00e9pidolite. Les crochets sont en laiton.<\/p>\n<p>Dimensions des boucles d\u2019oreilles : 9 x 2 cm<\/p>\n<p>Cr\u00e9ation 100% originale pens\u00e9e, dessin\u00e9e et fabriqu\u00e9e dans mon atelier.<\/p>\n<p>Le laiton, comme tout m\u00e9tal, s\u2019oxyde ou se ternit avec le temps, c\u2019est un m\u00e9tal vivant. Il faut donc comme n\u2019importe quel bijou en prendre soin, \u00e9viter de le laisser dans un lieu humide ou de mettre du parfum dessus. Le cot\u00e9 vieilli peut vous plaire mais si vous pr\u00e9f\u00e9rez retrouver le cot\u00e9 dor\u00e9 il reste tr\u00e8s facile \u00e0 nettoyer ! Dans votre paquet vous trouverez un petit chiffon qui en quelques frottements apportera de l\u2019\u00e9clat \u00e0 votre bijou. A ne pas appliquer sur le cot\u00e9 noirci de la cr\u00e9ation. Ce sont des pi\u00e8ces enti\u00e8rement fait-main artisanalement, de ce fait de l\u00e9g\u00e8res marques peuvent \u00eatre visibles sur l\u2019arri\u00e8re des pendentifs, ce qui ne changent en rien leur aspect une fois port\u00e9s. Chaque pi\u00e8ce est unique.<\/p>\n<p><em>\u201cPasse quelques d\u00e9fauts aux autres, rien n\u2019est parfait dans la nature ; le diamant qui a un d\u00e9faut vaut encore mieux que la pierre brute qui n\u2019en a pas.\u201d Proverbe oriental.<\/em><\/p>\n<p>_______________________________________<\/p>\n<p>Les crochets des boucles peuvent \u00eatre chang\u00e9s sur demande. Ici ce sont des crochets simples qui peuvent \u00eatre remplac\u00e9s par des clips pour oreilles non perc\u00e9es ou de grands crochets pour les oreilles stretch\u00e9es. N\u2019h\u00e9sitez pas \u00e0 m\u2019envoyer un message avant votre commande si vous avez la moindre question.<\/p>\n<p>_______________________________________<\/p>\n<p>Ces boucles d\u2019oreilles seront envoy\u00e9es dans un petit paquet en kraft.<\/p>","protected":false},"excerpt":{"rendered":"<p>Boucles d\u2019oreilles r\u00e9alis\u00e9es enti\u00e8rement \u00e0 la main en laiton. Les fleurs de lilas ont \u00e9t\u00e9 d\u00e9coup\u00e9es, poin\u00e7onn\u00e9es et grav\u00e9es \u00e0 la main. Elles sont accompagn\u00e9es de tr\u00e8s belles perles en l\u00e9pidolite. Les crochets sont en laiton.<\/p>\n<p>Dimensions des boucles d\u2019oreilles : 9 x 2 cm<\/p>\n<p>Cr\u00e9ation 100% originale pens\u00e9e, dessin\u00e9e et fabriqu\u00e9e dans mon atelier.<\/p>","protected":false},"featured_media":15133,"comment_status":"open","ping_status":"closed","template":"","meta":{"_monsterinsights_skip_tracking":false,"_monsterinsights_sitenote_active":false,"_monsterinsights_sitenote_note":"","_monsterinsights_sitenote_category":0,"neve_meta_sidebar":"","neve_meta_container":"","neve_meta_enable_content_width":"off","neve_meta_content_width":70,"neve_meta_title_alignment":"","neve_meta_author_avatar":"","neve_post_elements_order":"","neve_meta_disable_header":"","neve_meta_disable_footer":"","neve_meta_disable_title":""},"product_brand":[],"product_cat":[964,483],"product_tag":[965,671,966,677],"class_list":{"0":"post-15296","1":"product","2":"type-product","3":"status-publish","4":"has-post-thumbnail","6":"product_cat-collection-spring-in-my-garden","7":"product_cat-boucles-oreilles","8":"product_tag-boucles-doreilles-fleurs","9":"product_tag-fleur","10":"product_tag-lilas","11":"product_tag-printemps","12":"product_shipping_class-colissimo-simple","14":"first","15":"instock","16":"shipping-taxable","17":"purchasable","18":"product-type-simple"},"jetpack_sharing_enabled":true,"_links":{"self":[{"href":"https:\/\/bohemian-feathers-jewelry.fr\/en\/wp-json\/wp\/v2\/product\/15296","targetHints":{"allow":["GET"]}}],"collection":[{"href":"https:\/\/bohemian-feathers-jewelry.fr\/en\/wp-json\/wp\/v2\/product"}],"about":[{"href":"https:\/\/bohemian-feathers-jewelry.fr\/en\/wp-json\/wp\/v2\/types\/product"}],"replies":[{"embeddable":true,"href":"https:\/\/bohemian-feathers-jewelry.fr\/en\/wp-json\/wp\/v2\/comments?post=15296"}],"version-history":[{"count":2,"href":"https:\/\/bohemian-feathers-jewelry.fr\/en\/wp-json\/wp\/v2\/product\/15296\/revisions"}],"predecessor-version":[{"id":15330,"href":"https:\/\/bohemian-feathers-jewelry.fr\/en\/wp-json\/wp\/v2\/product\/15296\/revisions\/15330"}],"wp:featuredmedia":[{"embeddable":true,"href":"https:\/\/bohemian-feathers-jewelry.fr\/en\/wp-json\/wp\/v2\/media\/15133"}],"wp:attachment":[{"href":"https:\/\/bohemian-feathers-jewelry.fr\/en\/wp-json\/wp\/v2\/media?parent=15296"}],"wp:term":[{"taxonomy":"product_brand","embeddable":true,"href":"https:\/\/bohemian-feathers-jewelry.fr\/en\/wp-json\/wp\/v2\/product_brand?post=15296"},{"taxonomy":"product_cat","embeddable":true,"href":"https:\/\/bohemian-feathers-jewelry.fr\/en\/wp-json\/wp\/v2\/product_cat?post=15296"},{"taxonomy":"product_tag","embeddable":true,"href":"https:\/\/bohemian-feathers-jewelry.fr\/en\/wp-json\/wp\/v2\/product_tag?post=15296"}],"curies":[{"name":"wp","href":"https:\/\/api.w.org\/{rel}","templated":true}]}}