{"id":15036,"date":"2024-03-06T15:52:53","date_gmt":"2024-03-06T14:52:53","guid":{"rendered":"https:\/\/bohemian-feathers-jewelry.fr\/?post_type=product&#038;p=15036"},"modified":"2024-03-27T11:50:19","modified_gmt":"2024-03-27T10:50:19","slug":"bloc-notes-a6-50-feuilles-hibou-2","status":"publish","type":"product","link":"https:\/\/bohemian-feathers-jewelry.fr\/en\/product\/bloc-notes-a6-50-feuilles-hibou-2\/","title":{"rendered":"Bloc-notes A6 &#8211; 50 feuilles &#8211; hibou"},"content":{"rendered":"<p>Quoi de mieux que pour vous accompagner tous les jours qu&rsquo;un joli bloc-notes ?<br \/>\nLe papier n&rsquo;est pas blanc, juste un peu gris\u00e9 avec une l\u00e9g\u00e8re texture \u00ab\u00a0grain\u00e9e\u00a0\u00bb pour s&rsquo;associer parfaitement \u00e0 mes illustrations. De l\u00e9g\u00e8res lignes grises vous permettront d&rsquo;\u00e9crire droit ou de composer vos plus belles to-do lists !<\/p>\n<p>Dimensions : environ 10,5 x 14,8 cm.<br \/>\n50 feuilles 80g\/m2.<br \/>\nDos cartonn\u00e9.<br \/>\nImpression sur papier recycl\u00e9.<\/p>\n<p>_________________________________<\/p>\n<p>Le bloc-notes sera envoy\u00e9 dans une petite pochette kraft, en enveloppe cartonn\u00e9e et en envoi suivi.<\/p>","protected":false},"excerpt":{"rendered":"<p>Quoi de mieux que pour vous accompagner tous les jours qu&rsquo;un joli bloc-notes ?<br \/>\nLe papier n&rsquo;est pas blanc, juste un peu gris\u00e9 avec une l\u00e9g\u00e8re texture \u00ab\u00a0grain\u00e9e\u00a0\u00bb pour s&rsquo;associer parfaitement \u00e0 mes illustrations. De l\u00e9g\u00e8res lignes grises vous permettront d&rsquo;\u00e9crire droit ou de composer vos plus belles to-do lists !<\/p>\n<p>Dimensions : environ 10,5 x 14,8 cm.<br \/>\n50 feuilles 80g\/m2.<br \/>\nDos cartonn\u00e9.<br \/>\nImpression sur papier recycl\u00e9.<\/p>\n<p>_________________________________<\/p>\n<p>Le bloc-notes sera envoy\u00e9 dans une petite pochette kraft, en enveloppe cartonn\u00e9e et en envoi suivi.<\/p>","protected":false},"featured_media":15044,"comment_status":"open","ping_status":"closed","template":"","meta":{"_monsterinsights_skip_tracking":false,"_monsterinsights_sitenote_active":false,"_monsterinsights_sitenote_note":"","_monsterinsights_sitenote_category":0,"neve_meta_sidebar":"","neve_meta_container":"","neve_meta_enable_content_width":"off","neve_meta_content_width":70,"neve_meta_title_alignment":"","neve_meta_author_avatar":"","neve_post_elements_order":"","neve_meta_disable_header":"","neve_meta_disable_footer":"","neve_meta_disable_title":""},"product_brand":[],"product_cat":[856,693],"product_tag":[940,888,941],"class_list":{"0":"post-15036","1":"product","2":"type-product","3":"status-publish","4":"has-post-thumbnail","6":"product_cat-petit-prix","7":"product_cat-papeterie","8":"product_tag-bloc-note","9":"product_tag-hibou","10":"product_tag-papeterie","11":"product_shipping_class-envoi-suivi","13":"first","14":"instock","15":"shipping-taxable","16":"purchasable","17":"product-type-simple"},"jetpack_sharing_enabled":true,"_links":{"self":[{"href":"https:\/\/bohemian-feathers-jewelry.fr\/en\/wp-json\/wp\/v2\/product\/15036","targetHints":{"allow":["GET"]}}],"collection":[{"href":"https:\/\/bohemian-feathers-jewelry.fr\/en\/wp-json\/wp\/v2\/product"}],"about":[{"href":"https:\/\/bohemian-feathers-jewelry.fr\/en\/wp-json\/wp\/v2\/types\/product"}],"replies":[{"embeddable":true,"href":"https:\/\/bohemian-feathers-jewelry.fr\/en\/wp-json\/wp\/v2\/comments?post=15036"}],"version-history":[{"count":1,"href":"https:\/\/bohemian-feathers-jewelry.fr\/en\/wp-json\/wp\/v2\/product\/15036\/revisions"}],"predecessor-version":[{"id":15046,"href":"https:\/\/bohemian-feathers-jewelry.fr\/en\/wp-json\/wp\/v2\/product\/15036\/revisions\/15046"}],"wp:featuredmedia":[{"embeddable":true,"href":"https:\/\/bohemian-feathers-jewelry.fr\/en\/wp-json\/wp\/v2\/media\/15044"}],"wp:attachment":[{"href":"https:\/\/bohemian-feathers-jewelry.fr\/en\/wp-json\/wp\/v2\/media?parent=15036"}],"wp:term":[{"taxonomy":"product_brand","embeddable":true,"href":"https:\/\/bohemian-feathers-jewelry.fr\/en\/wp-json\/wp\/v2\/product_brand?post=15036"},{"taxonomy":"product_cat","embeddable":true,"href":"https:\/\/bohemian-feathers-jewelry.fr\/en\/wp-json\/wp\/v2\/product_cat?post=15036"},{"taxonomy":"product_tag","embeddable":true,"href":"https:\/\/bohemian-feathers-jewelry.fr\/en\/wp-json\/wp\/v2\/product_tag?post=15036"}],"curies":[{"name":"wp","href":"https:\/\/api.w.org\/{rel}","templated":true}]}}