{"id":1495,"date":"2020-03-02T14:26:42","date_gmt":"2020-03-02T13:26:42","guid":{"rendered":"https:\/\/bohemian-feathers-jewelry.fr\/?post_type=product&#038;p=1495"},"modified":"2020-03-31T23:54:39","modified_gmt":"2020-03-31T21:54:39","slug":"boucles-doreilles-bohemian-silver-gemstone-2","status":"publish","type":"product","link":"https:\/\/bohemian-feathers-jewelry.fr\/en\/product\/boucles-doreilles-bohemian-silver-gemstone-2\/","title":{"rendered":"Boucles d&rsquo;oreilles Bohemian Silver &#038; Gemstone"},"content":{"rendered":"<p><span style=\"font-weight: 400;\">La chrysocolle est une pierre calme et utile. C&rsquo;est une pierre tr\u00e8s positive, qui renforce l\u2019amiti\u00e9 en d\u00e9tournant les influences n\u00e9gatives. Elle facilite la m\u00e9ditation et la communication. Aide \u00e0 accepter les situations compliqu\u00e9es, en faisant appel \u00e0 sa force int\u00e9rieure. La chrysocolle est une pierre qui redonne confiance en soi. Elle apporte la joie gr\u00e2ce \u00e0 son pouvoir d\u2019absorber les \u00e9motions n\u00e9gatives. La chrysocolle \u00e9limine nos peurs et la n\u00e9gativit\u00e9. Elle redonne confiance \u00e0 ceux qui en manque. Elle diminue les tensions.<\/span><\/p>\n<p>__________________<\/p>\n<p>Boucles d&rsquo;oreilles en argent compos\u00e9es de perles de chrysocolle et r\u00e9galite, de perles en m\u00e9tal et de breloques \u00ab\u00a0goutte\u00a0\u00bb en plaqu\u00e9 argent.<\/p>\n<p>Toutes les boucles sont livr\u00e9es avec des embouts en silicone dans un joli sachet en kraft.<\/p>\n<p>Dimensions : 8.5 cm x 1 cm<\/p>","protected":false},"excerpt":{"rendered":"<p>Boucles d&rsquo;oreilles en argent compos\u00e9es de perles de chrysocolle et r\u00e9galite, de perles en m\u00e9tal et de breloques \u00ab\u00a0goutte\u00a0\u00bb en plaqu\u00e9 argent.<\/p>\n<p>Toutes les boucles sont livr\u00e9es avec des embouts en silicone dans un joli sachet en kraft.<\/p>\n<p>Dimensions : 8.5 cm x 1 cm<\/p>","protected":false},"featured_media":1451,"comment_status":"open","ping_status":"closed","template":"","meta":{"_monsterinsights_skip_tracking":false,"_monsterinsights_sitenote_active":false,"_monsterinsights_sitenote_note":"","_monsterinsights_sitenote_category":0,"neve_meta_sidebar":"","neve_meta_container":"","neve_meta_enable_content_width":"off","neve_meta_content_width":0,"neve_meta_title_alignment":"","neve_meta_author_avatar":"","neve_post_elements_order":"","neve_meta_disable_header":"","neve_meta_disable_footer":"","neve_meta_disable_title":""},"product_brand":[],"product_cat":[492],"product_tag":[26,18,21,20,29,27,17,16,19],"class_list":{"0":"post-1495","1":"product","2":"type-product","3":"status-publish","4":"has-post-thumbnail","6":"product_cat-boucles-oreilles-bohemes","7":"product_tag-boucles_doreilles_amethyste","8":"product_tag-boucles_doreilles_argent","9":"product_tag-boucles_doreilles_boheme","10":"product_tag-boucles_doreilles_ethniques","11":"product_tag-boucles_doreilles_gothiques","12":"product_tag-boucles_doreilles_retro","13":"product_tag-earrings","14":"product_tag-jewelry","15":"product_tag-lithotherapie","16":"product_shipping_class-envoi-suivi","18":"first","19":"outofstock","20":"shipping-taxable","21":"purchasable","22":"product-type-simple"},"jetpack_sharing_enabled":true,"_links":{"self":[{"href":"https:\/\/bohemian-feathers-jewelry.fr\/en\/wp-json\/wp\/v2\/product\/1495","targetHints":{"allow":["GET"]}}],"collection":[{"href":"https:\/\/bohemian-feathers-jewelry.fr\/en\/wp-json\/wp\/v2\/product"}],"about":[{"href":"https:\/\/bohemian-feathers-jewelry.fr\/en\/wp-json\/wp\/v2\/types\/product"}],"replies":[{"embeddable":true,"href":"https:\/\/bohemian-feathers-jewelry.fr\/en\/wp-json\/wp\/v2\/comments?post=1495"}],"version-history":[{"count":2,"href":"https:\/\/bohemian-feathers-jewelry.fr\/en\/wp-json\/wp\/v2\/product\/1495\/revisions"}],"predecessor-version":[{"id":1499,"href":"https:\/\/bohemian-feathers-jewelry.fr\/en\/wp-json\/wp\/v2\/product\/1495\/revisions\/1499"}],"wp:featuredmedia":[{"embeddable":true,"href":"https:\/\/bohemian-feathers-jewelry.fr\/en\/wp-json\/wp\/v2\/media\/1451"}],"wp:attachment":[{"href":"https:\/\/bohemian-feathers-jewelry.fr\/en\/wp-json\/wp\/v2\/media?parent=1495"}],"wp:term":[{"taxonomy":"product_brand","embeddable":true,"href":"https:\/\/bohemian-feathers-jewelry.fr\/en\/wp-json\/wp\/v2\/product_brand?post=1495"},{"taxonomy":"product_cat","embeddable":true,"href":"https:\/\/bohemian-feathers-jewelry.fr\/en\/wp-json\/wp\/v2\/product_cat?post=1495"},{"taxonomy":"product_tag","embeddable":true,"href":"https:\/\/bohemian-feathers-jewelry.fr\/en\/wp-json\/wp\/v2\/product_tag?post=1495"}],"curies":[{"name":"wp","href":"https:\/\/api.w.org\/{rel}","templated":true}]}}