{"id":14870,"date":"2024-03-01T16:24:19","date_gmt":"2024-03-01T15:24:19","guid":{"rendered":"https:\/\/bohemian-feathers-jewelry.fr\/?post_type=product&#038;p=14870"},"modified":"2024-11-26T14:38:15","modified_gmt":"2024-11-26T13:38:15","slug":"collier-pink-quartz-foxhead-9","status":"publish","type":"product","link":"https:\/\/bohemian-feathers-jewelry.fr\/en\/product\/collier-pink-quartz-foxhead-9\/","title":{"rendered":"Collier Pink Quartz FoxHead"},"content":{"rendered":"<p>Le quartz rose se d\u00e9finit depuis toujours comme la pierre du c\u0153ur, de l\u2019amour et de la paix. Il a le privil\u00e8ge de soulager les maux physiques de notre organe moteur et les troubles de notre centrale \u00e9motionnelle. Par ses vertus d\u00e9toxifiantes et calmantes, le quartz rose diffuse sa douceur sur notre organisme et dans nos relations avec autrui.<\/p>\n<p>____________________________<\/p>\n<p>Collier boh\u00e8me compos\u00e9 d&rsquo;une tr\u00e8s belle t\u00eate de renard en quartz rose mont\u00e9e sur une chaine en acier inoxydable et agr\u00e9ment\u00e9e de 6 perles en quartz rose.<\/p>\n<p>Longueur de chaine : 42 cm<br \/>\nLongueur du pendentif : 7.5 cm<br \/>\nLargeur du pendentif : 3.5 cm<\/p>\n<p>La t\u00eate de renard mesure 2.5 cm sur 3.5 cm.<\/p>\n<p>____________________________<\/p>\n<p>Les chaines des colliers peuvent \u00eatre adapt\u00e9es sur demande, plus courtes ou plus longues. Indiquez-moi la longueur souhait\u00e9e lors de la commande !<\/p>\n<p>____________________________<\/p>\n<p>Les colliers FoxHead sont envoy\u00e9s dans de petites boites en carton et sur un lit de mousse naturelle.<br \/>\nLes frais de livraison correspondent \u00e0 un envoi en colissimo avec remise contre signature.<\/p>","protected":false},"excerpt":{"rendered":"<p>Collier boh\u00e8me compos\u00e9 d&rsquo;une tr\u00e8s belle t\u00eate de renard en quartz rose mont\u00e9e sur une chaine en acier inoxydable et agr\u00e9ment\u00e9e de 6 perles en quartz rose.<\/p>\n<p>Longueur de chaine : 42 cm<br \/>\nLongueur du pendentif : 7.5 cm<br \/>\nLargeur du pendentif : 3.5 cm<\/p>\n<p>La t\u00eate de renard mesure 2.5 cm sur 3.5 cm.<\/p>","protected":false},"featured_media":14856,"comment_status":"open","ping_status":"closed","template":"","meta":{"_monsterinsights_skip_tracking":false,"_monsterinsights_sitenote_active":false,"_monsterinsights_sitenote_note":"","_monsterinsights_sitenote_category":0,"neve_meta_sidebar":"","neve_meta_container":"","neve_meta_enable_content_width":"off","neve_meta_content_width":70,"neve_meta_title_alignment":"","neve_meta_author_avatar":"","neve_post_elements_order":"","neve_meta_disable_header":"","neve_meta_disable_footer":"","neve_meta_disable_title":""},"product_brand":[],"product_cat":[488,895],"product_tag":[76,106,105,107,108],"class_list":{"0":"post-14870","1":"product","2":"type-product","3":"status-publish","4":"has-post-thumbnail","6":"product_cat-colliers-renards-foxhead","7":"product_cat-foxhead-chaine","8":"product_tag-animal_totem","9":"product_tag-collier_boheme","10":"product_tag-collier_lithotherapie","11":"product_tag-collier_renard","12":"product_tag-renard_pierre","13":"product_shipping_class-colissimo","15":"first","16":"outofstock","17":"shipping-taxable","18":"purchasable","19":"product-type-simple"},"jetpack_sharing_enabled":true,"_links":{"self":[{"href":"https:\/\/bohemian-feathers-jewelry.fr\/en\/wp-json\/wp\/v2\/product\/14870","targetHints":{"allow":["GET"]}}],"collection":[{"href":"https:\/\/bohemian-feathers-jewelry.fr\/en\/wp-json\/wp\/v2\/product"}],"about":[{"href":"https:\/\/bohemian-feathers-jewelry.fr\/en\/wp-json\/wp\/v2\/types\/product"}],"replies":[{"embeddable":true,"href":"https:\/\/bohemian-feathers-jewelry.fr\/en\/wp-json\/wp\/v2\/comments?post=14870"}],"version-history":[{"count":1,"href":"https:\/\/bohemian-feathers-jewelry.fr\/en\/wp-json\/wp\/v2\/product\/14870\/revisions"}],"predecessor-version":[{"id":14871,"href":"https:\/\/bohemian-feathers-jewelry.fr\/en\/wp-json\/wp\/v2\/product\/14870\/revisions\/14871"}],"wp:featuredmedia":[{"embeddable":true,"href":"https:\/\/bohemian-feathers-jewelry.fr\/en\/wp-json\/wp\/v2\/media\/14856"}],"wp:attachment":[{"href":"https:\/\/bohemian-feathers-jewelry.fr\/en\/wp-json\/wp\/v2\/media?parent=14870"}],"wp:term":[{"taxonomy":"product_brand","embeddable":true,"href":"https:\/\/bohemian-feathers-jewelry.fr\/en\/wp-json\/wp\/v2\/product_brand?post=14870"},{"taxonomy":"product_cat","embeddable":true,"href":"https:\/\/bohemian-feathers-jewelry.fr\/en\/wp-json\/wp\/v2\/product_cat?post=14870"},{"taxonomy":"product_tag","embeddable":true,"href":"https:\/\/bohemian-feathers-jewelry.fr\/en\/wp-json\/wp\/v2\/product_tag?post=14870"}],"curies":[{"name":"wp","href":"https:\/\/api.w.org\/{rel}","templated":true}]}}