{"id":14796,"date":"2024-02-20T20:01:47","date_gmt":"2024-02-20T19:01:47","guid":{"rendered":"https:\/\/bohemian-feathers-jewelry.fr\/?post_type=product&#038;p=14796"},"modified":"2024-03-06T17:43:55","modified_gmt":"2024-03-06T16:43:55","slug":"collier-aurora-under-the-stars-labradorite","status":"publish","type":"product","link":"https:\/\/bohemian-feathers-jewelry.fr\/en\/product\/collier-aurora-under-the-stars-labradorite\/","title":{"rendered":"Collier Aurora under the Stars &#8211; labradorite"},"content":{"rendered":"<p><span style=\"font-weight: 400;\">La labradorite est une puissante pierre de protection incontournable faisant office de bouclier. Reflet des couleurs c\u00e9lestes, la gemme vous prot\u00e8ge des mauvaises influences d\u2019autrui et vous n\u2019avez plus \u00e0 craindre que l\u2019on vous fasse souffrir. La labradorite joue \u00e9galement un r\u00f4le d\u2019\u00e9ponge puisqu\u2019elle absorbe toutes les \u00e9nergies n\u00e9gatives et les chagrins des autres pour finalement les dissoudre toutes les pollutions mentales, aussi bien celles que vous \u00e9mettez que celles qui sont dirig\u00e9es vers vous.<\/span><\/p>\n<p>_______________________________________<\/p>\n<p>Collier r\u00e9alis\u00e9 enti\u00e8rement \u00e0 la main en laiton. Un magnifique cabochon en labradorite serti dans le laiton, des billes et \u00e9toiles en laiton ont \u00e9t\u00e9 dispos\u00e9es sous la pierre et la patine apporte texture et relief au pendentif. L&rsquo;arri\u00e8re est ajour\u00e9 et des sapins enneig\u00e9s ont \u00e9t\u00e9 grav\u00e9s pour cr\u00e9er une sc\u00e8ne pour mieux observer l&rsquo;aurore bor\u00e9ale qui sort de la pierre. La chaine est en acier inoxydable.<\/p>\n<p>Longueur de chaine : 46 cm<br \/>\nTaille du pendentif : 3 x 2 cm<\/p>\n<p>Cr\u00e9ation 100% originale pens\u00e9e, dessin\u00e9e et fabriqu\u00e9e dans mon atelier.<\/p>\n<p>Le laiton, comme tout m\u00e9tal, s\u2019oxyde ou se ternit avec le temps, c\u2019est un m\u00e9tal vivant. Il faut donc comme n\u2019importe quel bijou en prendre soin, \u00e9viter de le laisser dans un lieu humide ou de mettre du parfum dessus. Le cot\u00e9 vieilli peut vous plaire mais si vous pr\u00e9f\u00e9rez retrouver le cot\u00e9 dor\u00e9 il reste tr\u00e8s facile \u00e0 nettoyer ! Dans votre paquet vous trouverez un petit chiffon qui en quelques frottements apportera de l\u2019\u00e9clat \u00e0 votre bijou. A ne pas appliquer sur le cot\u00e9 noirci de la cr\u00e9ation. Ce sont des pi\u00e8ces enti\u00e8rement fait-main artisanalement, de ce fait de l\u00e9g\u00e8res marques peuvent \u00eatre visibles sur l\u2019arri\u00e8re des pendentifs, ce qui ne changent en rien leur aspect une fois port\u00e9s. Chaque pi\u00e8ce est unique.<\/p>\n<p><em>\u201d Passe quelques d\u00e9fauts aux autres, rien n\u2019est parfait dans la nature ; le diamant qui a un d\u00e9faut vaut encore mieux que la pierre brute qui n\u2019en a pas. \u201d Proverbe oriental.<\/em><\/p>\n<p>_______________________________________<\/p>\n<p>Ce collier sera envoy\u00e9 dans une petite boite en carton sur un lit de mousse naturelle.<br \/>\nLes frais de livraison correspondent \u00e0 un envoi en colissimo avec remise contre signature.<\/p>\n<p>______________________________________<\/p>\n<p>Les chaines des colliers peuvent \u00eatre adapt\u00e9es sur demande, plus courtes ou plus longues. Indiquez-moi la longueur souhait\u00e9e lors de la commande !<\/p>","protected":false},"excerpt":{"rendered":"<p>Collier r\u00e9alis\u00e9 enti\u00e8rement \u00e0 la main en laiton. Un magnifique cabochon en labradorite serti dans le laiton, des billes et \u00e9toiles en laiton ont \u00e9t\u00e9 dispos\u00e9es sous la pierre et la patine apporte texture et relief au pendentif. L&rsquo;arri\u00e8re est ajour\u00e9 et des sapins enneig\u00e9s ont \u00e9t\u00e9 grav\u00e9s pour cr\u00e9er une sc\u00e8ne pour mieux observer l&rsquo;aurore bor\u00e9ale qui sort de la pierre. La chaine est en acier inoxydable.<\/p>\n<p>Longueur de chaine : 46 cm<br \/>\nTaille du pendentif : 3 x 2 cm<\/p>\n<p>Cr\u00e9ation 100% originale pens\u00e9e, dessin\u00e9e et fabriqu\u00e9e dans mon atelier.<\/p>","protected":false},"featured_media":14689,"comment_status":"open","ping_status":"closed","template":"","meta":{"_monsterinsights_skip_tracking":false,"_monsterinsights_sitenote_active":false,"_monsterinsights_sitenote_note":"","_monsterinsights_sitenote_category":0,"neve_meta_sidebar":"","neve_meta_container":"","neve_meta_enable_content_width":"off","neve_meta_content_width":70,"neve_meta_title_alignment":"","neve_meta_author_avatar":"","neve_post_elements_order":"","neve_meta_disable_header":"","neve_meta_disable_footer":"","neve_meta_disable_title":""},"product_brand":[],"product_cat":[953,482],"product_tag":[959,956,82,331],"class_list":{"0":"post-14796","1":"product","2":"type-product","3":"status-publish","4":"has-post-thumbnail","6":"product_cat-collection-winter-in-lapland","7":"product_cat-colliers","8":"product_tag-aurore-boreale","9":"product_tag-hiver","10":"product_tag-labradorite","11":"product_tag-neige","12":"product_shipping_class-colissimo","14":"first","15":"outofstock","16":"shipping-taxable","17":"purchasable","18":"product-type-simple"},"jetpack_sharing_enabled":true,"_links":{"self":[{"href":"https:\/\/bohemian-feathers-jewelry.fr\/en\/wp-json\/wp\/v2\/product\/14796","targetHints":{"allow":["GET"]}}],"collection":[{"href":"https:\/\/bohemian-feathers-jewelry.fr\/en\/wp-json\/wp\/v2\/product"}],"about":[{"href":"https:\/\/bohemian-feathers-jewelry.fr\/en\/wp-json\/wp\/v2\/types\/product"}],"replies":[{"embeddable":true,"href":"https:\/\/bohemian-feathers-jewelry.fr\/en\/wp-json\/wp\/v2\/comments?post=14796"}],"version-history":[{"count":1,"href":"https:\/\/bohemian-feathers-jewelry.fr\/en\/wp-json\/wp\/v2\/product\/14796\/revisions"}],"predecessor-version":[{"id":14797,"href":"https:\/\/bohemian-feathers-jewelry.fr\/en\/wp-json\/wp\/v2\/product\/14796\/revisions\/14797"}],"wp:featuredmedia":[{"embeddable":true,"href":"https:\/\/bohemian-feathers-jewelry.fr\/en\/wp-json\/wp\/v2\/media\/14689"}],"wp:attachment":[{"href":"https:\/\/bohemian-feathers-jewelry.fr\/en\/wp-json\/wp\/v2\/media?parent=14796"}],"wp:term":[{"taxonomy":"product_brand","embeddable":true,"href":"https:\/\/bohemian-feathers-jewelry.fr\/en\/wp-json\/wp\/v2\/product_brand?post=14796"},{"taxonomy":"product_cat","embeddable":true,"href":"https:\/\/bohemian-feathers-jewelry.fr\/en\/wp-json\/wp\/v2\/product_cat?post=14796"},{"taxonomy":"product_tag","embeddable":true,"href":"https:\/\/bohemian-feathers-jewelry.fr\/en\/wp-json\/wp\/v2\/product_tag?post=14796"}],"curies":[{"name":"wp","href":"https:\/\/api.w.org\/{rel}","templated":true}]}}