{"id":14788,"date":"2024-02-20T20:00:48","date_gmt":"2024-02-20T19:00:48","guid":{"rendered":"https:\/\/bohemian-feathers-jewelry.fr\/?post_type=product&#038;p=14788"},"modified":"2025-10-19T14:34:47","modified_gmt":"2025-10-19T12:34:47","slug":"collier-winter-talisman-agate-dendritique","status":"publish","type":"product","link":"https:\/\/bohemian-feathers-jewelry.fr\/en\/product\/collier-winter-talisman-agate-dendritique\/","title":{"rendered":"Collier Winter Talisman &#8211; agate dendritique"},"content":{"rendered":"<p><span style=\"font-weight: 400;\">L&rsquo;agate dendritique est une pierre tr\u00e8s douce, est particuli\u00e8rement active sur le moral, le manque d&rsquo;amour de soi, utile en cas de c\u0153ur triste, et de tendance \u00e0 abandonner la vie. Elle neutralise tout ce qui est stagnant et qui nous empoisonne, sur le plan \u00e9motionnel. Elle aide aussi \u00e0 se d\u00e9barrasser de la culpabilit\u00e9, de la honte. Elle permet de faire la paix avec nous-m\u00eame. Elle renforce notre lien \u00e0 la terre, nous aide \u00e0 communiquer et \u00e0 avoir une pens\u00e9e logique.<\/span><\/p>\n<p>_______________________________________<\/p>\n<p>Collier r\u00e9alis\u00e9 enti\u00e8rement \u00e0 la main en laiton. Un magnifique cabochon en agate dendritique serti dans le laiton, l&rsquo;arri\u00e8re du pendentif a \u00e9t\u00e9 poin\u00e7onn\u00e9 de flocons et les contours travaill\u00e9s pour donner un aspect brut au pendentif. La chaine est en acier inoxydable.<\/p>\n<p>Longueur de chaine : 48 cm<br \/>\nTaille du pendentif : 3,5 x 2,5 cm<\/p>\n<p>Cr\u00e9ation 100% originale pens\u00e9e, dessin\u00e9e et fabriqu\u00e9e dans mon atelier.<\/p>\n<p>Le laiton, comme tout m\u00e9tal, s\u2019oxyde ou se ternit avec le temps, c\u2019est un m\u00e9tal vivant. Il faut donc comme n\u2019importe quel bijou en prendre soin, \u00e9viter de le laisser dans un lieu humide ou de mettre du parfum dessus. Le cot\u00e9 vieilli peut vous plaire mais si vous pr\u00e9f\u00e9rez retrouver le cot\u00e9 dor\u00e9 il reste tr\u00e8s facile \u00e0 nettoyer ! Dans votre paquet vous trouverez un petit chiffon qui en quelques frottements apportera de l\u2019\u00e9clat \u00e0 votre bijou. A ne pas appliquer sur le cot\u00e9 noirci de la cr\u00e9ation. Ce sont des pi\u00e8ces enti\u00e8rement fait-main artisanalement, de ce fait de l\u00e9g\u00e8res marques peuvent \u00eatre visibles sur l\u2019arri\u00e8re des pendentifs, ce qui ne changent en rien leur aspect une fois port\u00e9s. Chaque pi\u00e8ce est unique.<\/p>\n<p><em>\u201d Passe quelques d\u00e9fauts aux autres, rien n\u2019est parfait dans la nature ; le diamant qui a un d\u00e9faut vaut encore mieux que la pierre brute qui n\u2019en a pas. \u201d Proverbe oriental.<\/em><\/p>\n<p>_______________________________________<\/p>\n<p>Ce collier sera envoy\u00e9 dans une petite boite en carton sur un lit de mousse naturelle.<br \/>\nLes frais de livraison correspondent \u00e0 un envoi en colissimo avec remise contre signature.<\/p>\n<p>______________________________________<\/p>\n<p>Les chaines des colliers peuvent \u00eatre adapt\u00e9es sur demande, plus courtes ou plus longues. Indiquez-moi la longueur souhait\u00e9e lors de la commande !<\/p>","protected":false},"excerpt":{"rendered":"<p>Collier r\u00e9alis\u00e9 enti\u00e8rement \u00e0 la main en laiton. Un magnifique cabochon en agate dendritique serti dans le laiton, l&rsquo;arri\u00e8re du pendentif a \u00e9t\u00e9 poin\u00e7onn\u00e9 de flocons et les contours travaill\u00e9s pour donner un aspect brut au pendentif. La chaine est en acier inoxydable.<\/p>\n<p>Longueur de chaine : 48 cm<br \/>\nTaille du pendentif : 3,5 x 2,5 cm<\/p>\n<p>Cr\u00e9ation 100% originale pens\u00e9e, dessin\u00e9e et fabriqu\u00e9e dans mon atelier.<\/p>","protected":false},"featured_media":14680,"comment_status":"open","ping_status":"closed","template":"","meta":{"_monsterinsights_skip_tracking":false,"_monsterinsights_sitenote_active":false,"_monsterinsights_sitenote_note":"","_monsterinsights_sitenote_category":0,"neve_meta_sidebar":"","neve_meta_container":"","neve_meta_enable_content_width":"off","neve_meta_content_width":70,"neve_meta_title_alignment":"","neve_meta_author_avatar":"","neve_post_elements_order":"","neve_meta_disable_header":"","neve_meta_disable_footer":"","neve_meta_disable_title":""},"product_brand":[],"product_cat":[953,482],"product_tag":[385,955,956,331],"class_list":{"0":"post-14788","1":"product","2":"type-product","3":"status-publish","4":"has-post-thumbnail","6":"product_cat-collection-winter-in-lapland","7":"product_cat-colliers","8":"product_tag-agate","9":"product_tag-flocon","10":"product_tag-hiver","11":"product_tag-neige","12":"product_shipping_class-colissimo","14":"first","15":"instock","16":"shipping-taxable","17":"purchasable","18":"product-type-simple"},"jetpack_sharing_enabled":true,"_links":{"self":[{"href":"https:\/\/bohemian-feathers-jewelry.fr\/en\/wp-json\/wp\/v2\/product\/14788","targetHints":{"allow":["GET"]}}],"collection":[{"href":"https:\/\/bohemian-feathers-jewelry.fr\/en\/wp-json\/wp\/v2\/product"}],"about":[{"href":"https:\/\/bohemian-feathers-jewelry.fr\/en\/wp-json\/wp\/v2\/types\/product"}],"replies":[{"embeddable":true,"href":"https:\/\/bohemian-feathers-jewelry.fr\/en\/wp-json\/wp\/v2\/comments?post=14788"}],"version-history":[{"count":1,"href":"https:\/\/bohemian-feathers-jewelry.fr\/en\/wp-json\/wp\/v2\/product\/14788\/revisions"}],"predecessor-version":[{"id":14789,"href":"https:\/\/bohemian-feathers-jewelry.fr\/en\/wp-json\/wp\/v2\/product\/14788\/revisions\/14789"}],"wp:featuredmedia":[{"embeddable":true,"href":"https:\/\/bohemian-feathers-jewelry.fr\/en\/wp-json\/wp\/v2\/media\/14680"}],"wp:attachment":[{"href":"https:\/\/bohemian-feathers-jewelry.fr\/en\/wp-json\/wp\/v2\/media?parent=14788"}],"wp:term":[{"taxonomy":"product_brand","embeddable":true,"href":"https:\/\/bohemian-feathers-jewelry.fr\/en\/wp-json\/wp\/v2\/product_brand?post=14788"},{"taxonomy":"product_cat","embeddable":true,"href":"https:\/\/bohemian-feathers-jewelry.fr\/en\/wp-json\/wp\/v2\/product_cat?post=14788"},{"taxonomy":"product_tag","embeddable":true,"href":"https:\/\/bohemian-feathers-jewelry.fr\/en\/wp-json\/wp\/v2\/product_tag?post=14788"}],"curies":[{"name":"wp","href":"https:\/\/api.w.org\/{rel}","templated":true}]}}