{"id":14773,"date":"2024-02-20T20:00:48","date_gmt":"2024-02-20T19:00:48","guid":{"rendered":"https:\/\/bohemian-feathers-jewelry.fr\/?post_type=product&#038;p=14773"},"modified":"2025-01-27T12:37:21","modified_gmt":"2025-01-27T11:37:21","slug":"bague-frozen-shore-agate-dendritique","status":"publish","type":"product","link":"https:\/\/bohemian-feathers-jewelry.fr\/en\/product\/bague-frozen-shore-agate-dendritique\/","title":{"rendered":"Bague Frozen Shore &#8211; agate dendritique"},"content":{"rendered":"<p><span style=\"font-weight: 400;\">L&rsquo;agate dendritique est une pierre tr\u00e8s douce, est particuli\u00e8rement active sur le moral, le manque d&rsquo;amour de soi, utile en cas de c\u0153ur triste, et de tendance \u00e0 abandonner la vie. Elle neutralise tout ce qui est stagnant et qui nous empoisonne, sur le plan \u00e9motionnel. Elle aide aussi \u00e0 se d\u00e9barrasser de la culpabilit\u00e9, de la honte. Elle permet de faire la paix avec nous-m\u00eame. Elle renforce notre lien \u00e0 la terre, nous aide \u00e0 communiquer et \u00e0 avoir une pens\u00e9e logique.<\/span><\/p>\n<p>_____________________________________<\/p>\n<p>Bague r\u00e9alis\u00e9e enti\u00e8rement \u00e0 la main en laiton avec un magnifique cabochon en agate dendritique taill\u00e9e en forme de poire. Des flocons ont \u00e9t\u00e9 poin\u00e7onn\u00e9 \u00e0 l&rsquo;arri\u00e8re de la pierre et tout le long de la bande. L&rsquo;anneau est ouvert pour vous permettre de r\u00e9gler la bague \u00e0 la taille de votre doigt. Le tout a \u00e9t\u00e9 patin\u00e9 pour apporter contraste et texture.<\/p>\n<p>Taille de la pierre : 1,5 x 1,2 cm<br \/>\nBague r\u00e9glable. Taille minimale de la bague : 58FR<\/p>\n<p>Cr\u00e9ation 100% originale pens\u00e9e, dessin\u00e9e et fabriqu\u00e9e dans mon atelier.<\/p>\n<p>Le laiton, comme tout m\u00e9tal, s\u2019oxyde ou se ternit avec le temps, c\u2019est un m\u00e9tal vivant. Il faut donc comme n\u2019importe quel bijou en prendre soin, \u00e9viter de le laisser dans un lieu humide ou de mettre du parfum dessus. Le cot\u00e9 vieilli peut vous plaire mais si vous pr\u00e9f\u00e9rez retrouver le cot\u00e9 dor\u00e9 il reste tr\u00e8s facile \u00e0 nettoyer ! Dans votre paquet vous trouverez un petit chiffon qui en quelques frottements apportera de l\u2019\u00e9clat \u00e0 votre bijou. A ne pas appliquer sur le cot\u00e9 noirci de la cr\u00e9ation. Ce sont des pi\u00e8ces enti\u00e8rement fait-main artisanalement, de ce fait de l\u00e9g\u00e8res marques peuvent \u00eatre visibles, ce qui ne changent en rien leur aspect une fois port\u00e9s. Chaque pi\u00e8ce est unique.<\/p>\n<p><em>\u201cPasse quelques d\u00e9fauts aux autres, rien n\u2019est parfait dans la nature ; le diamant qui a un d\u00e9faut vaut encore mieux que la pierre brute qui n\u2019en a pas.\u201d Proverbe oriental.<\/em><\/p>\n<p>_______________________________________<\/p>\n<p>Cette bague sera envoy\u00e9e dans une petite boite en carton sur lit de mousse naturelle.<\/p>","protected":false},"excerpt":{"rendered":"<p>Bague r\u00e9alis\u00e9e enti\u00e8rement \u00e0 la main en laiton avec un magnifique cabochon en agate dendritique taill\u00e9e en forme de poire. Des flocons ont \u00e9t\u00e9 poin\u00e7onn\u00e9 \u00e0 l&rsquo;arri\u00e8re de la pierre et tout le long de la bande. L&rsquo;anneau est ouvert pour vous permettre de r\u00e9gler la bague \u00e0 la taille de votre doigt. Le tout a \u00e9t\u00e9 patin\u00e9 pour apporter contraste et texture.<\/p>\n<p>Taille de la pierre : 1,5 x 1,2 cm<br \/>\nBague r\u00e9glable. Taille minimale de la bague : 58FR<\/p>\n<p>Cr\u00e9ation 100% originale pens\u00e9e, dessin\u00e9e et fabriqu\u00e9e dans mon atelier.<\/p>","protected":false},"featured_media":14642,"comment_status":"open","ping_status":"closed","template":"","meta":{"_monsterinsights_skip_tracking":false,"_monsterinsights_sitenote_active":false,"_monsterinsights_sitenote_note":"","_monsterinsights_sitenote_category":0,"neve_meta_sidebar":"","neve_meta_container":"","neve_meta_enable_content_width":"off","neve_meta_content_width":70,"neve_meta_title_alignment":"","neve_meta_author_avatar":"","neve_post_elements_order":"","neve_meta_disable_header":"","neve_meta_disable_footer":"","neve_meta_disable_title":""},"product_brand":[],"product_cat":[536,953,493],"product_tag":[623,956,331],"class_list":{"0":"post-14773","1":"product","2":"type-product","3":"status-publish","4":"has-post-thumbnail","6":"product_cat-promo","7":"product_cat-collection-winter-in-lapland","8":"product_cat-bagues","9":"product_tag-bague","10":"product_tag-hiver","11":"product_tag-neige","12":"product_shipping_class-colissimo","14":"first","15":"instock","16":"sale","17":"shipping-taxable","18":"purchasable","19":"product-type-simple"},"jetpack_sharing_enabled":true,"_links":{"self":[{"href":"https:\/\/bohemian-feathers-jewelry.fr\/en\/wp-json\/wp\/v2\/product\/14773","targetHints":{"allow":["GET"]}}],"collection":[{"href":"https:\/\/bohemian-feathers-jewelry.fr\/en\/wp-json\/wp\/v2\/product"}],"about":[{"href":"https:\/\/bohemian-feathers-jewelry.fr\/en\/wp-json\/wp\/v2\/types\/product"}],"replies":[{"embeddable":true,"href":"https:\/\/bohemian-feathers-jewelry.fr\/en\/wp-json\/wp\/v2\/comments?post=14773"}],"version-history":[{"count":3,"href":"https:\/\/bohemian-feathers-jewelry.fr\/en\/wp-json\/wp\/v2\/product\/14773\/revisions"}],"predecessor-version":[{"id":14778,"href":"https:\/\/bohemian-feathers-jewelry.fr\/en\/wp-json\/wp\/v2\/product\/14773\/revisions\/14778"}],"wp:featuredmedia":[{"embeddable":true,"href":"https:\/\/bohemian-feathers-jewelry.fr\/en\/wp-json\/wp\/v2\/media\/14642"}],"wp:attachment":[{"href":"https:\/\/bohemian-feathers-jewelry.fr\/en\/wp-json\/wp\/v2\/media?parent=14773"}],"wp:term":[{"taxonomy":"product_brand","embeddable":true,"href":"https:\/\/bohemian-feathers-jewelry.fr\/en\/wp-json\/wp\/v2\/product_brand?post=14773"},{"taxonomy":"product_cat","embeddable":true,"href":"https:\/\/bohemian-feathers-jewelry.fr\/en\/wp-json\/wp\/v2\/product_cat?post=14773"},{"taxonomy":"product_tag","embeddable":true,"href":"https:\/\/bohemian-feathers-jewelry.fr\/en\/wp-json\/wp\/v2\/product_tag?post=14773"}],"curies":[{"name":"wp","href":"https:\/\/api.w.org\/{rel}","templated":true}]}}