{"id":14746,"date":"2024-02-20T20:00:01","date_gmt":"2024-02-20T19:00:01","guid":{"rendered":"https:\/\/bohemian-feathers-jewelry.fr\/?post_type=product&#038;p=14746"},"modified":"2024-02-20T20:00:01","modified_gmt":"2024-02-20T19:00:01","slug":"carnet-reindeer-carnet-ligne-50-pages","status":"publish","type":"product","link":"https:\/\/bohemian-feathers-jewelry.fr\/en\/product\/carnet-reindeer-carnet-ligne-50-pages\/","title":{"rendered":"Carnet Reindeer &#8211; carnet lign\u00e9 50 pages"},"content":{"rendered":"<p>L\u2019animal qu\u2019on croise le plus en Laponie, outre les chiens de tra\u00eeneau, c\u2019est le renne. Ce n\u2019est pas pour rien que le P\u00e8re No\u00ebl y a install\u00e9 ses quartiers ! C\u2019est donc un bois de renne que j\u2019ai grav\u00e9 dans une plaque de lino avec laquelle j\u2019ai tamponn\u00e9 ce carnet de notes. J\u2019y ai ensuite trac\u00e9 un cadre que j\u2019ai ensuite rempli \u00e0 l\u2019aquarelle, pour lui donner les couleurs magiques du ciel lapon.<\/p>\n<p>______________________________<\/p>\n<p>Carnet au format A5<br \/>\n50 pages lign\u00e9es<br \/>\nLinogravure et peinture faite main sur la couverture<\/p>","protected":false},"excerpt":{"rendered":"<p>L\u2019animal qu\u2019on croise le plus en Laponie, outre les chiens de tra\u00eeneau, c\u2019est le renne. Ce n\u2019est pas pour rien que le P\u00e8re No\u00ebl y a install\u00e9 ses quartiers ! C\u2019est donc un bois de renne que j\u2019ai grav\u00e9 dans une plaque de lino avec laquelle j\u2019ai tamponn\u00e9 ce carnet de notes. J\u2019y ai ensuite trac\u00e9 un cadre que j\u2019ai ensuite rempli \u00e0 l\u2019aquarelle, pour lui donner les couleurs magiques du ciel lapon.<\/p>\n<p>______________________________<\/p>\n<p>Carnet au format A5<br \/>\n50 pages lign\u00e9es<br \/>\nLinogravure et peinture faite main sur la couverture<\/p>","protected":false},"featured_media":14620,"comment_status":"open","ping_status":"closed","template":"","meta":{"_monsterinsights_skip_tracking":false,"_monsterinsights_sitenote_active":false,"_monsterinsights_sitenote_note":"","_monsterinsights_sitenote_category":0,"neve_meta_sidebar":"","neve_meta_container":"","neve_meta_enable_content_width":"off","neve_meta_content_width":70,"neve_meta_title_alignment":"","neve_meta_author_avatar":"","neve_post_elements_order":"","neve_meta_disable_header":"","neve_meta_disable_footer":"","neve_meta_disable_title":""},"product_brand":[],"product_cat":[953,693],"product_tag":[],"class_list":{"0":"post-14746","1":"product","2":"type-product","3":"status-publish","4":"has-post-thumbnail","6":"product_cat-collection-winter-in-lapland","7":"product_cat-papeterie","8":"product_shipping_class-envoi-suivi","10":"first","11":"instock","12":"shipping-taxable","13":"purchasable","14":"product-type-simple"},"jetpack_sharing_enabled":true,"_links":{"self":[{"href":"https:\/\/bohemian-feathers-jewelry.fr\/en\/wp-json\/wp\/v2\/product\/14746","targetHints":{"allow":["GET"]}}],"collection":[{"href":"https:\/\/bohemian-feathers-jewelry.fr\/en\/wp-json\/wp\/v2\/product"}],"about":[{"href":"https:\/\/bohemian-feathers-jewelry.fr\/en\/wp-json\/wp\/v2\/types\/product"}],"replies":[{"embeddable":true,"href":"https:\/\/bohemian-feathers-jewelry.fr\/en\/wp-json\/wp\/v2\/comments?post=14746"}],"version-history":[{"count":1,"href":"https:\/\/bohemian-feathers-jewelry.fr\/en\/wp-json\/wp\/v2\/product\/14746\/revisions"}],"predecessor-version":[{"id":14747,"href":"https:\/\/bohemian-feathers-jewelry.fr\/en\/wp-json\/wp\/v2\/product\/14746\/revisions\/14747"}],"wp:featuredmedia":[{"embeddable":true,"href":"https:\/\/bohemian-feathers-jewelry.fr\/en\/wp-json\/wp\/v2\/media\/14620"}],"wp:attachment":[{"href":"https:\/\/bohemian-feathers-jewelry.fr\/en\/wp-json\/wp\/v2\/media?parent=14746"}],"wp:term":[{"taxonomy":"product_brand","embeddable":true,"href":"https:\/\/bohemian-feathers-jewelry.fr\/en\/wp-json\/wp\/v2\/product_brand?post=14746"},{"taxonomy":"product_cat","embeddable":true,"href":"https:\/\/bohemian-feathers-jewelry.fr\/en\/wp-json\/wp\/v2\/product_cat?post=14746"},{"taxonomy":"product_tag","embeddable":true,"href":"https:\/\/bohemian-feathers-jewelry.fr\/en\/wp-json\/wp\/v2\/product_tag?post=14746"}],"curies":[{"name":"wp","href":"https:\/\/api.w.org\/{rel}","templated":true}]}}