{"id":14389,"date":"2024-01-07T16:47:42","date_gmt":"2024-01-07T15:47:42","guid":{"rendered":"https:\/\/bohemian-feathers-jewelry.fr\/?post_type=product&#038;p=14389"},"modified":"2024-09-29T09:03:56","modified_gmt":"2024-09-29T07:03:56","slug":"collier-pink-opal-heart-argente","status":"publish","type":"product","link":"https:\/\/bohemian-feathers-jewelry.fr\/en\/product\/collier-pink-opal-heart-argente\/","title":{"rendered":"Collier Pink Opal Heart &#8211; argent\u00e9"},"content":{"rendered":"<p><span style=\"font-weight: 400;\">L&rsquo;opale rose des Andes est un excellent support de gu\u00e9rison des souffrances \u00e9motionnelles. Elle emp\u00eache l\u2019apathie et la l\u00e9thargie. Elle est utile aux personnes complex\u00e9es par leur image ou par les critiques d\u2019autrui, trop exigeantes envers elles-m\u00eames, perfectionnistes, voir tyranniques. L\u2019opale rose leur apprend \u00e0 s\u2019aimer et \u00e0 s\u2019accepter telles qu&rsquo;elles sont.<\/span><\/p>\n<p>______________________________________<\/p>\n<div class=\"woocommerce-tabs wc-tabs-wrapper\">\n<div id=\"tab-description\" class=\"woocommerce-Tabs-panel woocommerce-Tabs-panel--description panel entry-content wc-tab\" role=\"tabpanel\" aria-labelledby=\"tab-title-description\">\n<p>Collier boh\u00e8me compos\u00e9 d\u2019une opale rose sculpt\u00e9e en forme de coeur mont\u00e9e sur une chaine en acier inoxydable.<\/p>\n<p>Longueur de chaine : 46 cm<br \/>\nDimensions du pendentif : 1,5 x 1,5 cm<\/p>\n<p>______________________________________<\/p>\n<p>Ce collier sera envoy\u00e9 dans une petite boite en carton avec mousse naturelle.<br \/>\nLes frais de livraison correspondent \u00e0 un envoi en colissimo.<\/p>\n<\/div>\n<\/div>","protected":false},"excerpt":{"rendered":"<p>Collier boh\u00e8me compos\u00e9 d\u2019une opale rose sculpt\u00e9e en forme de coeur mont\u00e9e sur une chaine en acier inoxydable.<\/p>\n<p>Longueur de chaine : 46 cm<br \/>\nDimensions du pendentif : 1,5 x 1,5 cm<\/p>\n<p>______________________________________<\/p>\n<p>Ce collier sera envoy\u00e9 dans une petite boite en carton avec mousse naturelle.<br \/>\nLes frais de livraison correspondent \u00e0 un envoi en colissimo.<\/p>","protected":false},"featured_media":14356,"comment_status":"open","ping_status":"closed","template":"","meta":{"_monsterinsights_skip_tracking":false,"_monsterinsights_sitenote_active":false,"_monsterinsights_sitenote_note":"","_monsterinsights_sitenote_category":0,"neve_meta_sidebar":"","neve_meta_container":"","neve_meta_enable_content_width":"off","neve_meta_content_width":70,"neve_meta_title_alignment":"","neve_meta_author_avatar":"","neve_post_elements_order":"","neve_meta_disable_header":"","neve_meta_disable_footer":"","neve_meta_disable_title":""},"product_brand":[],"product_cat":[482,485,490],"product_tag":[429,831,676],"class_list":{"0":"post-14389","1":"product","2":"type-product","3":"status-publish","4":"has-post-thumbnail","6":"product_cat-colliers","7":"product_cat-colliers-bohemes","8":"product_cat-colliers-healing-stone","9":"product_tag-coeur","10":"product_tag-collier-nature","11":"product_tag-opale-rose","12":"product_shipping_class-colissimo-simple","14":"first","15":"instock","16":"shipping-taxable","17":"purchasable","18":"product-type-simple"},"jetpack_sharing_enabled":true,"_links":{"self":[{"href":"https:\/\/bohemian-feathers-jewelry.fr\/en\/wp-json\/wp\/v2\/product\/14389","targetHints":{"allow":["GET"]}}],"collection":[{"href":"https:\/\/bohemian-feathers-jewelry.fr\/en\/wp-json\/wp\/v2\/product"}],"about":[{"href":"https:\/\/bohemian-feathers-jewelry.fr\/en\/wp-json\/wp\/v2\/types\/product"}],"replies":[{"embeddable":true,"href":"https:\/\/bohemian-feathers-jewelry.fr\/en\/wp-json\/wp\/v2\/comments?post=14389"}],"version-history":[{"count":2,"href":"https:\/\/bohemian-feathers-jewelry.fr\/en\/wp-json\/wp\/v2\/product\/14389\/revisions"}],"predecessor-version":[{"id":14392,"href":"https:\/\/bohemian-feathers-jewelry.fr\/en\/wp-json\/wp\/v2\/product\/14389\/revisions\/14392"}],"wp:featuredmedia":[{"embeddable":true,"href":"https:\/\/bohemian-feathers-jewelry.fr\/en\/wp-json\/wp\/v2\/media\/14356"}],"wp:attachment":[{"href":"https:\/\/bohemian-feathers-jewelry.fr\/en\/wp-json\/wp\/v2\/media?parent=14389"}],"wp:term":[{"taxonomy":"product_brand","embeddable":true,"href":"https:\/\/bohemian-feathers-jewelry.fr\/en\/wp-json\/wp\/v2\/product_brand?post=14389"},{"taxonomy":"product_cat","embeddable":true,"href":"https:\/\/bohemian-feathers-jewelry.fr\/en\/wp-json\/wp\/v2\/product_cat?post=14389"},{"taxonomy":"product_tag","embeddable":true,"href":"https:\/\/bohemian-feathers-jewelry.fr\/en\/wp-json\/wp\/v2\/product_tag?post=14389"}],"curies":[{"name":"wp","href":"https:\/\/api.w.org\/{rel}","templated":true}]}}