{"id":14304,"date":"2024-01-07T14:08:04","date_gmt":"2024-01-07T13:08:04","guid":{"rendered":"https:\/\/bohemian-feathers-jewelry.fr\/?post_type=product&#038;p=14304"},"modified":"2024-01-25T14:39:46","modified_gmt":"2024-01-25T13:39:46","slug":"bracelet-healing-stone-jaspe-sang-de-dragon-bronze-taille-s","status":"publish","type":"product","link":"https:\/\/bohemian-feathers-jewelry.fr\/en\/product\/bracelet-healing-stone-jaspe-sang-de-dragon-bronze-taille-s\/","title":{"rendered":"Bracelet Healing Stone &#8211; Jaspe Sang de Dragon &#8211; bronze &#8211; taille S"},"content":{"rendered":"<p><span style=\"font-weight: 400;\">Le Jaspe Sang de Dragon est une pierre d&rsquo;ancrage \u00e0 la nature et de gu\u00e9rison de la circulation sanguine. Il am\u00e9liore la force vitale, le courage, la force et la volont\u00e9. Le Jaspe Sang de Dragon apporte de la joie. Il aide \u00e0 atteindre ses objectifs. Il revitalise un mental \u00e9puis\u00e9. Il favorise l&rsquo;adaptation aux circonstances inhabituelles ou aux situations nouvelles.<\/span><\/p>\n<p>________________________________________<\/p>\n<p>Bracelet \u00e9lastique compos\u00e9 de perles en bois de santal, de perles en jaspe et de perles en bronze.<\/p>\n<p>Pour des poignets de 15-17 cm de diam\u00e8tre.<\/p>\n<p>Toutes les bracelets sont livr\u00e9es dans un joli sachet en kraft.<\/p>","protected":false},"excerpt":{"rendered":"<p>Bracelet \u00e9lastique compos\u00e9 de perles en bois de santal, de perles en jaspe et de perles en bronze.<\/p>\n<p>Pour des poignets de 15-17 cm de diam\u00e8tre.<\/p>\n<p>Toutes les bracelets sont livr\u00e9es dans un joli sachet en kraft.<\/p>","protected":false},"featured_media":14280,"comment_status":"open","ping_status":"closed","template":"","meta":{"_monsterinsights_skip_tracking":false,"_monsterinsights_sitenote_active":false,"_monsterinsights_sitenote_note":"","_monsterinsights_sitenote_category":0,"neve_meta_sidebar":"","neve_meta_container":"","neve_meta_enable_content_width":"off","neve_meta_content_width":70,"neve_meta_title_alignment":"","neve_meta_author_avatar":"","neve_post_elements_order":"","neve_meta_disable_header":"","neve_meta_disable_footer":"","neve_meta_disable_title":""},"product_brand":[],"product_cat":[856,484],"product_tag":[122,273,19,75],"class_list":{"0":"post-14304","1":"product","2":"type-product","3":"status-publish","4":"has-post-thumbnail","6":"product_cat-petit-prix","7":"product_cat-bracelets","8":"product_tag-bracelet","9":"product_tag-bracelet_elastique","10":"product_tag-lithotherapie","11":"product_tag-pierre_de_gemmes","12":"product_shipping_class-envoi-suivi","14":"first","15":"outofstock","16":"shipping-taxable","17":"purchasable","18":"product-type-simple"},"jetpack_sharing_enabled":true,"_links":{"self":[{"href":"https:\/\/bohemian-feathers-jewelry.fr\/en\/wp-json\/wp\/v2\/product\/14304","targetHints":{"allow":["GET"]}}],"collection":[{"href":"https:\/\/bohemian-feathers-jewelry.fr\/en\/wp-json\/wp\/v2\/product"}],"about":[{"href":"https:\/\/bohemian-feathers-jewelry.fr\/en\/wp-json\/wp\/v2\/types\/product"}],"replies":[{"embeddable":true,"href":"https:\/\/bohemian-feathers-jewelry.fr\/en\/wp-json\/wp\/v2\/comments?post=14304"}],"version-history":[{"count":1,"href":"https:\/\/bohemian-feathers-jewelry.fr\/en\/wp-json\/wp\/v2\/product\/14304\/revisions"}],"predecessor-version":[{"id":14305,"href":"https:\/\/bohemian-feathers-jewelry.fr\/en\/wp-json\/wp\/v2\/product\/14304\/revisions\/14305"}],"wp:featuredmedia":[{"embeddable":true,"href":"https:\/\/bohemian-feathers-jewelry.fr\/en\/wp-json\/wp\/v2\/media\/14280"}],"wp:attachment":[{"href":"https:\/\/bohemian-feathers-jewelry.fr\/en\/wp-json\/wp\/v2\/media?parent=14304"}],"wp:term":[{"taxonomy":"product_brand","embeddable":true,"href":"https:\/\/bohemian-feathers-jewelry.fr\/en\/wp-json\/wp\/v2\/product_brand?post=14304"},{"taxonomy":"product_cat","embeddable":true,"href":"https:\/\/bohemian-feathers-jewelry.fr\/en\/wp-json\/wp\/v2\/product_cat?post=14304"},{"taxonomy":"product_tag","embeddable":true,"href":"https:\/\/bohemian-feathers-jewelry.fr\/en\/wp-json\/wp\/v2\/product_tag?post=14304"}],"curies":[{"name":"wp","href":"https:\/\/api.w.org\/{rel}","templated":true}]}}