{"id":14250,"date":"2024-01-04T18:27:14","date_gmt":"2024-01-04T17:27:14","guid":{"rendered":"https:\/\/bohemian-feathers-jewelry.fr\/?post_type=product&#038;p=14250"},"modified":"2024-01-08T17:14:12","modified_gmt":"2024-01-08T16:14:12","slug":"boucles-doreilles-bohemes-picasso-jasper-feathers-3","status":"publish","type":"product","link":"https:\/\/bohemian-feathers-jewelry.fr\/en\/product\/boucles-doreilles-bohemes-picasso-jasper-feathers-3\/","title":{"rendered":"Boucles d&rsquo;oreilles boh\u00e8mes Picasso Jasper Feathers"},"content":{"rendered":"<p><span style=\"font-weight: 400;\">Sur le plan psychique et spirituel, le jaspe Picasso est une pierre d\u2019initiative et de courage. Conf\u00e9rant imagination et esprit d\u2019aventure, elle aiguise les sens et encourage \u00e0 l\u2019action pour atteindre ses buts. Le jaspe Picasso aide \u00e0 consacrer les \u00e9nergies du corps et de l\u2019esprit pour aller au bout de ses aspirations dans la vie quotidienne ainsi que ceux de la vie spirituelle. Pierre d\u2019authenticit\u00e9 et sinc\u00e9rit\u00e9, elle aide \u00e0 rester fid\u00e8le \u00e0 soi-m\u00eame et \u00e0 ses propres principes de vie.<\/span><\/p>\n<p><span style=\"font-weight: 400;\">En tant que pierre terrestre, le jaspe Picasso puise son \u00e9nergie dans la terre-m\u00e8re pour revitaliser les centres \u00e9nerg\u00e9tiques corporels. Pierre de cr\u00e9ativit\u00e9, elle est favorable aux artistes cherchant l\u2019inspiration. Les ondes positives du jaspe Picasso favorisent naturellement les \u00e9lans de compassion et d\u2019entraide.<\/span><\/p>\n<p>__________________<\/p>\n<p>Boucles d&rsquo;oreilles compos\u00e9es de 2 magnifiques jaspe Picasso sculpt\u00e9es en forme de plumes, de 4 perles en jaspe, de perles et s\u00e9parateurs en laiton.<br \/>\nPierre naturelle.<\/p>\n<p>Toutes les boucles sont livr\u00e9es avec des embouts en silicone dans un joli sachet en kraft.<\/p>\n<p>Dimensions : 7,5 cm x 1,5 cm<\/p>\n<p>_______________________________<\/p>\n<p>Les crochets des boucles peuvent \u00eatre chang\u00e9s sur demande. Ici ce sont des crochets simples qui peuvent \u00eatre remplac\u00e9s par des clips pour oreilles non perc\u00e9es ou de grands crochets pour les oreilles stretch\u00e9es. N&rsquo;h\u00e9sitez pas \u00e0 m&rsquo;envoyer un message avant votre commande si vous avez la moindre question.<\/p>","protected":false},"excerpt":{"rendered":"<p>Boucles d&rsquo;oreilles compos\u00e9es de 2 magnifiques jaspe Picasso sculpt\u00e9es en forme de plumes, de 4 perles en jaspe, de perles et s\u00e9parateurs en laiton.<br \/>\nPierre naturelle.<\/p>\n<p>Toutes les boucles sont livr\u00e9es avec des embouts en silicone dans un joli sachet en kraft.<\/p>\n<p>Dimensions : 7,5 cm x 1,5 cm<\/p>\n<p>_______________________________<\/p>\n<p>Les crochets des boucles peuvent \u00eatre chang\u00e9s sur demande. Ici ce sont des crochets simples qui peuvent \u00eatre remplac\u00e9s par des clips pour oreilles non perc\u00e9es ou de grands crochets pour les oreilles stretch\u00e9es. N&rsquo;h\u00e9sitez pas \u00e0 m&rsquo;envoyer un message avant votre commande si vous avez la moindre question.<\/p>","protected":false},"featured_media":14222,"comment_status":"open","ping_status":"closed","template":"","meta":{"_monsterinsights_skip_tracking":false,"_monsterinsights_sitenote_active":false,"_monsterinsights_sitenote_note":"","_monsterinsights_sitenote_category":0,"neve_meta_sidebar":"","neve_meta_container":"","neve_meta_enable_content_width":"off","neve_meta_content_width":70,"neve_meta_title_alignment":"","neve_meta_author_avatar":"","neve_post_elements_order":"","neve_meta_disable_header":"","neve_meta_disable_footer":"","neve_meta_disable_title":""},"product_brand":[],"product_cat":[483,684],"product_tag":[53,30,52],"class_list":{"0":"post-14250","1":"product","2":"type-product","3":"status-publish","4":"has-post-thumbnail","6":"product_cat-boucles-oreilles","7":"product_cat-boucles-doreilles-bohemian-feathers","8":"product_tag-boucles_doreilles_navajo","9":"product_tag-nature","10":"product_tag-plume_navajo","11":"product_shipping_class-envoi-suivi","13":"first","14":"instock","15":"shipping-taxable","16":"purchasable","17":"product-type-simple"},"jetpack_sharing_enabled":true,"_links":{"self":[{"href":"https:\/\/bohemian-feathers-jewelry.fr\/en\/wp-json\/wp\/v2\/product\/14250","targetHints":{"allow":["GET"]}}],"collection":[{"href":"https:\/\/bohemian-feathers-jewelry.fr\/en\/wp-json\/wp\/v2\/product"}],"about":[{"href":"https:\/\/bohemian-feathers-jewelry.fr\/en\/wp-json\/wp\/v2\/types\/product"}],"replies":[{"embeddable":true,"href":"https:\/\/bohemian-feathers-jewelry.fr\/en\/wp-json\/wp\/v2\/comments?post=14250"}],"version-history":[{"count":1,"href":"https:\/\/bohemian-feathers-jewelry.fr\/en\/wp-json\/wp\/v2\/product\/14250\/revisions"}],"predecessor-version":[{"id":14251,"href":"https:\/\/bohemian-feathers-jewelry.fr\/en\/wp-json\/wp\/v2\/product\/14250\/revisions\/14251"}],"wp:featuredmedia":[{"embeddable":true,"href":"https:\/\/bohemian-feathers-jewelry.fr\/en\/wp-json\/wp\/v2\/media\/14222"}],"wp:attachment":[{"href":"https:\/\/bohemian-feathers-jewelry.fr\/en\/wp-json\/wp\/v2\/media?parent=14250"}],"wp:term":[{"taxonomy":"product_brand","embeddable":true,"href":"https:\/\/bohemian-feathers-jewelry.fr\/en\/wp-json\/wp\/v2\/product_brand?post=14250"},{"taxonomy":"product_cat","embeddable":true,"href":"https:\/\/bohemian-feathers-jewelry.fr\/en\/wp-json\/wp\/v2\/product_cat?post=14250"},{"taxonomy":"product_tag","embeddable":true,"href":"https:\/\/bohemian-feathers-jewelry.fr\/en\/wp-json\/wp\/v2\/product_tag?post=14250"}],"curies":[{"name":"wp","href":"https:\/\/api.w.org\/{rel}","templated":true}]}}