{"id":14034,"date":"2023-11-22T15:20:39","date_gmt":"2023-11-22T14:20:39","guid":{"rendered":"https:\/\/bohemian-feathers-jewelry.fr\/?post_type=product&#038;p=14034"},"modified":"2024-02-12T10:47:06","modified_gmt":"2024-02-12T09:47:06","slug":"calendrier-2024-wild-animals-1-illustration","status":"publish","type":"product","link":"https:\/\/bohemian-feathers-jewelry.fr\/en\/product\/calendrier-2024-wild-animals-1-illustration\/","title":{"rendered":"Calendrier 2024 &#8211; Wild Animals &#8211; simplifi\u00e9 &#8211; 1 illustration"},"content":{"rendered":"<p>C&rsquo;est le retour du calendrier ! Nous voici partis pour 2024 !<\/p>\n<p>Voici la version simplifi\u00e9 (et petit budget) du calendrier 2024 Wild Animals.<\/p>\n<p>Le calendrier est au format A4 ferm\u00e9, A3 lorsqu&rsquo;il est accroch\u00e9 au mur, l&rsquo;illustration est imprim\u00e9 sur papier Canson \u00e9pais, les 12 mois de l&rsquo;ann\u00e9e sont eux imprim\u00e9s sur papier 90gr. \u00c0 la fin de chaque mois il suffit de retirer la page du mois \u00e9coul\u00e9.<\/p>\n<p>\u00c0 vous de choisir l&rsquo;illustration que vous souhaitez pour votre calendrier. <strong><em>(Attention il n&rsquo;y aura qu&rsquo;une seule page \u00ab\u00a0illustrations\u00a0\u00bb pour ce calendrier simplifi\u00e9, pour avoir les 12 illustrations : il faut se procurer le <a href=\"https:\/\/bohemian-feathers-jewelry.fr\/en\/product\/calendrier-2024-wild-animals\/\">Calendrier 2024<\/a>).<\/em><\/strong><\/p>\n<p>_________________________________<\/p>\n<p><strong>Attention ! Pr\u00e9voir une semaine de d\u00e9lai avant l&rsquo;envoi de votre commande : chaque calendrier est imprim\u00e9 et assembl\u00e9 \u00e0 la main, par moi-m\u00eame !<\/strong><\/p>\n<p>Format pli\u00e9 : 21 x 29,7cm environ<br \/>\nFormat ouvert : 29,7 x 43 cm environ<br \/>\nImpression Jet d&rsquo;encre sur Papier Canson 200gr et papier 90gr<br \/>\nReliure en plastique blanc<br \/>\nUne pince \u00e0 dessin vous est offerte avec chaque calendrier, elle vous permettra de le suspendre sans avoir \u00e0 le trouer avec une punaise, de quoi pr\u00e9server les dessins si vous souhaitez les encadrer \u00e0 la fin de l&rsquo;ann\u00e9e !<\/p>\n<p>_________________________________<\/p>\n<p>Les envois se font en enveloppes cartonn\u00e9es en lettre suivie.<\/p>","protected":false},"excerpt":{"rendered":"<p>C&rsquo;est le retour du calendrier ! Nous voici partis pour 2024 !<\/p>\n<p>Voici la version simplifi\u00e9 (et petit budget) du calendrier 2024 Wild Animals.<\/p>\n<p>Le calendrier est au format A4 ferm\u00e9, A3 lorsqu&rsquo;il est accroch\u00e9 au mur, l&rsquo;illustration est imprim\u00e9 sur papier Canson \u00e9pais, les 12 mois de l&rsquo;ann\u00e9e sont eux imprim\u00e9s sur papier 90gr. \u00c0 la fin de chaque mois il suffit de retirer la page du mois \u00e9coul\u00e9.<\/p>\n<p>\u00c0 vous de choisir l&rsquo;illustration que vous souhaitez pour votre calendrier. <strong><em>(Attention il n&rsquo;y aura qu&rsquo;une seule page \u00ab\u00a0illustrations\u00a0\u00bb pour ce calendrier simplifi\u00e9, pour avoir les 12 illustrations : il faut se procurer le <\/em><\/strong><strong><em><a href=\"https:\/\/bohemian-feathers-jewelry.fr\/en\/product\/calendrier-2024-wild-animals\/\">Calendrier 2024<\/a><\/em><\/strong><strong><em>).<\/em><\/strong><\/p>\n<p>_________________________________<\/p>\n<p><strong>Attention ! Pr\u00e9voir une semaine de d\u00e9lai avant l&rsquo;envoi de votre commande : chaque calendrier est imprim\u00e9 et assembl\u00e9 \u00e0 la main, par moi-m\u00eame !<\/strong><\/p>\n<p>Format pli\u00e9 : 21 x 29,7cm environ<\/p>\n<p>Format ouvert : 29,7 x 43 cm environ<\/p>\n<p>Impression Jet d&rsquo;encre sur Papier Canson 200gr et papier 90gr<\/p>\n<p>Reliure en plastique blanc<\/p>\n<p>Une pince \u00e0 dessin vous est offerte avec chaque calendrier, elle vous permettra de le suspendre sans avoir \u00e0 le trouer avec une punaise, de quoi pr\u00e9server les dessins si vous souhaitez les encadrer \u00e0 la fin de l&rsquo;ann\u00e9e !<\/p>\n<p>_________________________________<\/p>\n<p>Les envois se font en enveloppes cartonn\u00e9es en lettre suivie.<\/p>","protected":false},"featured_media":14028,"comment_status":"open","ping_status":"closed","template":"","meta":{"_monsterinsights_skip_tracking":false,"_monsterinsights_sitenote_active":false,"_monsterinsights_sitenote_note":"","_monsterinsights_sitenote_category":0,"neve_meta_sidebar":"","neve_meta_container":"","neve_meta_enable_content_width":"off","neve_meta_content_width":70,"neve_meta_title_alignment":"","neve_meta_author_avatar":"","neve_post_elements_order":"","neve_meta_disable_header":"","neve_meta_disable_footer":"","neve_meta_disable_title":""},"product_brand":[],"product_cat":[856,511,926,693],"product_tag":[922,923,924,925],"class_list":{"0":"post-14034","1":"product","2":"type-product","3":"status-publish","4":"has-post-thumbnail","6":"product_cat-petit-prix","7":"product_cat-illustrations","8":"product_cat-animaux","9":"product_cat-papeterie","10":"product_tag-calendrier","11":"product_tag-calendrier_2024","12":"product_tag-illustrations-animaux","13":"product_tag-illustrations-botaniques","14":"product_shipping_class-envoi-suivi","16":"first","17":"outofstock","18":"shipping-taxable","19":"purchasable","20":"product-type-variable"},"jetpack_sharing_enabled":true,"_links":{"self":[{"href":"https:\/\/bohemian-feathers-jewelry.fr\/en\/wp-json\/wp\/v2\/product\/14034","targetHints":{"allow":["GET"]}}],"collection":[{"href":"https:\/\/bohemian-feathers-jewelry.fr\/en\/wp-json\/wp\/v2\/product"}],"about":[{"href":"https:\/\/bohemian-feathers-jewelry.fr\/en\/wp-json\/wp\/v2\/types\/product"}],"replies":[{"embeddable":true,"href":"https:\/\/bohemian-feathers-jewelry.fr\/en\/wp-json\/wp\/v2\/comments?post=14034"}],"version-history":[{"count":6,"href":"https:\/\/bohemian-feathers-jewelry.fr\/en\/wp-json\/wp\/v2\/product\/14034\/revisions"}],"predecessor-version":[{"id":14480,"href":"https:\/\/bohemian-feathers-jewelry.fr\/en\/wp-json\/wp\/v2\/product\/14034\/revisions\/14480"}],"wp:featuredmedia":[{"embeddable":true,"href":"https:\/\/bohemian-feathers-jewelry.fr\/en\/wp-json\/wp\/v2\/media\/14028"}],"wp:attachment":[{"href":"https:\/\/bohemian-feathers-jewelry.fr\/en\/wp-json\/wp\/v2\/media?parent=14034"}],"wp:term":[{"taxonomy":"product_brand","embeddable":true,"href":"https:\/\/bohemian-feathers-jewelry.fr\/en\/wp-json\/wp\/v2\/product_brand?post=14034"},{"taxonomy":"product_cat","embeddable":true,"href":"https:\/\/bohemian-feathers-jewelry.fr\/en\/wp-json\/wp\/v2\/product_cat?post=14034"},{"taxonomy":"product_tag","embeddable":true,"href":"https:\/\/bohemian-feathers-jewelry.fr\/en\/wp-json\/wp\/v2\/product_tag?post=14034"}],"curies":[{"name":"wp","href":"https:\/\/api.w.org\/{rel}","templated":true}]}}