{"id":13645,"date":"2023-10-14T15:37:23","date_gmt":"2023-10-14T13:37:23","guid":{"rendered":"https:\/\/bohemian-feathers-jewelry.fr\/?post_type=product&#038;p=13645"},"modified":"2023-10-14T15:38:23","modified_gmt":"2023-10-14T13:38:23","slug":"boucles-doreilles-bohemes-agate-leaves-2","status":"publish","type":"product","link":"https:\/\/bohemian-feathers-jewelry.fr\/en\/product\/boucles-doreilles-bohemes-agate-leaves-2\/","title":{"rendered":"Boucles d&rsquo;oreilles boh\u00e8mes Agate Leaves"},"content":{"rendered":"<p><span style=\"font-weight: 400;\">L&rsquo;agate stabilise, s\u00e9curise, gu\u00e9rit les c\u0153urs bris\u00e9s, apaise. Elle \u00e9vacue la n\u00e9gativit\u00e9 et facilite la capacit\u00e9 de prendre des d\u00e9cisions. L&rsquo;Agate permet d\u2019enlever la col\u00e8re int\u00e9rieure. Elle a pour r\u00f4le de dissiper tous les \u00e9l\u00e9ments int\u00e9rieurement perturbant et chocs \u00e9motionnels pour instaurer un sentiment de s\u00e9curit\u00e9.<\/span><\/p>\n<p>__________________<\/p>\n<p>Boucles d&rsquo;oreilles compos\u00e9es de 2 magnifiques agates sculpt\u00e9es en forme de feuilles mont\u00e9es sur une fine chaine en acier inoxydable dor\u00e9.<br \/>\nPierre naturelle. Crochets en acier inoxydable dor\u00e9.<\/p>\n<p>Toutes les boucles sont livr\u00e9es avec des embouts en silicone dans un joli sachet en kraft.<\/p>\n<p>Dimensions : 6 cm x 1 cm<\/p>\n<p>_______________________________<\/p>\n<p>Les crochets des boucles peuvent \u00eatre chang\u00e9s sur demande. Ici ce sont des crochets simples qui peuvent \u00eatre remplac\u00e9s par des clips pour oreilles non perc\u00e9es ou de grands crochets pour les oreilles stretch\u00e9es. N&rsquo;h\u00e9sitez pas \u00e0 m&rsquo;envoyer un message avant votre commande si vous avez la moindre question.<\/p>","protected":false},"excerpt":{"rendered":"<p>Boucles d&rsquo;oreilles compos\u00e9es de 2 magnifiques agates sculpt\u00e9es en forme de feuilles mont\u00e9es sur une fine chaine en acier inoxydable dor\u00e9.<br \/>\nPierre naturelle. Crochets en acier inoxydable dor\u00e9.<\/p>\n<p>Toutes les boucles sont livr\u00e9es avec des embouts en silicone dans un joli sachet en kraft.<\/p>\n<p>Dimensions : 6 cm x 1 cm<\/p>","protected":false},"featured_media":13595,"comment_status":"open","ping_status":"closed","template":"","meta":{"_monsterinsights_skip_tracking":false,"_monsterinsights_sitenote_active":false,"_monsterinsights_sitenote_note":"","_monsterinsights_sitenote_category":0,"neve_meta_sidebar":"","neve_meta_container":"","neve_meta_enable_content_width":"off","neve_meta_content_width":70,"neve_meta_title_alignment":"","neve_meta_author_avatar":"","neve_post_elements_order":"","neve_meta_disable_header":"","neve_meta_disable_footer":"","neve_meta_disable_title":""},"product_brand":[],"product_cat":[491],"product_tag":[385,705,40],"class_list":{"0":"post-13645","1":"product","2":"type-product","3":"status-publish","4":"has-post-thumbnail","6":"product_cat-boucles-oreilles-leaves","7":"product_tag-agate","8":"product_tag-automne","9":"product_tag-feuille","10":"product_shipping_class-envoi-suivi","12":"first","13":"instock","14":"shipping-taxable","15":"purchasable","16":"product-type-simple"},"jetpack_sharing_enabled":true,"_links":{"self":[{"href":"https:\/\/bohemian-feathers-jewelry.fr\/en\/wp-json\/wp\/v2\/product\/13645","targetHints":{"allow":["GET"]}}],"collection":[{"href":"https:\/\/bohemian-feathers-jewelry.fr\/en\/wp-json\/wp\/v2\/product"}],"about":[{"href":"https:\/\/bohemian-feathers-jewelry.fr\/en\/wp-json\/wp\/v2\/types\/product"}],"replies":[{"embeddable":true,"href":"https:\/\/bohemian-feathers-jewelry.fr\/en\/wp-json\/wp\/v2\/comments?post=13645"}],"version-history":[{"count":1,"href":"https:\/\/bohemian-feathers-jewelry.fr\/en\/wp-json\/wp\/v2\/product\/13645\/revisions"}],"predecessor-version":[{"id":13646,"href":"https:\/\/bohemian-feathers-jewelry.fr\/en\/wp-json\/wp\/v2\/product\/13645\/revisions\/13646"}],"wp:featuredmedia":[{"embeddable":true,"href":"https:\/\/bohemian-feathers-jewelry.fr\/en\/wp-json\/wp\/v2\/media\/13595"}],"wp:attachment":[{"href":"https:\/\/bohemian-feathers-jewelry.fr\/en\/wp-json\/wp\/v2\/media?parent=13645"}],"wp:term":[{"taxonomy":"product_brand","embeddable":true,"href":"https:\/\/bohemian-feathers-jewelry.fr\/en\/wp-json\/wp\/v2\/product_brand?post=13645"},{"taxonomy":"product_cat","embeddable":true,"href":"https:\/\/bohemian-feathers-jewelry.fr\/en\/wp-json\/wp\/v2\/product_cat?post=13645"},{"taxonomy":"product_tag","embeddable":true,"href":"https:\/\/bohemian-feathers-jewelry.fr\/en\/wp-json\/wp\/v2\/product_tag?post=13645"}],"curies":[{"name":"wp","href":"https:\/\/api.w.org\/{rel}","templated":true}]}}