{"id":12951,"date":"2023-09-20T15:57:49","date_gmt":"2023-09-20T13:57:49","guid":{"rendered":"https:\/\/bohemian-feathers-jewelry.fr\/?post_type=product&#038;p=12951"},"modified":"2024-04-10T09:42:49","modified_gmt":"2024-04-10T07:42:49","slug":"bague-palm-argente","status":"publish","type":"product","link":"https:\/\/bohemian-feathers-jewelry.fr\/en\/product\/bague-palm-argente\/","title":{"rendered":"Bague Palm &#8211; argent\u00e9"},"content":{"rendered":"<p>Bague accompagn\u00e9e d&rsquo;un cabochon de pierre naturelle de 4 mm. Laiton plaqu\u00e9 argent.<\/p>\n<p>2 pierres au choix dans les options :<\/p>\n<p>\u2013 Am\u00e9thyste : L\u2019am\u00e9thyste est la pierre de la sagesse et de l\u2019humilit\u00e9. L\u2019amethyste favorise l\u2019\u00e9l\u00e9vation spirituelle, la concentration et la m\u00e9ditation.<br \/>\n\u2013 P\u00e9rist\u00e9rite : Pierre apaisante, la p\u00e9rist\u00e9rite d\u00e9veloppe la confiance en soi, la confiance en l\u2019avenir, l\u2019intuition, la sensibilit\u00e9 de perception et les r\u00eaves pr\u00e9monitoires.<br \/>\n\u2013 Lapis lazuli : Symbole de la protection, le lapis lazuli aide \u00e0 traverser les moments et les situations difficiles. Il est capable de ranimer le courage de son possesseur, de le lib\u00e9rer de ses angoisses et de soulager son stress. Le lapis lazuli \u00e9teint la col\u00e8re, apporte la paix et la s\u00e9r\u00e9nit\u00e9, et permet d\u2019affronter la v\u00e9rit\u00e9 avec objectivit\u00e9 et clart\u00e9.<\/p>\n<p>Bague r\u00e9glable. Taille minimale 53FR.<\/p>","protected":false},"excerpt":{"rendered":"<p>Bague accompagn\u00e9e d&rsquo;un cabochon de pierre naturelle de 4 mm. Laiton plaqu\u00e9 argent.<\/p>\n<p>2 pierres au choix dans les options :<\/p>\n<p>\u2013 Am\u00e9thyste : L\u2019am\u00e9thyste est la pierre de la sagesse et de l\u2019humilit\u00e9. L\u2019amethyste favorise l\u2019\u00e9l\u00e9vation spirituelle, la concentration et la m\u00e9ditation.<br \/>\n\u2013 P\u00e9rist\u00e9rite : Pierre apaisante, la p\u00e9rist\u00e9rite d\u00e9veloppe la confiance en soi, la confiance en l\u2019avenir, l\u2019intuition, la sensibilit\u00e9 de perception et les r\u00eaves pr\u00e9monitoires.<br \/>\n\u2013 Lapis lazuli : Symbole de la protection, le lapis lazuli aide \u00e0 traverser les moments et les situations difficiles. Il est capable de ranimer le courage de son possesseur, de le lib\u00e9rer de ses angoisses et de soulager son stress. Le lapis lazuli \u00e9teint la col\u00e8re, apporte la paix et la s\u00e9r\u00e9nit\u00e9, et permet d\u2019affronter la v\u00e9rit\u00e9 avec objectivit\u00e9 et clart\u00e9.<\/p>\n<p>Bague r\u00e9glable. Taille minimale 53FR.<\/p>","protected":false},"featured_media":12955,"comment_status":"open","ping_status":"closed","template":"","meta":{"_monsterinsights_skip_tracking":false,"_monsterinsights_sitenote_active":false,"_monsterinsights_sitenote_note":"","_monsterinsights_sitenote_category":0,"neve_meta_sidebar":"","neve_meta_container":"","neve_meta_enable_content_width":"off","neve_meta_content_width":70,"neve_meta_title_alignment":"","neve_meta_author_avatar":"","neve_post_elements_order":"","neve_meta_disable_header":"","neve_meta_disable_footer":"","neve_meta_disable_title":""},"product_brand":[],"product_cat":[856,493],"product_tag":[281,286,897],"class_list":{"0":"post-12951","1":"product","2":"type-product","3":"status-publish","4":"has-post-thumbnail","6":"product_cat-petit-prix","7":"product_cat-bagues","8":"product_tag-bague_argent","9":"product_tag-bague_lithotherapie","10":"product_tag-feu","11":"product_shipping_class-envoi-suivi","13":"first","14":"outofstock","15":"shipping-taxable","16":"product-type-variable"},"jetpack_sharing_enabled":true,"_links":{"self":[{"href":"https:\/\/bohemian-feathers-jewelry.fr\/en\/wp-json\/wp\/v2\/product\/12951","targetHints":{"allow":["GET"]}}],"collection":[{"href":"https:\/\/bohemian-feathers-jewelry.fr\/en\/wp-json\/wp\/v2\/product"}],"about":[{"href":"https:\/\/bohemian-feathers-jewelry.fr\/en\/wp-json\/wp\/v2\/types\/product"}],"replies":[{"embeddable":true,"href":"https:\/\/bohemian-feathers-jewelry.fr\/en\/wp-json\/wp\/v2\/comments?post=12951"}],"version-history":[{"count":1,"href":"https:\/\/bohemian-feathers-jewelry.fr\/en\/wp-json\/wp\/v2\/product\/12951\/revisions"}],"predecessor-version":[{"id":12967,"href":"https:\/\/bohemian-feathers-jewelry.fr\/en\/wp-json\/wp\/v2\/product\/12951\/revisions\/12967"}],"wp:featuredmedia":[{"embeddable":true,"href":"https:\/\/bohemian-feathers-jewelry.fr\/en\/wp-json\/wp\/v2\/media\/12955"}],"wp:attachment":[{"href":"https:\/\/bohemian-feathers-jewelry.fr\/en\/wp-json\/wp\/v2\/media?parent=12951"}],"wp:term":[{"taxonomy":"product_brand","embeddable":true,"href":"https:\/\/bohemian-feathers-jewelry.fr\/en\/wp-json\/wp\/v2\/product_brand?post=12951"},{"taxonomy":"product_cat","embeddable":true,"href":"https:\/\/bohemian-feathers-jewelry.fr\/en\/wp-json\/wp\/v2\/product_cat?post=12951"},{"taxonomy":"product_tag","embeddable":true,"href":"https:\/\/bohemian-feathers-jewelry.fr\/en\/wp-json\/wp\/v2\/product_tag?post=12951"}],"curies":[{"name":"wp","href":"https:\/\/api.w.org\/{rel}","templated":true}]}}