{"id":12896,"date":"2023-09-20T15:38:35","date_gmt":"2023-09-20T13:38:35","guid":{"rendered":"https:\/\/bohemian-feathers-jewelry.fr\/?post_type=product&#038;p=12896"},"modified":"2024-06-03T11:05:53","modified_gmt":"2024-06-03T09:05:53","slug":"bague-gemstone-lover-jade-8mm-dore","status":"publish","type":"product","link":"https:\/\/bohemian-feathers-jewelry.fr\/en\/product\/bague-gemstone-lover-jade-8mm-dore\/","title":{"rendered":"Bague Gemstone Lover &#8211; Jade &#8211; 8mm &#8211; dor\u00e9"},"content":{"rendered":"<p><span style=\"font-weight: 400;\">Le jade, pierre d&rsquo;\u00e9quilibre, favorise la m\u00e9ditation et aide \u00e0 l\u2019ouverture de l\u2019\u00e2me sur le plan spirituel : Harmonie et paix, d\u00e9tente int\u00e9rieure, elle nous aide \u00e0 d\u00e9couvrir la beaut\u00e9 de la cr\u00e9ation sous toutes ses formes, nous rend juste, honn\u00eate et modeste, Encourage \u00e0 devenir ce que l\u2019on est. Suscite l\u2019\u00e9veil du savoir cach\u00e9, renforce et approfondi les liens du c\u0153ur. Il \u00e9carte les mauvais r\u00eaves.<\/span><\/p>\n<p>_______________________________<\/p>\n<p>Bague minimaliste accompagn\u00e9e d\u2019un cabochon en jade de 8 mm. Laiton dor\u00e9.<\/p>\n<p>Bague r\u00e9glable. Taille minimale 52FR.<\/p>","protected":false},"excerpt":{"rendered":"<p>Bague minimaliste accompagn\u00e9e d\u2019un cabochon en jade de 8 mm. Laiton dor\u00e9.<\/p>\n<p>Bague r\u00e9glable. Taille minimale 52FR.<\/p>","protected":false},"featured_media":12891,"comment_status":"open","ping_status":"closed","template":"","meta":{"_monsterinsights_skip_tracking":false,"_monsterinsights_sitenote_active":false,"_monsterinsights_sitenote_note":"","_monsterinsights_sitenote_category":0,"neve_meta_sidebar":"","neve_meta_container":"","neve_meta_enable_content_width":"off","neve_meta_content_width":70,"neve_meta_title_alignment":"","neve_meta_author_avatar":"","neve_post_elements_order":"","neve_meta_disable_header":"","neve_meta_disable_footer":"","neve_meta_disable_title":""},"product_brand":[],"product_cat":[536,856,493],"product_tag":[623,344],"class_list":{"0":"post-12896","1":"product","2":"type-product","3":"status-publish","4":"has-post-thumbnail","6":"product_cat-promo","7":"product_cat-petit-prix","8":"product_cat-bagues","9":"product_tag-bague","10":"product_tag-pierre","11":"product_shipping_class-envoi-suivi","13":"first","14":"outofstock","15":"sale","16":"shipping-taxable","17":"purchasable","18":"product-type-simple"},"jetpack_sharing_enabled":true,"_links":{"self":[{"href":"https:\/\/bohemian-feathers-jewelry.fr\/en\/wp-json\/wp\/v2\/product\/12896","targetHints":{"allow":["GET"]}}],"collection":[{"href":"https:\/\/bohemian-feathers-jewelry.fr\/en\/wp-json\/wp\/v2\/product"}],"about":[{"href":"https:\/\/bohemian-feathers-jewelry.fr\/en\/wp-json\/wp\/v2\/types\/product"}],"replies":[{"embeddable":true,"href":"https:\/\/bohemian-feathers-jewelry.fr\/en\/wp-json\/wp\/v2\/comments?post=12896"}],"version-history":[{"count":1,"href":"https:\/\/bohemian-feathers-jewelry.fr\/en\/wp-json\/wp\/v2\/product\/12896\/revisions"}],"predecessor-version":[{"id":12900,"href":"https:\/\/bohemian-feathers-jewelry.fr\/en\/wp-json\/wp\/v2\/product\/12896\/revisions\/12900"}],"wp:featuredmedia":[{"embeddable":true,"href":"https:\/\/bohemian-feathers-jewelry.fr\/en\/wp-json\/wp\/v2\/media\/12891"}],"wp:attachment":[{"href":"https:\/\/bohemian-feathers-jewelry.fr\/en\/wp-json\/wp\/v2\/media?parent=12896"}],"wp:term":[{"taxonomy":"product_brand","embeddable":true,"href":"https:\/\/bohemian-feathers-jewelry.fr\/en\/wp-json\/wp\/v2\/product_brand?post=12896"},{"taxonomy":"product_cat","embeddable":true,"href":"https:\/\/bohemian-feathers-jewelry.fr\/en\/wp-json\/wp\/v2\/product_cat?post=12896"},{"taxonomy":"product_tag","embeddable":true,"href":"https:\/\/bohemian-feathers-jewelry.fr\/en\/wp-json\/wp\/v2\/product_tag?post=12896"}],"curies":[{"name":"wp","href":"https:\/\/api.w.org\/{rel}","templated":true}]}}