{"id":1288,"date":"2020-03-16T17:31:01","date_gmt":"2020-03-16T16:31:01","guid":{"rendered":"https:\/\/bohemian-feathers-jewelry.fr\/?post_type=product&#038;p=1288"},"modified":"2020-07-31T16:50:56","modified_gmt":"2020-07-31T14:50:56","slug":"collier-bloodstone-bearhead","status":"publish","type":"product","link":"https:\/\/bohemian-feathers-jewelry.fr\/en\/product\/collier-bloodstone-bearhead\/","title":{"rendered":"R\u00e9serv\u00e9 pour Laurence &#8211; Collier Bloodstone BearHead"},"content":{"rendered":"<p>L\u2019h\u00e9liotrope aide \u00e0 rem\u00e9dier au manque de confiance en soi en conf\u00e9rant force morale et courage pour venir \u00e0 bout de la timidit\u00e9 et autre freins moraux tels que la peur.<br \/>\nL&rsquo;h\u00e9liotrope est aussi un bon rem\u00e8de aux chagrins du c\u0153ur. Protectrice des voyageurs, elle pr\u00e9vient aussi les accidents et les peines et fatigues du voyage.<br \/>\nElle est capable d&rsquo;aider une personne \u00e0 se connecter plus efficacement \u00e0 ses forces int\u00e9rieures et en puiser les \u00e9nergies n\u00e9cessaires pour affronter les moments de d\u00e9couragement et d&rsquo;\u00e9garement \u00e9motionnel. Cette pierre constitue donc un puissant rempart contre les \u00e9motions et sensations n\u00e9gatives.<br \/>\nLien puissant avec la terre, l&rsquo;h\u00e9liotrope y puise l&rsquo;\u00e9nergie n\u00e9cessaire pour recentrer les corps auriques et favoriser le d\u00e9veloppement spirituel. De ce fait, on peut consid\u00e9rer l&rsquo;h\u00e9liotrope comme un puissant trait d&rsquo;union entre le monde physique \u00e9ph\u00e9m\u00e8re et le monde spirituel \u00e9ternel.<br \/>\n_______________________________________<\/p>\n<p>Collier boh\u00e8me compos\u00e9 d&rsquo;une tr\u00e8s belle t\u00eate d&rsquo;ours en heliotrope sculpt\u00e9e \u00e0 la main, le tout mont\u00e9 sur un cordon en cuir marron.<\/p>\n<p>Longueur de cordon : 45 cm<br \/>\nLongueur du pendentif : 4 cm<br \/>\nLargeur du pendentif : 4 cm<br \/>\nChainette d&rsquo;extension de 5 cm<br \/>\n____________________________<\/p>\n<p>Les colliers BearHead sont envoy\u00e9s dans de petites boites en carton et mousse naturelle.<br \/>\nLes frais de livraison correspondent \u00e0 un envoi en colissimo avec remise contre signature.<\/p>","protected":false},"excerpt":{"rendered":"<p>Collier boh\u00e8me compos\u00e9 d&rsquo;une tr\u00e8s belle t\u00eate d&rsquo;ours en heliotrope sculpt\u00e9e \u00e0 la main, le tout mont\u00e9 sur un cordon en cuir marron.<\/p>\n<p>Longueur de cordon : 45 cm<br \/>\nLongueur du pendentif : 4 cm<br \/>\nLargeur du pendentif : 4 cm<br \/>\nChainette d&rsquo;extension de 5 cm<\/p>","protected":false},"featured_media":1253,"comment_status":"open","ping_status":"closed","template":"","meta":{"_monsterinsights_skip_tracking":false,"_monsterinsights_sitenote_active":false,"_monsterinsights_sitenote_note":"","_monsterinsights_sitenote_category":0,"neve_meta_sidebar":"","neve_meta_container":"","neve_meta_enable_content_width":"off","neve_meta_content_width":0,"neve_meta_title_alignment":"","neve_meta_author_avatar":"","neve_post_elements_order":"","neve_meta_disable_header":"","neve_meta_disable_footer":"","neve_meta_disable_title":""},"product_brand":[],"product_cat":[489],"product_tag":[76,92,90,89,16,72,93,91,94,96,95],"class_list":{"0":"post-1288","1":"product","2":"type-product","3":"status-publish","4":"has-post-thumbnail","6":"product_cat-colliers-ours-bearhead","7":"product_tag-animal_totem","8":"product_tag-collier_animal","9":"product_tag-collier_nature","10":"product_tag-collier_ours","11":"product_tag-jewelry","12":"product_tag-necklace","13":"product_tag-ours","14":"product_tag-ours_noir","15":"product_tag-pendentif_ours","16":"product_tag-pendentif_ours_pierre","17":"product_tag-pendentif_pierre","18":"product_shipping_class-colissimo","20":"first","21":"outofstock","22":"shipping-taxable","23":"purchasable","24":"product-type-simple"},"jetpack_sharing_enabled":true,"_links":{"self":[{"href":"https:\/\/bohemian-feathers-jewelry.fr\/en\/wp-json\/wp\/v2\/product\/1288","targetHints":{"allow":["GET"]}}],"collection":[{"href":"https:\/\/bohemian-feathers-jewelry.fr\/en\/wp-json\/wp\/v2\/product"}],"about":[{"href":"https:\/\/bohemian-feathers-jewelry.fr\/en\/wp-json\/wp\/v2\/types\/product"}],"replies":[{"embeddable":true,"href":"https:\/\/bohemian-feathers-jewelry.fr\/en\/wp-json\/wp\/v2\/comments?post=1288"}],"version-history":[{"count":2,"href":"https:\/\/bohemian-feathers-jewelry.fr\/en\/wp-json\/wp\/v2\/product\/1288\/revisions"}],"predecessor-version":[{"id":1533,"href":"https:\/\/bohemian-feathers-jewelry.fr\/en\/wp-json\/wp\/v2\/product\/1288\/revisions\/1533"}],"wp:featuredmedia":[{"embeddable":true,"href":"https:\/\/bohemian-feathers-jewelry.fr\/en\/wp-json\/wp\/v2\/media\/1253"}],"wp:attachment":[{"href":"https:\/\/bohemian-feathers-jewelry.fr\/en\/wp-json\/wp\/v2\/media?parent=1288"}],"wp:term":[{"taxonomy":"product_brand","embeddable":true,"href":"https:\/\/bohemian-feathers-jewelry.fr\/en\/wp-json\/wp\/v2\/product_brand?post=1288"},{"taxonomy":"product_cat","embeddable":true,"href":"https:\/\/bohemian-feathers-jewelry.fr\/en\/wp-json\/wp\/v2\/product_cat?post=1288"},{"taxonomy":"product_tag","embeddable":true,"href":"https:\/\/bohemian-feathers-jewelry.fr\/en\/wp-json\/wp\/v2\/product_tag?post=1288"}],"curies":[{"name":"wp","href":"https:\/\/api.w.org\/{rel}","templated":true}]}}