{"id":128,"date":"2020-02-27T20:51:00","date_gmt":"2020-02-27T19:51:00","guid":{"rendered":"http:\/\/bohemian-feathers-jewelry.fr\/?product=boucles-doreilles-flying-key-magie-cle-volante-ailes-cristal-pierre-philosophale-sorcier"},"modified":"2020-12-10T11:08:11","modified_gmt":"2020-12-10T10:08:11","slug":"boucles-doreilles-flying-key-magie-cle-volante-ailes-cristal-pierre-philosophale-sorcier","status":"publish","type":"product","link":"https:\/\/bohemian-feathers-jewelry.fr\/en\/product\/boucles-doreilles-flying-key-magie-cle-volante-ailes-cristal-pierre-philosophale-sorcier\/","title":{"rendered":"Boucles d&rsquo;oreilles Flying Key &#8211; Harry Potter"},"content":{"rendered":"<p>Boucles d&rsquo;oreilles fantaisie repr\u00e9sentant les cl\u00e9s volantes pr\u00e9sentes en protection de la pierre philosophale dans le premier tome du livre sur le sorcier le plus connu de tous les temps.<br \/>\nBoucles compos\u00e9es de breloques \u00ab\u00a0cl\u00e9\u00a0\u00bb et \u00ab\u00a0aile\u00a0\u00bb et de perles en verre \u00e0 facettes.<\/p>\n<p>Toutes les boucles sont livr\u00e9es avec des embouts en silicone dans un joli sachet en kraft.<\/p>\n<p>Dimensions : 6 cm x 1.5 cm<\/p>","protected":false},"excerpt":{"rendered":"<p>Boucles d&rsquo;oreilles fantaisie repr\u00e9sentant les cl\u00e9s volantes pr\u00e9sentes en protection de la pierre philosophale dans le premier tome du livre sur le sorcier le plus connu de tous les temps.<br \/>\nBoucles compos\u00e9es de breloques \u00ab\u00a0cl\u00e9\u00a0\u00bb et \u00ab\u00a0aile\u00a0\u00bb et de perles en verre \u00e0 facettes.<\/p>\n<p>Toutes les boucles sont livr\u00e9es avec des embouts en silicone dans un joli sachet en kraft.<\/p>\n<p>Dimensions : 6 cm x 1.5 cm<\/p>","protected":false},"featured_media":1072,"comment_status":"open","ping_status":"closed","template":"","meta":{"_monsterinsights_skip_tracking":false,"_monsterinsights_sitenote_active":false,"_monsterinsights_sitenote_note":"","_monsterinsights_sitenote_category":0,"neve_meta_sidebar":"","neve_meta_container":"","neve_meta_enable_content_width":"off","neve_meta_content_width":0,"neve_meta_title_alignment":"","neve_meta_author_avatar":"","neve_post_elements_order":"","neve_meta_disable_header":"","neve_meta_disable_footer":"","neve_meta_disable_title":""},"product_brand":[],"product_cat":[536,492],"product_tag":[419,371,219,215,17,366,16,369,418,365,364,221],"class_list":{"0":"post-128","1":"product","2":"type-product","3":"status-publish","4":"has-post-thumbnail","6":"product_cat-promo","7":"product_cat-boucles-oreilles-bohemes","8":"product_tag-aile","9":"product_tag-baguette","10":"product_tag-cle","11":"product_tag-cle_volante","12":"product_tag-earrings","13":"product_tag-eclair","14":"product_tag-jewelry","15":"product_tag-livre","16":"product_tag-pierre_philosophale","17":"product_tag-potterhead","18":"product_tag-romantique","19":"product_tag-sorcier","20":"product_shipping_class-envoi-suivi","22":"first","23":"outofstock","24":"sale","25":"shipping-taxable","26":"purchasable","27":"product-type-simple"},"jetpack_sharing_enabled":true,"_links":{"self":[{"href":"https:\/\/bohemian-feathers-jewelry.fr\/en\/wp-json\/wp\/v2\/product\/128","targetHints":{"allow":["GET"]}}],"collection":[{"href":"https:\/\/bohemian-feathers-jewelry.fr\/en\/wp-json\/wp\/v2\/product"}],"about":[{"href":"https:\/\/bohemian-feathers-jewelry.fr\/en\/wp-json\/wp\/v2\/types\/product"}],"replies":[{"embeddable":true,"href":"https:\/\/bohemian-feathers-jewelry.fr\/en\/wp-json\/wp\/v2\/comments?post=128"}],"version-history":[{"count":1,"href":"https:\/\/bohemian-feathers-jewelry.fr\/en\/wp-json\/wp\/v2\/product\/128\/revisions"}],"predecessor-version":[{"id":1091,"href":"https:\/\/bohemian-feathers-jewelry.fr\/en\/wp-json\/wp\/v2\/product\/128\/revisions\/1091"}],"wp:featuredmedia":[{"embeddable":true,"href":"https:\/\/bohemian-feathers-jewelry.fr\/en\/wp-json\/wp\/v2\/media\/1072"}],"wp:attachment":[{"href":"https:\/\/bohemian-feathers-jewelry.fr\/en\/wp-json\/wp\/v2\/media?parent=128"}],"wp:term":[{"taxonomy":"product_brand","embeddable":true,"href":"https:\/\/bohemian-feathers-jewelry.fr\/en\/wp-json\/wp\/v2\/product_brand?post=128"},{"taxonomy":"product_cat","embeddable":true,"href":"https:\/\/bohemian-feathers-jewelry.fr\/en\/wp-json\/wp\/v2\/product_cat?post=128"},{"taxonomy":"product_tag","embeddable":true,"href":"https:\/\/bohemian-feathers-jewelry.fr\/en\/wp-json\/wp\/v2\/product_tag?post=128"}],"curies":[{"name":"wp","href":"https:\/\/api.w.org\/{rel}","templated":true}]}}