{"id":1279,"date":"2020-03-16T17:23:16","date_gmt":"2020-03-16T16:23:16","guid":{"rendered":"https:\/\/bohemian-feathers-jewelry.fr\/?post_type=product&#038;p=1279"},"modified":"2020-04-01T10:59:32","modified_gmt":"2020-04-01T08:59:32","slug":"collier-howlite-bearhead","status":"publish","type":"product","link":"https:\/\/bohemian-feathers-jewelry.fr\/en\/product\/collier-howlite-bearhead\/","title":{"rendered":"Collier Howlite BearHead"},"content":{"rendered":"<p><span style=\"font-weight: 400;\">La howlite est une pierre qui calme le mental, on pourrait l\u2019utiliser pour favoriser l\u2019endormissement sous l\u2019oreiller lors d\u2019insomnies. La howlite att\u00e9nue l\u2019hypersensibilit\u00e9 et la d\u00e9pression, elle favorise le discernement et renforce le caract\u00e8re .<\/span><\/p>\n<p>_______________________________________<\/p>\n<p>Collier boh\u00e8me compos\u00e9 d&rsquo;une tr\u00e8s belle t\u00eate d&rsquo;ours en howlite blanche sculpt\u00e9e \u00e0 la main, le tout mont\u00e9 sur un cordon en cuir noir.<\/p>\n<p>Longueur de cordon : 45 cm<br \/>\nLongueur du pendentif : 4 cm<br \/>\nLargeur du pendentif : 4 cm<br \/>\nChainette d&rsquo;extension de 5 cm<br \/>\n____________________________<\/p>\n<p>Les colliers BearHead sont envoy\u00e9s dans de petites boites en carton et mousse naturelle.<br \/>\nLes frais de livraison correspondent \u00e0 un envoi en colissimo avec remise contre signature.<\/p>","protected":false},"excerpt":{"rendered":"<p>Collier boh\u00e8me compos\u00e9 d&rsquo;une tr\u00e8s belle t\u00eate d&rsquo;ours en howlite blanche sculpt\u00e9e \u00e0 la main, le tout mont\u00e9 sur un cordon en cuir noir.<\/p>\n<p>Longueur de cordon : 45 cm<br \/>\nLongueur du pendentif : 4 cm<br \/>\nLargeur du pendentif : 4 cm<br \/>\nChainette d&rsquo;extension de 5 cm<\/p>","protected":false},"featured_media":1237,"comment_status":"open","ping_status":"closed","template":"","meta":{"_monsterinsights_skip_tracking":false,"_monsterinsights_sitenote_active":false,"_monsterinsights_sitenote_note":"","_monsterinsights_sitenote_category":0,"neve_meta_sidebar":"","neve_meta_container":"","neve_meta_enable_content_width":"off","neve_meta_content_width":0,"neve_meta_title_alignment":"","neve_meta_author_avatar":"","neve_post_elements_order":"","neve_meta_disable_header":"","neve_meta_disable_footer":"","neve_meta_disable_title":""},"product_brand":[],"product_cat":[489],"product_tag":[76,92,90,89,16,72,93,91,94,96,95],"class_list":{"0":"post-1279","1":"product","2":"type-product","3":"status-publish","4":"has-post-thumbnail","6":"product_cat-colliers-ours-bearhead","7":"product_tag-animal_totem","8":"product_tag-collier_animal","9":"product_tag-collier_nature","10":"product_tag-collier_ours","11":"product_tag-jewelry","12":"product_tag-necklace","13":"product_tag-ours","14":"product_tag-ours_noir","15":"product_tag-pendentif_ours","16":"product_tag-pendentif_ours_pierre","17":"product_tag-pendentif_pierre","18":"product_shipping_class-colissimo","20":"first","21":"outofstock","22":"shipping-taxable","23":"purchasable","24":"product-type-simple"},"jetpack_sharing_enabled":true,"_links":{"self":[{"href":"https:\/\/bohemian-feathers-jewelry.fr\/en\/wp-json\/wp\/v2\/product\/1279","targetHints":{"allow":["GET"]}}],"collection":[{"href":"https:\/\/bohemian-feathers-jewelry.fr\/en\/wp-json\/wp\/v2\/product"}],"about":[{"href":"https:\/\/bohemian-feathers-jewelry.fr\/en\/wp-json\/wp\/v2\/types\/product"}],"replies":[{"embeddable":true,"href":"https:\/\/bohemian-feathers-jewelry.fr\/en\/wp-json\/wp\/v2\/comments?post=1279"}],"version-history":[{"count":1,"href":"https:\/\/bohemian-feathers-jewelry.fr\/en\/wp-json\/wp\/v2\/product\/1279\/revisions"}],"predecessor-version":[{"id":1280,"href":"https:\/\/bohemian-feathers-jewelry.fr\/en\/wp-json\/wp\/v2\/product\/1279\/revisions\/1280"}],"wp:featuredmedia":[{"embeddable":true,"href":"https:\/\/bohemian-feathers-jewelry.fr\/en\/wp-json\/wp\/v2\/media\/1237"}],"wp:attachment":[{"href":"https:\/\/bohemian-feathers-jewelry.fr\/en\/wp-json\/wp\/v2\/media?parent=1279"}],"wp:term":[{"taxonomy":"product_brand","embeddable":true,"href":"https:\/\/bohemian-feathers-jewelry.fr\/en\/wp-json\/wp\/v2\/product_brand?post=1279"},{"taxonomy":"product_cat","embeddable":true,"href":"https:\/\/bohemian-feathers-jewelry.fr\/en\/wp-json\/wp\/v2\/product_cat?post=1279"},{"taxonomy":"product_tag","embeddable":true,"href":"https:\/\/bohemian-feathers-jewelry.fr\/en\/wp-json\/wp\/v2\/product_tag?post=1279"}],"curies":[{"name":"wp","href":"https:\/\/api.w.org\/{rel}","templated":true}]}}