{"id":11052,"date":"2023-01-31T12:33:18","date_gmt":"2023-01-31T11:33:18","guid":{"rendered":"https:\/\/bohemian-feathers-jewelry.fr\/?post_type=product&#038;p=11052"},"modified":"2024-03-18T15:10:52","modified_gmt":"2024-03-18T14:10:52","slug":"collier-pink-quartz-wolfhead-3","status":"publish","type":"product","link":"https:\/\/bohemian-feathers-jewelry.fr\/en\/product\/collier-pink-quartz-wolfhead-3\/","title":{"rendered":"Collier Pink Quartz WolfHead"},"content":{"rendered":"<p><span style=\"font-weight: 400;\">Le quartz rose se d\u00e9finit depuis toujours comme la pierre du c\u0153ur, de l\u2019amour et de la paix. Il a le privil\u00e8ge de soulager les maux physiques de notre organe moteur et les troubles de notre centrale \u00e9motionnelle. Par ses vertus d\u00e9toxifiantes et calmantes, le quartz rose diffuse sa douceur sur notre organisme et dans nos relations avec autrui.<\/span><\/p>\n<p>_____________________________________<\/p>\n<p>Collier boh\u00e8me compos\u00e9 d\u2019une tr\u00e8s belle t\u00eate de loup en quartz rose mont\u00e9e sur une chaine en acier inoxydable dor\u00e9 et agr\u00e9ment\u00e9e de 2 perles en quartz rose, 4 perles en opale rose et de 2 breloques plume.<\/p>\n<p>Longueur de chaine : 42 cm<br \/>\nLongueur du pendentif : 8 cm<br \/>\nLargeur du pendentif : 3.5 cm<\/p>\n<p>La t\u00eate de loup mesure 2.5 cm sur 3.5 cm.<\/p>\n<p>______________________________________<\/p>\n<p>Les colliers Wolfhead sont envoy\u00e9s dans de petites boites en carton et sur un lit de mousse naturelle.<br \/>\nLes frais de livraison correspondent \u00e0 un envoi en colissimo avec remise contre signature.<\/p>","protected":false},"excerpt":{"rendered":"<p>Collier boh\u00e8me compos\u00e9 d\u2019une tr\u00e8s belle t\u00eate de loup en quartz rose mont\u00e9e sur une chaine en acier inoxydable dor\u00e9 et agr\u00e9ment\u00e9e de 2 perles en quartz rose, 4 perles en opale rose et de 2 breloques plume.<\/p>\n<p>Longueur de chaine : 42 cm<br \/>\nLongueur du pendentif : 8 cm<br \/>\nLargeur du pendentif : 3.5 cm<\/p>\n<p>La t\u00eate de loup mesure 2.5 cm sur 3.5 cm.<\/p>","protected":false},"featured_media":10882,"comment_status":"open","ping_status":"closed","template":"","meta":{"_monsterinsights_skip_tracking":false,"_monsterinsights_sitenote_active":false,"_monsterinsights_sitenote_note":"","_monsterinsights_sitenote_category":0,"neve_meta_sidebar":"","neve_meta_container":"","neve_meta_enable_content_width":"off","neve_meta_content_width":70,"neve_meta_title_alignment":"","neve_meta_author_avatar":"","neve_post_elements_order":"","neve_meta_disable_header":"","neve_meta_disable_footer":"","neve_meta_disable_title":""},"product_brand":[],"product_cat":[487],"product_tag":[76,106,105,79,90,16,73,112,72],"class_list":{"0":"post-11052","1":"product","2":"type-product","3":"status-publish","4":"has-post-thumbnail","6":"product_cat-collier-loups","7":"product_tag-animal_totem","8":"product_tag-collier_boheme","9":"product_tag-collier_lithotherapie","10":"product_tag-collier_loup","11":"product_tag-collier_nature","12":"product_tag-jewelry","13":"product_tag-loup","14":"product_tag-loup_pierre","15":"product_tag-necklace","16":"product_shipping_class-colissimo","18":"first","19":"outofstock","20":"shipping-taxable","21":"purchasable","22":"product-type-simple"},"jetpack_sharing_enabled":true,"_links":{"self":[{"href":"https:\/\/bohemian-feathers-jewelry.fr\/en\/wp-json\/wp\/v2\/product\/11052","targetHints":{"allow":["GET"]}}],"collection":[{"href":"https:\/\/bohemian-feathers-jewelry.fr\/en\/wp-json\/wp\/v2\/product"}],"about":[{"href":"https:\/\/bohemian-feathers-jewelry.fr\/en\/wp-json\/wp\/v2\/types\/product"}],"replies":[{"embeddable":true,"href":"https:\/\/bohemian-feathers-jewelry.fr\/en\/wp-json\/wp\/v2\/comments?post=11052"}],"version-history":[{"count":1,"href":"https:\/\/bohemian-feathers-jewelry.fr\/en\/wp-json\/wp\/v2\/product\/11052\/revisions"}],"predecessor-version":[{"id":11053,"href":"https:\/\/bohemian-feathers-jewelry.fr\/en\/wp-json\/wp\/v2\/product\/11052\/revisions\/11053"}],"wp:featuredmedia":[{"embeddable":true,"href":"https:\/\/bohemian-feathers-jewelry.fr\/en\/wp-json\/wp\/v2\/media\/10882"}],"wp:attachment":[{"href":"https:\/\/bohemian-feathers-jewelry.fr\/en\/wp-json\/wp\/v2\/media?parent=11052"}],"wp:term":[{"taxonomy":"product_brand","embeddable":true,"href":"https:\/\/bohemian-feathers-jewelry.fr\/en\/wp-json\/wp\/v2\/product_brand?post=11052"},{"taxonomy":"product_cat","embeddable":true,"href":"https:\/\/bohemian-feathers-jewelry.fr\/en\/wp-json\/wp\/v2\/product_cat?post=11052"},{"taxonomy":"product_tag","embeddable":true,"href":"https:\/\/bohemian-feathers-jewelry.fr\/en\/wp-json\/wp\/v2\/product_tag?post=11052"}],"curies":[{"name":"wp","href":"https:\/\/api.w.org\/{rel}","templated":true}]}}