{"id":10937,"date":"2023-01-30T17:27:52","date_gmt":"2023-01-30T16:27:52","guid":{"rendered":"https:\/\/bohemian-feathers-jewelry.fr\/?post_type=product&#038;p=10937"},"modified":"2024-03-18T14:53:09","modified_gmt":"2024-03-18T13:53:09","slug":"collier-citrine-wolfhead","status":"publish","type":"product","link":"https:\/\/bohemian-feathers-jewelry.fr\/en\/product\/collier-citrine-wolfhead\/","title":{"rendered":"Collier Citrine WolfHead"},"content":{"rendered":"<p><span style=\"font-weight: 400;\">La citrine encourage \u00e0 d\u00e9velopper une attitude positive dans tous les domaines de l\u2019existence, a voir l\u2019avenir avec optimisme, excellente contre la d\u00e9pression et les petits coups de blues elle pourra aider \u00e0 se d\u00e9barrasser d\u2019attitudes n\u00e9gatives ou passives redonnant de la motivation et de la positivit\u00e9. Elle donne de la vitalit\u00e9, de l\u2019\u00e9nergie et dissipe l\u2019inqui\u00e9tude. Elle sera utile lors d\u2019\u00e9tudes et d\u2019examens elle dynamise le mental et favorise la m\u00e9moire.<\/span><\/p>\n<p>____________________________<\/p>\n<p>Collier boh\u00e8me compos\u00e9 d&rsquo;une tr\u00e8s belle t\u00eate de loup en citrine mont\u00e9e sur un long cordon en cuir marron avec 2 noeuds coulissants. Le collier peut se porter ras du cou comme en sautoir.<\/p>\n<p>Longueur de cordon : 36 &#8211; 62 cm<br \/>\nLongueur du pendentif : 2.5 cm<br \/>\nLargeur du pendentif : 2 cm<\/p>\n<p>____________________________<\/p>\n<p>Les colliers Wolfhead sont envoy\u00e9s dans de petites boites en carton et mousse naturelle.<br \/>\nLes frais de livraison correspondent \u00e0 un envoi en colissimo avec remise contre signature.<\/p>","protected":false},"excerpt":{"rendered":"<p>Collier boh\u00e8me compos\u00e9 d&rsquo;une tr\u00e8s belle t\u00eate de loup en citrine mont\u00e9e sur un long cordon en cuir marron avec 2 noeuds coulissants. Le collier peut se porter ras du cou comme en sautoir.<\/p>\n<p>Longueur de cordon : 36 &#8211; 62 cm<br \/>\nLongueur du pendentif : 2.5 cm<br \/>\nLargeur du pendentif : 2 cm<\/p>","protected":false},"featured_media":10720,"comment_status":"open","ping_status":"closed","template":"","meta":{"_monsterinsights_skip_tracking":false,"_monsterinsights_sitenote_active":false,"_monsterinsights_sitenote_note":"","_monsterinsights_sitenote_category":0,"neve_meta_sidebar":"","neve_meta_container":"","neve_meta_enable_content_width":"off","neve_meta_content_width":70,"neve_meta_title_alignment":"","neve_meta_author_avatar":"","neve_post_elements_order":"","neve_meta_disable_header":"","neve_meta_disable_footer":"","neve_meta_disable_title":""},"product_brand":[],"product_cat":[487,894],"product_tag":[76,80,79,81,78,34,16,73,30,72,75,74],"class_list":{"0":"post-10937","1":"product","2":"type-product","3":"status-publish","4":"has-post-thumbnail","6":"product_cat-collier-loups","7":"product_cat-wolfhead-cordon","8":"product_tag-animal_totem","9":"product_tag-collier_cuir","10":"product_tag-collier_loup","11":"product_tag-collier_tete_de_loup","12":"product_tag-esprit_sauvage","13":"product_tag-foret","14":"product_tag-jewelry","15":"product_tag-loup","16":"product_tag-nature","17":"product_tag-necklace","18":"product_tag-pierre_de_gemmes","19":"product_tag-tete_de_loup","20":"product_shipping_class-colissimo","22":"first","23":"instock","24":"shipping-taxable","25":"purchasable","26":"product-type-simple"},"jetpack_sharing_enabled":true,"_links":{"self":[{"href":"https:\/\/bohemian-feathers-jewelry.fr\/en\/wp-json\/wp\/v2\/product\/10937","targetHints":{"allow":["GET"]}}],"collection":[{"href":"https:\/\/bohemian-feathers-jewelry.fr\/en\/wp-json\/wp\/v2\/product"}],"about":[{"href":"https:\/\/bohemian-feathers-jewelry.fr\/en\/wp-json\/wp\/v2\/types\/product"}],"replies":[{"embeddable":true,"href":"https:\/\/bohemian-feathers-jewelry.fr\/en\/wp-json\/wp\/v2\/comments?post=10937"}],"version-history":[{"count":1,"href":"https:\/\/bohemian-feathers-jewelry.fr\/en\/wp-json\/wp\/v2\/product\/10937\/revisions"}],"predecessor-version":[{"id":10938,"href":"https:\/\/bohemian-feathers-jewelry.fr\/en\/wp-json\/wp\/v2\/product\/10937\/revisions\/10938"}],"wp:featuredmedia":[{"embeddable":true,"href":"https:\/\/bohemian-feathers-jewelry.fr\/en\/wp-json\/wp\/v2\/media\/10720"}],"wp:attachment":[{"href":"https:\/\/bohemian-feathers-jewelry.fr\/en\/wp-json\/wp\/v2\/media?parent=10937"}],"wp:term":[{"taxonomy":"product_brand","embeddable":true,"href":"https:\/\/bohemian-feathers-jewelry.fr\/en\/wp-json\/wp\/v2\/product_brand?post=10937"},{"taxonomy":"product_cat","embeddable":true,"href":"https:\/\/bohemian-feathers-jewelry.fr\/en\/wp-json\/wp\/v2\/product_cat?post=10937"},{"taxonomy":"product_tag","embeddable":true,"href":"https:\/\/bohemian-feathers-jewelry.fr\/en\/wp-json\/wp\/v2\/product_tag?post=10937"}],"curies":[{"name":"wp","href":"https:\/\/api.w.org\/{rel}","templated":true}]}}