{"id":10417,"date":"2023-01-03T15:15:46","date_gmt":"2023-01-03T14:15:46","guid":{"rendered":"https:\/\/bohemian-feathers-jewelry.fr\/?post_type=product&#038;p=10417"},"modified":"2024-09-19T12:03:21","modified_gmt":"2024-09-19T10:03:21","slug":"boucles-doreilles-bohemes-pyrite-feathers","status":"publish","type":"product","link":"https:\/\/bohemian-feathers-jewelry.fr\/en\/product\/boucles-doreilles-bohemes-pyrite-feathers\/","title":{"rendered":"Boucles d&rsquo;oreilles boh\u00e8mes Pyrite Feathers"},"content":{"rendered":"<p><span style=\"font-weight: 400;\">Sur le plan mental en lithoth\u00e9rapie, la pyrite offre un \u00e9clat qui lui est propre, \u00e0 la fois m\u00e9tallique qui en fait une pierre r\u00e9ellement physique, mais aussi sa couleur dor\u00e9e qui en fait une pierre intellectuelle et spirituelle. Il n\u2019est pas rare de constater ses c\u00f4t\u00e9s concrets, rigoureux, durs et constructifs. La pyrite offre l\u2019organisation \u00e0 ceux qui la portent et qui ont des difficult\u00e9s dans ce domaine.<\/span><\/p>\n<p>__________________<\/p>\n<p>Boucles d&rsquo;oreilles compos\u00e9es de 2 magnifiques pyrite sur quartz sculpt\u00e9es en forme de plumes.<br \/>\nPierre naturelle. Crochets bronze.<\/p>\n<p>Toutes les boucles sont livr\u00e9es avec des embouts en silicone dans un joli sachet en kraft.<\/p>\n<p>Dimensions : 5.5 cm x 1 cm<\/p>\n<p>_______________________________<\/p>\n<p>Les crochets des boucles peuvent \u00eatre chang\u00e9s sur demande. Ici ce sont des crochets simples qui peuvent \u00eatre remplac\u00e9s par des clips pour oreilles non perc\u00e9es ou de grands crochets pour les oreilles stretch\u00e9es. N&rsquo;h\u00e9sitez pas \u00e0 m&rsquo;envoyer un message avant votre commande si vous avez la moindre question.<\/p>","protected":false},"excerpt":{"rendered":"<p>Boucles d&rsquo;oreilles compos\u00e9es de 2 magnifiques pyrite sur quartz sculpt\u00e9es en forme de plumes.<br \/>\nPierre naturelle. Crochets bronze.<\/p>\n<p>Toutes les boucles sont livr\u00e9es avec des embouts en silicone dans un joli sachet en kraft.<\/p>\n<p>Dimensions : 5.5 cm x 1 cm<\/p>","protected":false},"featured_media":10414,"comment_status":"open","ping_status":"closed","template":"","meta":{"_monsterinsights_skip_tracking":false,"_monsterinsights_sitenote_active":false,"_monsterinsights_sitenote_note":"","_monsterinsights_sitenote_category":0,"neve_meta_sidebar":"","neve_meta_container":"","neve_meta_enable_content_width":"off","neve_meta_content_width":70,"neve_meta_title_alignment":"","neve_meta_author_avatar":"","neve_post_elements_order":"","neve_meta_disable_header":"","neve_meta_disable_footer":"","neve_meta_disable_title":""},"product_brand":[],"product_cat":[483,684],"product_tag":[829,301,582],"class_list":{"0":"post-10417","1":"product","2":"type-product","3":"status-publish","4":"has-post-thumbnail","6":"product_cat-boucles-oreilles","7":"product_cat-boucles-doreilles-bohemian-feathers","8":"product_tag-feather","9":"product_tag-plume","10":"product_tag-pyrite","11":"product_shipping_class-envoi-suivi","13":"first","14":"outofstock","15":"shipping-taxable","16":"purchasable","17":"product-type-simple"},"jetpack_sharing_enabled":true,"_links":{"self":[{"href":"https:\/\/bohemian-feathers-jewelry.fr\/en\/wp-json\/wp\/v2\/product\/10417","targetHints":{"allow":["GET"]}}],"collection":[{"href":"https:\/\/bohemian-feathers-jewelry.fr\/en\/wp-json\/wp\/v2\/product"}],"about":[{"href":"https:\/\/bohemian-feathers-jewelry.fr\/en\/wp-json\/wp\/v2\/types\/product"}],"replies":[{"embeddable":true,"href":"https:\/\/bohemian-feathers-jewelry.fr\/en\/wp-json\/wp\/v2\/comments?post=10417"}],"version-history":[{"count":1,"href":"https:\/\/bohemian-feathers-jewelry.fr\/en\/wp-json\/wp\/v2\/product\/10417\/revisions"}],"predecessor-version":[{"id":10418,"href":"https:\/\/bohemian-feathers-jewelry.fr\/en\/wp-json\/wp\/v2\/product\/10417\/revisions\/10418"}],"wp:featuredmedia":[{"embeddable":true,"href":"https:\/\/bohemian-feathers-jewelry.fr\/en\/wp-json\/wp\/v2\/media\/10414"}],"wp:attachment":[{"href":"https:\/\/bohemian-feathers-jewelry.fr\/en\/wp-json\/wp\/v2\/media?parent=10417"}],"wp:term":[{"taxonomy":"product_brand","embeddable":true,"href":"https:\/\/bohemian-feathers-jewelry.fr\/en\/wp-json\/wp\/v2\/product_brand?post=10417"},{"taxonomy":"product_cat","embeddable":true,"href":"https:\/\/bohemian-feathers-jewelry.fr\/en\/wp-json\/wp\/v2\/product_cat?post=10417"},{"taxonomy":"product_tag","embeddable":true,"href":"https:\/\/bohemian-feathers-jewelry.fr\/en\/wp-json\/wp\/v2\/product_tag?post=10417"}],"curies":[{"name":"wp","href":"https:\/\/api.w.org\/{rel}","templated":true}]}}