{"id":10405,"date":"2023-01-03T15:48:55","date_gmt":"2023-01-03T14:48:55","guid":{"rendered":"https:\/\/bohemian-feathers-jewelry.fr\/?post_type=product&#038;p=10405"},"modified":"2024-08-26T11:38:04","modified_gmt":"2024-08-26T09:38:04","slug":"collier-moss-agate-gingko-leaf","status":"publish","type":"product","link":"https:\/\/bohemian-feathers-jewelry.fr\/en\/product\/collier-moss-agate-gingko-leaf\/","title":{"rendered":"Collier Moss Agate Gingko Leaf"},"content":{"rendered":"<p><span style=\"font-weight: 400;\">Sur le plan mental et spirituel, l\u2019agate mousse est une pierre positive, porteuse de bien-\u00eatre et de joie. En tant que pierre terrestre, elle apporte l\u2019harmonie et accorde l\u2019\u00eatre avec l\u2019environnement naturel. L\u2019agate mousse apporterait calme, apaisement et restaurerait la confiance en soi et en ses capacit\u00e9s propres. Elle ouvrirait aussi l\u2019esprit et le rendrait plus r\u00e9ceptif aux influences positives des \u00e9l\u00e9ments naturels. Pierre de communication, elle favoriserait les liaisons amoureuses et sentimentales, et la liaison avec les \u00eatres \u00e9th\u00e9r\u00e9s et les esprits de la nature. Pierre antid\u00e9pressive, l\u2019agate mousse dissipe les peurs et permet de repartir avec des meilleures dispositions dans la vie.<\/span><\/p>\n<p>______________________________________<\/p>\n<div class=\"woocommerce-tabs wc-tabs-wrapper\">\n<div id=\"tab-description\" class=\"woocommerce-Tabs-panel woocommerce-Tabs-panel--description panel entry-content wc-tab\" role=\"tabpanel\" aria-labelledby=\"tab-title-description\">\n<p>Collier boh\u00e8me compos\u00e9 d\u2019une agate mousse sculpt\u00e9e en forme de feuille de gingko mont\u00e9e sur une chaine en acier inoxydable dor\u00e9e.<\/p>\n<p>Longueur de chaine : 44 cm<br \/>\nLongueur du pendentif : 3.5 cm<br \/>\nLargeur du pendentif : 3 cm<\/p>\n<p>______________________________________<\/p>\n<p>Les chaines des colliers peuvent \u00eatre adapt\u00e9es sur demande, plus courtes ou plus longues. Indiquez-moi la longueur souhait\u00e9e lors de la commande !<\/p>\n<p>______________________________________<\/p>\n<p>Ce collier sera envoy\u00e9 dans une petite boite en carton avec mousse naturelle.<br \/>\nLes frais de livraison correspondent \u00e0 un envoi en colissimo avec remise contre signature.<\/p>\n<\/div>\n<\/div>","protected":false},"excerpt":{"rendered":"<p>Collier boh\u00e8me compos\u00e9 d\u2019une agate mousse sculpt\u00e9e en forme de feuille de gingko mont\u00e9e sur une chaine en acier inoxydable dor\u00e9e.<\/p>\n<p>Longueur de chaine : 44 cm<br \/>\nLongueur du pendentif : 3.5 cm<br \/>\nLargeur du pendentif : 3 cm<\/p>\n<p>______________________________________<\/p>\n<p>Les chaines des colliers peuvent \u00eatre adapt\u00e9es sur demande, plus courtes ou plus longues. Indiquez-moi la longueur souhait\u00e9e lors de la commande !<\/p>","protected":false},"featured_media":10213,"comment_status":"open","ping_status":"closed","template":"","meta":{"_monsterinsights_skip_tracking":false,"_monsterinsights_sitenote_active":false,"_monsterinsights_sitenote_note":"","_monsterinsights_sitenote_category":0,"neve_meta_sidebar":"","neve_meta_container":"","neve_meta_enable_content_width":"off","neve_meta_content_width":70,"neve_meta_title_alignment":"","neve_meta_author_avatar":"","neve_post_elements_order":"","neve_meta_disable_header":"","neve_meta_disable_footer":"","neve_meta_disable_title":""},"product_brand":[],"product_cat":[482,485,490],"product_tag":[579,831,40],"class_list":{"0":"post-10405","1":"product","2":"type-product","3":"status-publish","4":"has-post-thumbnail","6":"product_cat-colliers","7":"product_cat-colliers-bohemes","8":"product_cat-colliers-healing-stone","9":"product_tag-agate-mousse","10":"product_tag-collier-nature","11":"product_tag-feuille","12":"product_shipping_class-colissimo","14":"first","15":"outofstock","16":"shipping-taxable","17":"purchasable","18":"product-type-simple"},"jetpack_sharing_enabled":true,"_links":{"self":[{"href":"https:\/\/bohemian-feathers-jewelry.fr\/en\/wp-json\/wp\/v2\/product\/10405","targetHints":{"allow":["GET"]}}],"collection":[{"href":"https:\/\/bohemian-feathers-jewelry.fr\/en\/wp-json\/wp\/v2\/product"}],"about":[{"href":"https:\/\/bohemian-feathers-jewelry.fr\/en\/wp-json\/wp\/v2\/types\/product"}],"replies":[{"embeddable":true,"href":"https:\/\/bohemian-feathers-jewelry.fr\/en\/wp-json\/wp\/v2\/comments?post=10405"}],"version-history":[{"count":1,"href":"https:\/\/bohemian-feathers-jewelry.fr\/en\/wp-json\/wp\/v2\/product\/10405\/revisions"}],"predecessor-version":[{"id":10406,"href":"https:\/\/bohemian-feathers-jewelry.fr\/en\/wp-json\/wp\/v2\/product\/10405\/revisions\/10406"}],"wp:featuredmedia":[{"embeddable":true,"href":"https:\/\/bohemian-feathers-jewelry.fr\/en\/wp-json\/wp\/v2\/media\/10213"}],"wp:attachment":[{"href":"https:\/\/bohemian-feathers-jewelry.fr\/en\/wp-json\/wp\/v2\/media?parent=10405"}],"wp:term":[{"taxonomy":"product_brand","embeddable":true,"href":"https:\/\/bohemian-feathers-jewelry.fr\/en\/wp-json\/wp\/v2\/product_brand?post=10405"},{"taxonomy":"product_cat","embeddable":true,"href":"https:\/\/bohemian-feathers-jewelry.fr\/en\/wp-json\/wp\/v2\/product_cat?post=10405"},{"taxonomy":"product_tag","embeddable":true,"href":"https:\/\/bohemian-feathers-jewelry.fr\/en\/wp-json\/wp\/v2\/product_tag?post=10405"}],"curies":[{"name":"wp","href":"https:\/\/api.w.org\/{rel}","templated":true}]}}