{"id":102,"date":"2020-02-27T20:50:47","date_gmt":"2020-02-27T19:50:47","guid":{"rendered":"http:\/\/bohemian-feathers-jewelry.fr\/?product=boucles-doreilles-bohemes-deer-in-the-forest-quartz-tourmaline-noire-howlite-nature-neige-laponie-canada-foret-arbre"},"modified":"2022-11-26T03:06:34","modified_gmt":"2022-11-26T02:06:34","slug":"boucles-doreilles-bohemes-deer-in-the-forest-quartz-tourmaline-noire-howlite-nature-neige-laponie-canada-foret-arbre","status":"publish","type":"product","link":"https:\/\/bohemian-feathers-jewelry.fr\/en\/product\/boucles-doreilles-bohemes-deer-in-the-forest-quartz-tourmaline-noire-howlite-nature-neige-laponie-canada-foret-arbre\/","title":{"rendered":"Boucles d&rsquo;oreilles Deer in the Forest"},"content":{"rendered":"<p>Le Quartz tourmaline, est excellente Pierre de protection contre les \u00e9nergies venant de soi et des autres. Prot\u00e8ge contre les ondes \u00e9lectromagn\u00e9tiques. Favorise la confiance en soi et la concentration. D\u00e9tourne les tensions, prot\u00e8ge des pens\u00e9es n\u00e9gatives et aide les personnes stress\u00e9es. Le Quartz tourmaline, est appel\u00e9 aussi &lsquo;Fl\u00e8ches d&rsquo;Amour&rsquo;.<br \/>\n________________________<\/p>\n<p>Boucles d&rsquo;oreilles compos\u00e9es de breloques rectangles double face, de 2 pierres de quartz \u00e0 inclusions de tourmaline noire et de chips de howlite blanche.<\/p>\n<p>Toutes les boucles sont livr\u00e9es avec des embouts en silicone dans un joli sachet en kraft.<\/p>\n<p>Dimensions : 8 cm x 2 cm<\/p>","protected":false},"excerpt":{"rendered":"<p>Boucles d&rsquo;oreilles compos\u00e9es de breloques rectangles double face, de 2 pierres de quartz \u00e0 inclusions de tourmaline noire et de chips de howlite blanche.<\/p>\n<p>Toutes les boucles sont livr\u00e9es avec des embouts en silicone dans un joli sachet en kraft.<\/p>\n<p>Dimensions : 8 cm x 2 cm<\/p>","protected":false},"featured_media":379,"comment_status":"open","ping_status":"closed","template":"","meta":{"_monsterinsights_skip_tracking":false,"_monsterinsights_sitenote_active":false,"_monsterinsights_sitenote_note":"","_monsterinsights_sitenote_category":0,"neve_meta_sidebar":"","neve_meta_container":"","neve_meta_enable_content_width":"off","neve_meta_content_width":0,"neve_meta_title_alignment":"","neve_meta_author_avatar":"","neve_post_elements_order":"","neve_meta_disable_header":"","neve_meta_disable_footer":"","neve_meta_disable_title":""},"product_brand":[],"product_cat":[536,492],"product_tag":[43,42,329,17,34,16,330,19,30,331,328],"class_list":{"0":"post-102","1":"product","2":"type-product","3":"status-publish","4":"has-post-thumbnail","6":"product_cat-promo","7":"product_cat-boucles-oreilles-bohemes","8":"product_tag-arbre","9":"product_tag-canada","10":"product_tag-cerf","11":"product_tag-earrings","12":"product_tag-foret","13":"product_tag-jewelry","14":"product_tag-laponie","15":"product_tag-lithotherapie","16":"product_tag-nature","17":"product_tag-neige","18":"product_tag-renne","19":"product_shipping_class-envoi-suivi","21":"first","22":"outofstock","23":"sale","24":"shipping-taxable","25":"purchasable","26":"product-type-simple"},"jetpack_sharing_enabled":true,"_links":{"self":[{"href":"https:\/\/bohemian-feathers-jewelry.fr\/en\/wp-json\/wp\/v2\/product\/102","targetHints":{"allow":["GET"]}}],"collection":[{"href":"https:\/\/bohemian-feathers-jewelry.fr\/en\/wp-json\/wp\/v2\/product"}],"about":[{"href":"https:\/\/bohemian-feathers-jewelry.fr\/en\/wp-json\/wp\/v2\/types\/product"}],"replies":[{"embeddable":true,"href":"https:\/\/bohemian-feathers-jewelry.fr\/en\/wp-json\/wp\/v2\/comments?post=102"}],"version-history":[{"count":1,"href":"https:\/\/bohemian-feathers-jewelry.fr\/en\/wp-json\/wp\/v2\/product\/102\/revisions"}],"predecessor-version":[{"id":1099,"href":"https:\/\/bohemian-feathers-jewelry.fr\/en\/wp-json\/wp\/v2\/product\/102\/revisions\/1099"}],"wp:featuredmedia":[{"embeddable":true,"href":"https:\/\/bohemian-feathers-jewelry.fr\/en\/wp-json\/wp\/v2\/media\/379"}],"wp:attachment":[{"href":"https:\/\/bohemian-feathers-jewelry.fr\/en\/wp-json\/wp\/v2\/media?parent=102"}],"wp:term":[{"taxonomy":"product_brand","embeddable":true,"href":"https:\/\/bohemian-feathers-jewelry.fr\/en\/wp-json\/wp\/v2\/product_brand?post=102"},{"taxonomy":"product_cat","embeddable":true,"href":"https:\/\/bohemian-feathers-jewelry.fr\/en\/wp-json\/wp\/v2\/product_cat?post=102"},{"taxonomy":"product_tag","embeddable":true,"href":"https:\/\/bohemian-feathers-jewelry.fr\/en\/wp-json\/wp\/v2\/product_tag?post=102"}],"curies":[{"name":"wp","href":"https:\/\/api.w.org\/{rel}","templated":true}]}}