{"id":266,"date":"2019-03-06T14:42:42","date_gmt":"2019-03-06T14:42:42","guid":{"rendered":"https:\/\/demo.themeisle.com\/neve-shop\/?page_id=120"},"modified":"2022-03-31T16:59:26","modified_gmt":"2022-03-31T14:59:26","slug":"3669a-about-us","status":"publish","type":"page","link":"https:\/\/bohemian-feathers-jewelry.fr\/en\/3669a-about-us\/","title":{"rendered":"About BFJ"},"content":{"rendered":"<div data-elementor-type=\"wp-post\" data-elementor-id=\"266\" class=\"elementor elementor-266\">\n\t\t\t\t\t\t<section class=\"elementor-section elementor-top-section elementor-element elementor-element-e20a40e elementor-section-boxed elementor-section-height-default elementor-section-height-default\" data-id=\"e20a40e\" data-element_type=\"section\" data-e-type=\"section\">\n\t\t\t\t\t\t<div class=\"elementor-container elementor-column-gap-default\">\n\t\t\t\t\t<div class=\"elementor-column elementor-col-100 elementor-top-column elementor-element elementor-element-d6910ba\" data-id=\"d6910ba\" data-element_type=\"column\" data-e-type=\"column\">\n\t\t\t<div class=\"elementor-widget-wrap elementor-element-populated\">\n\t\t\t\t\t\t<div class=\"elementor-element elementor-element-bf587f1 elementor-widget elementor-widget-spacer\" data-id=\"bf587f1\" data-element_type=\"widget\" data-e-type=\"widget\" data-widget_type=\"spacer.default\">\n\t\t\t\t<div class=\"elementor-widget-container\">\n\t\t\t\t\t\t\t<div class=\"elementor-spacer\">\n\t\t\t<div class=\"elementor-spacer-inner\"><\/div>\n\t\t<\/div>\n\t\t\t\t\t\t<\/div>\n\t\t\t\t<\/div>\n\t\t\t\t\t<\/div>\n\t\t<\/div>\n\t\t\t\t\t<\/div>\n\t\t<\/section>\n\t\t\t\t<section class=\"elementor-section elementor-top-section elementor-element elementor-element-28fa7b1 elementor-section-boxed elementor-section-height-default elementor-section-height-default\" data-id=\"28fa7b1\" data-element_type=\"section\" data-e-type=\"section\">\n\t\t\t\t\t\t<div class=\"elementor-container elementor-column-gap-default\">\n\t\t\t\t\t<div class=\"elementor-column elementor-col-100 elementor-top-column elementor-element elementor-element-3d2bc61\" data-id=\"3d2bc61\" data-element_type=\"column\" data-e-type=\"column\">\n\t\t\t<div class=\"elementor-widget-wrap elementor-element-populated\">\n\t\t\t\t\t\t<div class=\"elementor-element elementor-element-f094169 elementor-widget elementor-widget-heading\" data-id=\"f094169\" data-element_type=\"widget\" data-e-type=\"widget\" data-widget_type=\"heading.default\">\n\t\t\t\t<div class=\"elementor-widget-container\">\n\t\t\t\t\t<h2 class=\"elementor-heading-title elementor-size-default\">About Bohemian Feathers Jewelry<\/h2>\t\t\t\t<\/div>\n\t\t\t\t<\/div>\n\t\t\t\t<div class=\"elementor-element elementor-element-ec96120 elementor-widget elementor-widget-spacer\" data-id=\"ec96120\" data-element_type=\"widget\" data-e-type=\"widget\" data-widget_type=\"spacer.default\">\n\t\t\t\t<div class=\"elementor-widget-container\">\n\t\t\t\t\t\t\t<div class=\"elementor-spacer\">\n\t\t\t<div class=\"elementor-spacer-inner\"><\/div>\n\t\t<\/div>\n\t\t\t\t\t\t<\/div>\n\t\t\t\t<\/div>\n\t\t\t\t\t<\/div>\n\t\t<\/div>\n\t\t\t\t\t<\/div>\n\t\t<\/section>\n\t\t\t\t<section class=\"elementor-section elementor-top-section elementor-element elementor-element-f5743b6 elementor-section-boxed elementor-section-height-default elementor-section-height-default\" data-id=\"f5743b6\" data-element_type=\"section\" data-e-type=\"section\">\n\t\t\t\t\t\t<div class=\"elementor-container elementor-column-gap-default\">\n\t\t\t\t\t<div class=\"elementor-column elementor-col-33 elementor-top-column elementor-element elementor-element-30942ac\" data-id=\"30942ac\" data-element_type=\"column\" data-e-type=\"column\">\n\t\t\t<div class=\"elementor-widget-wrap elementor-element-populated\">\n\t\t\t\t\t\t<div class=\"elementor-element elementor-element-0363bee elementor-widget elementor-widget-image\" data-id=\"0363bee\" data-element_type=\"widget\" data-e-type=\"widget\" data-widget_type=\"image.default\">\n\t\t\t\t<div class=\"elementor-widget-container\">\n\t\t\t\t\t\t\t\t\t\t\t\t\t\t\t<img fetchpriority=\"high\" decoding=\"async\" width=\"683\" height=\"1024\" src=\"https:\/\/i0.wp.com\/bohemian-feathers-jewelry.fr\/wp-content\/uploads\/2021\/05\/IMG_9414.jpg?fit=683%2C1024&amp;ssl=1\" class=\"attachment-large size-large wp-image-4921\" alt=\"\" srcset=\"https:\/\/i0.wp.com\/bohemian-feathers-jewelry.fr\/wp-content\/uploads\/2021\/05\/IMG_9414.jpg?w=1500&amp;ssl=1 1500w, https:\/\/i0.wp.com\/bohemian-feathers-jewelry.fr\/wp-content\/uploads\/2021\/05\/IMG_9414.jpg?resize=200%2C300&amp;ssl=1 200w, https:\/\/i0.wp.com\/bohemian-feathers-jewelry.fr\/wp-content\/uploads\/2021\/05\/IMG_9414.jpg?resize=683%2C1024&amp;ssl=1 683w, https:\/\/i0.wp.com\/bohemian-feathers-jewelry.fr\/wp-content\/uploads\/2021\/05\/IMG_9414.jpg?resize=768%2C1152&amp;ssl=1 768w, https:\/\/i0.wp.com\/bohemian-feathers-jewelry.fr\/wp-content\/uploads\/2021\/05\/IMG_9414.jpg?resize=1024%2C1536&amp;ssl=1 1024w, https:\/\/i0.wp.com\/bohemian-feathers-jewelry.fr\/wp-content\/uploads\/2021\/05\/IMG_9414.jpg?resize=1365%2C2048&amp;ssl=1 1365w, https:\/\/i0.wp.com\/bohemian-feathers-jewelry.fr\/wp-content\/uploads\/2021\/05\/IMG_9414.jpg?resize=8%2C12&amp;ssl=1 8w, https:\/\/i0.wp.com\/bohemian-feathers-jewelry.fr\/wp-content\/uploads\/2021\/05\/IMG_9414.jpg?resize=600%2C900&amp;ssl=1 600w\" sizes=\"(max-width: 683px) 100vw, 683px\" \/>\t\t\t\t\t\t\t\t\t\t\t\t\t\t\t<\/div>\n\t\t\t\t<\/div>\n\t\t\t\t\t<\/div>\n\t\t<\/div>\n\t\t\t\t<div class=\"elementor-column elementor-col-66 elementor-top-column elementor-element elementor-element-9e737ab\" data-id=\"9e737ab\" data-element_type=\"column\" data-e-type=\"column\">\n\t\t\t<div class=\"elementor-widget-wrap elementor-element-populated\">\n\t\t\t\t\t\t<section class=\"elementor-section elementor-inner-section elementor-element elementor-element-ccb942f elementor-section-boxed elementor-section-height-default elementor-section-height-default\" data-id=\"ccb942f\" data-element_type=\"section\" data-e-type=\"section\">\n\t\t\t\t\t\t<div class=\"elementor-container elementor-column-gap-default\">\n\t\t\t\t\t<div class=\"elementor-column elementor-col-50 elementor-inner-column elementor-element elementor-element-82e980e\" data-id=\"82e980e\" data-element_type=\"column\" data-e-type=\"column\">\n\t\t\t<div class=\"elementor-widget-wrap elementor-element-populated\">\n\t\t\t\t\t\t<div class=\"elementor-element elementor-element-bc3b180 elementor-widget elementor-widget-text-editor\" data-id=\"bc3b180\" data-element_type=\"widget\" data-e-type=\"widget\" data-widget_type=\"text-editor.default\">\n\t\t\t\t<div class=\"elementor-widget-container\">\n\t\t\t\t\t\t\t\t\t<h2><span style=\"white-space: pre-wrap;\">Hello!<\/span><\/h2><p><span style=\"white-space: pre-wrap;\">I'm Claire the designer behind Bohemian Feathers Jewelry. Although I come from a little village in Basse Normandie, I now live in Nantes after spending 10 years in Paris.<\/span><\/p><p><span style=\"white-space: pre-wrap;\"> En 2016 j&rsquo;ai commenc\u00e9 la cr\u00e9ation de bijoux \u00e0 cot\u00e9 de mon job de Directrice Artistique en agence de communication. <\/span><br style=\"white-space: pre-wrap;\" \/><span style=\"white-space: pre-wrap;\">And since my move to Nantes in January 2020 I am happy to have a full-time job on my shop . <\/span><\/p><p><span style=\"white-space: pre-wrap;\">My creations are handmade with semi-precious stones, feathers and all kinds of natural materials. And since 2020'Summer I now create brass jewelry with metalsmithing techniques!<\/span><\/p><p><span style=\"white-space: pre-wrap;\">Depuis l&rsquo;\u00e9t\u00e9 2020 j&rsquo;ai d\u00e9velopp\u00e9 une nouvelle gamme de bijoux en laiton enti\u00e8rement r\u00e9alis\u00e9 \u00e0 la main en utilisant les techniques de bijouterie traditionnelle.<\/span><\/p>\t\t\t\t\t\t\t\t<\/div>\n\t\t\t\t<\/div>\n\t\t\t\t\t<\/div>\n\t\t<\/div>\n\t\t\t\t<div class=\"elementor-column elementor-col-50 elementor-inner-column elementor-element elementor-element-3c8ee1c\" data-id=\"3c8ee1c\" data-element_type=\"column\" data-e-type=\"column\">\n\t\t\t<div class=\"elementor-widget-wrap elementor-element-populated\">\n\t\t\t\t\t\t<div class=\"elementor-element elementor-element-7f0b708 elementor-widget elementor-widget-text-editor\" data-id=\"7f0b708\" data-element_type=\"widget\" data-e-type=\"widget\" data-widget_type=\"text-editor.default\">\n\t\t\t\t<div class=\"elementor-widget-container\">\n\t\t\t\t\t\t\t\t\t<h2><span style=\"white-space: pre-wrap;\">\u00a0<\/span><\/h2><p><span style=\"white-space: pre-wrap;\">La nature est mon inspiration. Et c&rsquo;en est une petite parcelle<\/span><span style=\"white-space: pre-wrap;\"> que j&rsquo;essaye d&rsquo;amener dans mes cr\u00e9ations, histoire de toujours en avoir un petit bout sur soi.<\/span><\/p><p><span style=\"white-space: pre-wrap;\">I hope you will enjoy my universe of bohemian, elven, mythological, pagan or wicca universes. <\/span><\/p><p><span style=\"white-space: pre-wrap;\">Thanks for your visit ;)<\/span><\/p>\t\t\t\t\t\t\t\t<\/div>\n\t\t\t\t<\/div>\n\t\t\t\t\t<\/div>\n\t\t<\/div>\n\t\t\t\t\t<\/div>\n\t\t<\/section>\n\t\t\t\t\t<\/div>\n\t\t<\/div>\n\t\t\t\t\t<\/div>\n\t\t<\/section>\n\t\t\t\t<section class=\"elementor-section elementor-top-section elementor-element elementor-element-f608db3 elementor-section-boxed elementor-section-height-default elementor-section-height-default\" data-id=\"f608db3\" data-element_type=\"section\" data-e-type=\"section\">\n\t\t\t\t\t\t<div class=\"elementor-container elementor-column-gap-default\">\n\t\t\t\t\t<div class=\"elementor-column elementor-col-100 elementor-top-column elementor-element elementor-element-d3631c5\" data-id=\"d3631c5\" data-element_type=\"column\" data-e-type=\"column\">\n\t\t\t<div class=\"elementor-widget-wrap elementor-element-populated\">\n\t\t\t\t\t\t<div class=\"elementor-element elementor-element-21cea40 elementor-widget elementor-widget-spacer\" data-id=\"21cea40\" data-element_type=\"widget\" data-e-type=\"widget\" data-widget_type=\"spacer.default\">\n\t\t\t\t<div class=\"elementor-widget-container\">\n\t\t\t\t\t\t\t<div class=\"elementor-spacer\">\n\t\t\t<div class=\"elementor-spacer-inner\"><\/div>\n\t\t<\/div>\n\t\t\t\t\t\t<\/div>\n\t\t\t\t<\/div>\n\t\t\t\t\t<\/div>\n\t\t<\/div>\n\t\t\t\t\t<\/div>\n\t\t<\/section>\n\t\t\t\t<section class=\"elementor-section elementor-top-section elementor-element elementor-element-8e3f12e elementor-section-boxed elementor-section-height-default elementor-section-height-default\" data-id=\"8e3f12e\" data-element_type=\"section\" data-e-type=\"section\">\n\t\t\t\t\t\t<div class=\"elementor-container elementor-column-gap-default\">\n\t\t\t\t\t<div class=\"elementor-column elementor-col-25 elementor-top-column elementor-element elementor-element-a8affe7\" data-id=\"a8affe7\" data-element_type=\"column\" data-e-type=\"column\">\n\t\t\t<div class=\"elementor-widget-wrap elementor-element-populated\">\n\t\t\t\t\t\t<div class=\"elementor-element elementor-element-3d798cf elementor-position-top elementor-widget elementor-widget-image-box\" data-id=\"3d798cf\" data-element_type=\"widget\" data-e-type=\"widget\" data-widget_type=\"image-box.default\">\n\t\t\t\t<div class=\"elementor-widget-container\">\n\t\t\t\t\t<div class=\"elementor-image-box-wrapper\"><figure class=\"elementor-image-box-img\"><img decoding=\"async\" width=\"300\" height=\"300\" src=\"https:\/\/i0.wp.com\/bohemian-feathers-jewelry.fr\/wp-content\/uploads\/2022\/03\/portrait-irlande.png?fit=300%2C300&amp;ssl=1\" class=\"attachment-medium size-medium wp-image-7642\" alt=\"\" srcset=\"https:\/\/i0.wp.com\/bohemian-feathers-jewelry.fr\/wp-content\/uploads\/2022\/03\/portrait-irlande.png?w=1488&amp;ssl=1 1488w, https:\/\/i0.wp.com\/bohemian-feathers-jewelry.fr\/wp-content\/uploads\/2022\/03\/portrait-irlande.png?resize=300%2C300&amp;ssl=1 300w, https:\/\/i0.wp.com\/bohemian-feathers-jewelry.fr\/wp-content\/uploads\/2022\/03\/portrait-irlande.png?resize=1024%2C1024&amp;ssl=1 1024w, https:\/\/i0.wp.com\/bohemian-feathers-jewelry.fr\/wp-content\/uploads\/2022\/03\/portrait-irlande.png?resize=150%2C150&amp;ssl=1 150w, https:\/\/i0.wp.com\/bohemian-feathers-jewelry.fr\/wp-content\/uploads\/2022\/03\/portrait-irlande.png?resize=768%2C768&amp;ssl=1 768w, https:\/\/i0.wp.com\/bohemian-feathers-jewelry.fr\/wp-content\/uploads\/2022\/03\/portrait-irlande.png?resize=12%2C12&amp;ssl=1 12w, https:\/\/i0.wp.com\/bohemian-feathers-jewelry.fr\/wp-content\/uploads\/2022\/03\/portrait-irlande.png?resize=600%2C600&amp;ssl=1 600w, https:\/\/i0.wp.com\/bohemian-feathers-jewelry.fr\/wp-content\/uploads\/2022\/03\/portrait-irlande.png?resize=100%2C100&amp;ssl=1 100w\" sizes=\"(max-width: 300px) 100vw, 300px\" \/><\/figure><div class=\"elementor-image-box-content\"><h3 class=\"elementor-image-box-title\">Nature<\/h3><p class=\"elementor-image-box-description\">What I like most of all is to find myself in the middle of a large green expanse or in the shade of trees in the forest, hearing the sound of the river flowing through the rocks and the birds singing on my passage. When I create I like to tell myself that it makes me think of such and such a place that I have visited, or that such stone reminds me of the colors of a sunset or the color of water ... nature is all around us and hopefully in my designs.<\/p><\/div><\/div>\t\t\t\t<\/div>\n\t\t\t\t<\/div>\n\t\t\t\t\t<\/div>\n\t\t<\/div>\n\t\t\t\t<div class=\"elementor-column elementor-col-25 elementor-top-column elementor-element elementor-element-3535ee2\" data-id=\"3535ee2\" data-element_type=\"column\" data-e-type=\"column\">\n\t\t\t<div class=\"elementor-widget-wrap elementor-element-populated\">\n\t\t\t\t\t\t<div class=\"elementor-element elementor-element-4c25a96 elementor-position-top elementor-widget elementor-widget-image-box\" data-id=\"4c25a96\" data-element_type=\"widget\" data-e-type=\"widget\" data-widget_type=\"image-box.default\">\n\t\t\t\t<div class=\"elementor-widget-container\">\n\t\t\t\t\t<div class=\"elementor-image-box-wrapper\"><figure class=\"elementor-image-box-img\"><img decoding=\"async\" width=\"300\" height=\"300\" src=\"https:\/\/i0.wp.com\/bohemian-feathers-jewelry.fr\/wp-content\/uploads\/2022\/03\/plumes.jpg?fit=300%2C300&amp;ssl=1\" class=\"attachment-medium size-medium wp-image-7643\" alt=\"\" srcset=\"https:\/\/i0.wp.com\/bohemian-feathers-jewelry.fr\/wp-content\/uploads\/2022\/03\/plumes.jpg?w=1960&amp;ssl=1 1960w, https:\/\/i0.wp.com\/bohemian-feathers-jewelry.fr\/wp-content\/uploads\/2022\/03\/plumes.jpg?resize=300%2C300&amp;ssl=1 300w, https:\/\/i0.wp.com\/bohemian-feathers-jewelry.fr\/wp-content\/uploads\/2022\/03\/plumes.jpg?resize=1024%2C1024&amp;ssl=1 1024w, https:\/\/i0.wp.com\/bohemian-feathers-jewelry.fr\/wp-content\/uploads\/2022\/03\/plumes.jpg?resize=150%2C150&amp;ssl=1 150w, https:\/\/i0.wp.com\/bohemian-feathers-jewelry.fr\/wp-content\/uploads\/2022\/03\/plumes.jpg?resize=768%2C768&amp;ssl=1 768w, https:\/\/i0.wp.com\/bohemian-feathers-jewelry.fr\/wp-content\/uploads\/2022\/03\/plumes.jpg?resize=1536%2C1536&amp;ssl=1 1536w, https:\/\/i0.wp.com\/bohemian-feathers-jewelry.fr\/wp-content\/uploads\/2022\/03\/plumes.jpg?resize=12%2C12&amp;ssl=1 12w, https:\/\/i0.wp.com\/bohemian-feathers-jewelry.fr\/wp-content\/uploads\/2022\/03\/plumes.jpg?resize=600%2C600&amp;ssl=1 600w, https:\/\/i0.wp.com\/bohemian-feathers-jewelry.fr\/wp-content\/uploads\/2022\/03\/plumes.jpg?resize=100%2C100&amp;ssl=1 100w\" sizes=\"(max-width: 300px) 100vw, 300px\" \/><\/figure><div class=\"elementor-image-box-content\"><h3 class=\"elementor-image-box-title\">Feathers<\/h3><p class=\"elementor-image-box-description\">With each walk in nature, I can't help but pick up all the feathers I find on my way! They are most often put in a book or in my wallet, until I take them out and decide to use them for a creation.<\/p><\/div><\/div>\t\t\t\t<\/div>\n\t\t\t\t<\/div>\n\t\t\t\t\t<\/div>\n\t\t<\/div>\n\t\t\t\t<div class=\"elementor-column elementor-col-25 elementor-top-column elementor-element elementor-element-a2b62a7\" data-id=\"a2b62a7\" data-element_type=\"column\" data-e-type=\"column\">\n\t\t\t<div class=\"elementor-widget-wrap elementor-element-populated\">\n\t\t\t\t\t\t<div class=\"elementor-element elementor-element-15cdb40 elementor-position-top elementor-widget elementor-widget-image-box\" data-id=\"15cdb40\" data-element_type=\"widget\" data-e-type=\"widget\" data-widget_type=\"image-box.default\">\n\t\t\t\t<div class=\"elementor-widget-container\">\n\t\t\t\t\t<div class=\"elementor-image-box-wrapper\"><figure class=\"elementor-image-box-img\"><img loading=\"lazy\" decoding=\"async\" width=\"300\" height=\"300\" src=\"https:\/\/i0.wp.com\/bohemian-feathers-jewelry.fr\/wp-content\/uploads\/2022\/03\/loups.jpg?fit=300%2C300&amp;ssl=1\" class=\"attachment-medium size-medium wp-image-7644\" alt=\"\" srcset=\"https:\/\/i0.wp.com\/bohemian-feathers-jewelry.fr\/wp-content\/uploads\/2022\/03\/loups.jpg?w=1379&amp;ssl=1 1379w, https:\/\/i0.wp.com\/bohemian-feathers-jewelry.fr\/wp-content\/uploads\/2022\/03\/loups.jpg?resize=300%2C300&amp;ssl=1 300w, https:\/\/i0.wp.com\/bohemian-feathers-jewelry.fr\/wp-content\/uploads\/2022\/03\/loups.jpg?resize=1024%2C1024&amp;ssl=1 1024w, https:\/\/i0.wp.com\/bohemian-feathers-jewelry.fr\/wp-content\/uploads\/2022\/03\/loups.jpg?resize=150%2C150&amp;ssl=1 150w, https:\/\/i0.wp.com\/bohemian-feathers-jewelry.fr\/wp-content\/uploads\/2022\/03\/loups.jpg?resize=768%2C768&amp;ssl=1 768w, https:\/\/i0.wp.com\/bohemian-feathers-jewelry.fr\/wp-content\/uploads\/2022\/03\/loups.jpg?resize=12%2C12&amp;ssl=1 12w, https:\/\/i0.wp.com\/bohemian-feathers-jewelry.fr\/wp-content\/uploads\/2022\/03\/loups.jpg?resize=600%2C600&amp;ssl=1 600w, https:\/\/i0.wp.com\/bohemian-feathers-jewelry.fr\/wp-content\/uploads\/2022\/03\/loups.jpg?resize=100%2C100&amp;ssl=1 100w\" sizes=\"(max-width: 300px) 100vw, 300px\" \/><\/figure><div class=\"elementor-image-box-content\"><h3 class=\"elementor-image-box-title\">Gemstones<\/h3><p class=\"elementor-image-box-description\">Since 2016 I started to be interested in semi-precious stones. In addition to the beauty of the mineral itself, I am also interested in its virtues. You will find on each product sheet, in the description part, a paragraph concerning the stone using in the jewel.<\/p><\/div><\/div>\t\t\t\t<\/div>\n\t\t\t\t<\/div>\n\t\t\t\t\t<\/div>\n\t\t<\/div>\n\t\t\t\t<div class=\"elementor-column elementor-col-25 elementor-top-column elementor-element elementor-element-79c403d\" data-id=\"79c403d\" data-element_type=\"column\" data-e-type=\"column\">\n\t\t\t<div class=\"elementor-widget-wrap elementor-element-populated\">\n\t\t\t\t\t\t<div class=\"elementor-element elementor-element-20324eb elementor-position-top elementor-widget elementor-widget-image-box\" data-id=\"20324eb\" data-element_type=\"widget\" data-e-type=\"widget\" data-widget_type=\"image-box.default\">\n\t\t\t\t<div class=\"elementor-widget-container\">\n\t\t\t\t\t<div class=\"elementor-image-box-wrapper\"><figure class=\"elementor-image-box-img\"><img loading=\"lazy\" decoding=\"async\" width=\"300\" height=\"300\" src=\"https:\/\/i0.wp.com\/bohemian-feathers-jewelry.fr\/wp-content\/uploads\/2021\/05\/IMG_9543.jpg?fit=300%2C300&amp;ssl=1\" class=\"attachment-medium size-medium wp-image-4776\" alt=\"\" srcset=\"https:\/\/i0.wp.com\/bohemian-feathers-jewelry.fr\/wp-content\/uploads\/2021\/05\/IMG_9543.jpg?w=2000&amp;ssl=1 2000w, https:\/\/i0.wp.com\/bohemian-feathers-jewelry.fr\/wp-content\/uploads\/2021\/05\/IMG_9543.jpg?resize=300%2C300&amp;ssl=1 300w, https:\/\/i0.wp.com\/bohemian-feathers-jewelry.fr\/wp-content\/uploads\/2021\/05\/IMG_9543.jpg?resize=1024%2C1024&amp;ssl=1 1024w, https:\/\/i0.wp.com\/bohemian-feathers-jewelry.fr\/wp-content\/uploads\/2021\/05\/IMG_9543.jpg?resize=150%2C150&amp;ssl=1 150w, https:\/\/i0.wp.com\/bohemian-feathers-jewelry.fr\/wp-content\/uploads\/2021\/05\/IMG_9543.jpg?resize=768%2C768&amp;ssl=1 768w, https:\/\/i0.wp.com\/bohemian-feathers-jewelry.fr\/wp-content\/uploads\/2021\/05\/IMG_9543.jpg?resize=1536%2C1536&amp;ssl=1 1536w, https:\/\/i0.wp.com\/bohemian-feathers-jewelry.fr\/wp-content\/uploads\/2021\/05\/IMG_9543.jpg?resize=12%2C12&amp;ssl=1 12w, https:\/\/i0.wp.com\/bohemian-feathers-jewelry.fr\/wp-content\/uploads\/2021\/05\/IMG_9543.jpg?resize=600%2C600&amp;ssl=1 600w, https:\/\/i0.wp.com\/bohemian-feathers-jewelry.fr\/wp-content\/uploads\/2021\/05\/IMG_9543.jpg?resize=100%2C100&amp;ssl=1 100w\" sizes=\"(max-width: 300px) 100vw, 300px\" \/><\/figure><div class=\"elementor-image-box-content\"><h3 class=\"elementor-image-box-title\">Handmade<\/h3><p class=\"elementor-image-box-description\">\u00c0 l'heure o\u00f9 la surconsommation et la production de masse commencent \u00e0 \u00eatre mis de cot\u00e9 par les clients, l'engouement autour de l'artisanat et du fait-main bat son plein. Il me plait de cr\u00e9er des produits uniques de part les mat\u00e9riaux que j'emploie, aucune pierre n'est semblable \u00e0 sa voisine mais aussi gr\u00e2ce aux techniques de bijouterie qui me permettent de cr\u00e9er un bijou de a \u00e0 z.<\/p><\/div><\/div>\t\t\t\t<\/div>\n\t\t\t\t<\/div>\n\t\t\t\t\t<\/div>\n\t\t<\/div>\n\t\t\t\t\t<\/div>\n\t\t<\/section>\n\t\t\t\t<section class=\"elementor-section elementor-top-section elementor-element elementor-element-32a7cb9 elementor-section-boxed elementor-section-height-default elementor-section-height-default\" data-id=\"32a7cb9\" data-element_type=\"section\" data-e-type=\"section\">\n\t\t\t\t\t\t<div class=\"elementor-container elementor-column-gap-default\">\n\t\t\t\t\t<div class=\"elementor-column elementor-col-100 elementor-top-column elementor-element elementor-element-e6b1087\" data-id=\"e6b1087\" data-element_type=\"column\" data-e-type=\"column\">\n\t\t\t<div class=\"elementor-widget-wrap elementor-element-populated\">\n\t\t\t\t\t\t<div class=\"elementor-element elementor-element-7b73055 elementor-widget elementor-widget-spacer\" data-id=\"7b73055\" data-element_type=\"widget\" data-e-type=\"widget\" data-widget_type=\"spacer.default\">\n\t\t\t\t<div class=\"elementor-widget-container\">\n\t\t\t\t\t\t\t<div class=\"elementor-spacer\">\n\t\t\t<div class=\"elementor-spacer-inner\"><\/div>\n\t\t<\/div>\n\t\t\t\t\t\t<\/div>\n\t\t\t\t<\/div>\n\t\t\t\t\t<\/div>\n\t\t<\/div>\n\t\t\t\t\t<\/div>\n\t\t<\/section>\n\t\t\t\t<\/div>","protected":false},"excerpt":{"rendered":"<p>a propos Bonjour ! Moi c&rsquo;est Claire la cr\u00e9atrice derri\u00e8re Bohemian Feathers Jewelry. Bien qu&rsquo;\u00e9tant d&rsquo;origine bas-normande, je vis maintenant \u00e0 Nantes apr\u00e8s avoir pass\u00e9 10 ans en r\u00e9gion parisienne. En 2016 j&rsquo;ai commenc\u00e9 la cr\u00e9ation de bijoux \u00e0 cot\u00e9 de mon job de Directrice Artistique en agence de communication. Et depuis mon d\u00e9m\u00e9nagement en&hellip;&nbsp;<a href=\"https:\/\/bohemian-feathers-jewelry.fr\/en\/3669a-about-us\/\" class=\"\" rel=\"bookmark\">Read More &raquo;<span class=\"screen-reader-text\">About BFJ<\/span><\/a><\/p>","protected":false},"author":1,"featured_media":0,"parent":0,"menu_order":0,"comment_status":"closed","ping_status":"closed","template":"page-templates\/template-pagebuilder-full-width.php","meta":{"_monsterinsights_skip_tracking":false,"_monsterinsights_sitenote_active":false,"_monsterinsights_sitenote_note":"","_monsterinsights_sitenote_category":0,"neve_meta_sidebar":"","neve_meta_container":"","neve_meta_enable_content_width":"off","neve_meta_content_width":0,"neve_meta_title_alignment":"","neve_meta_author_avatar":"","neve_post_elements_order":"","neve_meta_disable_header":"","neve_meta_disable_footer":"","neve_meta_disable_title":"","footnotes":""},"class_list":["post-266","page","type-page","status-publish","hentry"],"jetpack_sharing_enabled":true,"_links":{"self":[{"href":"https:\/\/bohemian-feathers-jewelry.fr\/en\/wp-json\/wp\/v2\/pages\/266","targetHints":{"allow":["GET"]}}],"collection":[{"href":"https:\/\/bohemian-feathers-jewelry.fr\/en\/wp-json\/wp\/v2\/pages"}],"about":[{"href":"https:\/\/bohemian-feathers-jewelry.fr\/en\/wp-json\/wp\/v2\/types\/page"}],"author":[{"embeddable":true,"href":"https:\/\/bohemian-feathers-jewelry.fr\/en\/wp-json\/wp\/v2\/users\/1"}],"replies":[{"embeddable":true,"href":"https:\/\/bohemian-feathers-jewelry.fr\/en\/wp-json\/wp\/v2\/comments?post=266"}],"version-history":[{"count":29,"href":"https:\/\/bohemian-feathers-jewelry.fr\/en\/wp-json\/wp\/v2\/pages\/266\/revisions"}],"predecessor-version":[{"id":7647,"href":"https:\/\/bohemian-feathers-jewelry.fr\/en\/wp-json\/wp\/v2\/pages\/266\/revisions\/7647"}],"wp:attachment":[{"href":"https:\/\/bohemian-feathers-jewelry.fr\/en\/wp-json\/wp\/v2\/media?parent=266"}],"curies":[{"name":"wp","href":"https:\/\/api.w.org\/{rel}","templated":true}]}}